{"id":25052,"date":"2021-04-06T11:45:54","date_gmt":"2021-04-06T08:45:54","guid":{"rendered":"https:\/\/www.corfutouristservices.gr\/about-corfu\/celebrations-in-corfu-copy\/"},"modified":"2021-04-13T14:50:01","modified_gmt":"2021-04-13T11:50:01","slug":"celebrations-in-corfu","status":"publish","type":"page","link":"https:\/\/www.corfutouristservices.gr\/hu\/about-corfu\/celebrations-in-corfu\/","title":{"rendered":"\u00dcNNEPEK"},"content":{"rendered":"<p>[vc_row full_width=&#8221;stretch_row&#8221; css=&#8221;.vc_custom_1477490719888{padding-top: 40px !important;padding-bottom: 60px !important;background-image: url(https:\/\/www.corfutouristservices.gr\/wp-content\/uploads\/2016\/10\/corfu-easter1-1.jpg?id=1854) !important;}&#8221; el_class=&#8221;corfu-easter&#8221;][vc_column width=&#8221;1\/2&#8243; css=&#8221;.vc_custom_1477491787175{margin-top: 47px !important;padding-top: 40px !important;padding-bottom: px !important;}&#8221;]<div class=\"slz-shortcode block-title-36994984169d5d08be7b4d corfu-easter\">\r\n<h3 class=\"title-style-2\">H\u00daSV\u00c9T KORFUN<\/h3><\/div>\r\n[vc_column_text css=&#8221;.vc_custom_1617699071806{margin-bottom: 15px !important;}&#8221;]<\/p>\n<p style=\"text-align: left;\">Sz\u00e9les k\u00f6rben ismert, hogy Korfu az egyik legjobb hely a h\u00fasv\u00e9ti \u00fcnnepek elt\u00f6lt\u00e9s\u00e9re. A szigetet sokan keresik fel ebben az id\u0151szakban, mivel rengeteg szok\u00e1st \u00e9s hagyom\u00e1nyt eleven\u00edt fel a sz\u00e1mos \u00fcnneps\u00e9g, amelyeket v\u00e9tek kihagyni.<\/p>\n<p style=\"text-align: left;\">Nagyh\u00e9t el\u0151tti vas\u00e1rnap (vir\u00e1gvas\u00e1rnap) 11 \u00f3rakor kezd\u0151dik Korfu v\u00e9delmez\u0151je, Szent Spyridon test\u00e9nek felvonul\u00e1sa, amelyben a korfui filharmonikusok valamennyi egy\u00fcttese r\u00e9szt vesz.<\/p>\n<p style=\"text-align: left;\">Szent Spyridon a v\u00e1ros \u0151rz\u0151jek\u00e9nt ismert (g\u00f6r\u00f6g\u00fcl Poliouhos), \u00e9s a vir\u00e1gvas\u00e1rnapot annak a csod\u00e1nak szentelik, amikor \u201eki\u0171zte\u201d a pestist a szigetr\u0151l. A felvonul\u00e1s ut\u00e1n a szigetlak\u00f3k \u00e9lvezettel fogyasztj\u00e1k el az eb\u00e9det, amely hagyom\u00e1nyosan valamilyen hal, mint pl. a foltos t\u0151kehal fokhagym\u00e1s krumplip\u00fcr\u00e9vel.<\/p>\n<p>[\/vc_column_text][\/vc_column][vc_column width=&#8221;1\/2&#8243;][vc_single_image image=&#8221;1857&#8243; img_size=&#8221;large&#8221; alignment=&#8221;center&#8221; css_animation=&#8221;right-to-left&#8221; css=&#8221;.vc_custom_1477490546417{margin-bottom: 0px !important;}&#8221;][\/vc_column][\/vc_row][vc_row full_width=&#8221;stretch_row&#8221; css=&#8221;.vc_custom_1477406367519{padding-top: 40px !important;padding-bottom: 60px !important;}&#8221; el_class=&#8221;corfu-easter&#8221;][vc_column width=&#8221;1\/2&#8243; css=&#8221;.vc_custom_1463045486032{padding-top: 40px !important;padding-bottom: px !important;}&#8221;][vc_single_image image=&#8221;1855&#8243; img_size=&#8221;large&#8221; alignment=&#8221;center&#8221; css_animation=&#8221;left-to-right&#8221; css=&#8221;.vc_custom_1477490558251{margin-bottom: 0px !important;}&#8221;][\/vc_column][vc_column width=&#8221;1\/2&#8243; css=&#8221;.vc_custom_1477491800425{margin-top: 90px !important;}&#8221;]<div class=\"slz-shortcode block-title-108807454669d5d08be88e1 corfu-easter\">\r\n<h3 class=\"title-style-2\">A NAGYH\u00c9T HAGYOM\u00c1NYAI<\/h3><\/div>\r\n<div id=\"accordion-slzexploore_faq-158818576669d5d08be93c6\" class=\"slz-shortcode  wrapper-accordion panel-group \">\r\n\t\r\n\t<div class=\"panel\">\r\n\t\t<div class=\"panel-heading\">\r\n\t\t\t<h5 class=\"panel-title\">\r\n\t\t\t\t<a data-toggle=\"collapse\" href=\"#slzexploore_faq-158818576669d5d08be93c6-collapse-1\" aria-expanded=\"false\" class=\"accordion-toggle collapsed\">Nagyh\u00e9tf\u0151<\/a>\r\n\t\t\t<\/h5>\r\n\t\t<\/div>\r\n\t\t<div id=\"slzexploore_faq-158818576669d5d08be93c6-collapse-1\" aria-expanded=\"false\" class=\"panel-collapse collapse\" role=\"tabpanel\">\r\n\t\t\t<div class=\"panel-body\"><p>Nagyh\u00e9tf\u0151n Korfu valamennyi lakosa egyfajta bri\u00f3s, a \u201efogatsa\u201d k\u00e9sz\u00edt\u00e9s\u00e9vel foglalkozik. Sz\u00e1mos filharmonikus koncert dallama sz\u00f3l a leveg\u0151ben eg\u00e9sz nap \u00e9s este. <\/p>\n<\/div>\r\n\t\t<\/div>\r\n\t<\/div>\r\n\t\r\n\t<div class=\"panel\">\r\n\t\t<div class=\"panel-heading\">\r\n\t\t\t<h5 class=\"panel-title\">\r\n\t\t\t\t<a data-toggle=\"collapse\" href=\"#slzexploore_faq-158818576669d5d08be93c6-collapse-2\" aria-expanded=\"false\" class=\"accordion-toggle collapsed\">Nagykedd<\/a>\r\n\t\t\t<\/h5>\r\n\t\t<\/div>\r\n\t\t<div id=\"slzexploore_faq-158818576669d5d08be93c6-collapse-2\" aria-expanded=\"false\" class=\"panel-collapse collapse\" role=\"tabpanel\">\r\n\t\t\t<div class=\"panel-body\"><p>Nagykedd est\u00e9j\u00e9n a templomok a Kassiani biz\u00e1nci himnuszt zengik.<\/p>\n<\/div>\r\n\t\t<\/div>\r\n\t<\/div>\r\n\t\r\n\t<div class=\"panel\">\r\n\t\t<div class=\"panel-heading\">\r\n\t\t\t<h5 class=\"panel-title\">\r\n\t\t\t\t<a data-toggle=\"collapse\" href=\"#slzexploore_faq-158818576669d5d08be93c6-collapse-3\" aria-expanded=\"false\" class=\"accordion-toggle collapsed\">Nagyszerda<\/a>\r\n\t\t\t<\/h5>\r\n\t\t<\/div>\r\n\t\t<div id=\"slzexploore_faq-158818576669d5d08be93c6-collapse-3\" aria-expanded=\"false\" class=\"panel-collapse collapse\" role=\"tabpanel\">\r\n\t\t\t<div class=\"panel-body\"><p>Nagyszerd\u00e1n az emberek az szent keneten vesznek r\u00e9szt. <\/p>\n<\/div>\r\n\t\t<\/div>\r\n\t<\/div>\r\n\t\r\n\t<div class=\"panel\">\r\n\t\t<div class=\"panel-heading\">\r\n\t\t\t<h5 class=\"panel-title\">\r\n\t\t\t\t<a data-toggle=\"collapse\" href=\"#slzexploore_faq-158818576669d5d08be93c6-collapse-4\" aria-expanded=\"false\" class=\"accordion-toggle collapsed\">Nagycs\u00fct\u00f6rt\u00f6k<\/a>\r\n\t\t\t<\/h5>\r\n\t\t<\/div>\r\n\t\t<div id=\"slzexploore_faq-158818576669d5d08be93c6-collapse-4\" aria-expanded=\"false\" class=\"panel-collapse collapse\" role=\"tabpanel\">\r\n\t\t\t<div class=\"panel-body\"><p>Nagycs\u00fct\u00f6rt\u00f6k\u00f6n mindenki a h\u00fasv\u00e9t meg\u00fcnnepl\u00e9s\u00e9nek utols\u00f3 el\u0151k\u00e9sz\u00fcleteivel foglalatoskodik, \u00e9s a filharmonikus zenekarok pr\u00f3b\u00e1ira is sor ker\u00fcl. Ez a 12 evang\u00e9lium \u00e9s az utols\u00f3 vacsora napja is. Az emberek nagy tisztelettel \u00e9lik meg J\u00e9zus keresztrefesz\u00edt\u00e9s\u00e9nek dr\u00e1m\u00e1j\u00e1t.<\/p>\n<\/div>\r\n\t\t<\/div>\r\n\t<\/div>\r\n\t\r\n\t<div class=\"panel\">\r\n\t\t<div class=\"panel-heading\">\r\n\t\t\t<h5 class=\"panel-title\">\r\n\t\t\t\t<a data-toggle=\"collapse\" href=\"#slzexploore_faq-158818576669d5d08be93c6-collapse-5\" aria-expanded=\"false\" class=\"accordion-toggle collapsed\">Nagyp\u00e9ntek<\/a>\r\n\t\t\t<\/h5>\r\n\t\t<\/div>\r\n\t\t<div id=\"slzexploore_faq-158818576669d5d08be93c6-collapse-5\" aria-expanded=\"false\" class=\"panel-collapse collapse\" role=\"tabpanel\">\r\n\t\t\t<div class=\"panel-body\"><p>Nagyp\u00e9nteken a templomok zs\u00fafol\u00e1sig megtelnek Krisztus keresztr\u0151l val\u00f3 lesz\u00e1ll\u00e1s\u00e1nak \u00fcnneps\u00e9g\u00e9re, \u00e9s az emberek k\u00f6r\u00fclj\u00e1rj\u00e1k a feh\u00e9r leped\u0151n fekv\u0151 Krisztust. Kora d\u00e9lut\u00e1n k\u00f6rmenetekre ker\u00fcl sor a v\u00e1rosban \u00e9s a falvakban is. D\u00e9lut\u00e1n 2 \u00f3r\u00e1t\u00f3l eg\u00e9szen \u00e9jf\u00e9lig t\u00f6bb epit\u00e1fus j\u00e1r k\u00f6rbe, filharmonikus zenekarok, k\u00f3rusok, iskol\u00e1k, gyerekek, cserk\u00e9szek k\u00eds\u00e9ret\u00e9ben. A korfui sz\u00e9kesegyh\u00e1z utols\u00f3 felvonul\u00e1sa este 10 \u00f3rakor kezd\u0151dik, ez a legleny\u0171g\u00f6z\u0151bb az \u00f6sszes k\u00f6z\u00fcl. A Szent\u00edr\u00e1s, a Szent Paps\u00e1g \u00e9s a sziget hat\u00f3s\u00e1gainak jelenl\u00e9te egyfajta term\u00e9szetfeletti l\u00e9gk\u00f6rt k\u00f6lcs\u00f6n\u00f6z ennek a gy\u00e1szos \u00e9jszak\u00e1nak. A Korfui Filharmonikus T\u00e1rsas\u00e1g Albinoni Adagi\u00f3j\u00e1t, a \u201eMantzaros\u201d Filharmonikus T\u00e1rsas\u00e1g Verdi Marcia Funebre-j\u00e9t, a \u201eKapodistrias\u201d Filharmonikus Egyes\u00fclet pedig Mariani Elegia Funebre \u00e9s Chopin Marche Funebre c\u00edm\u0171 darabjait adja el\u0151.<\/p>\n<\/div>\r\n\t\t<\/div>\r\n\t<\/div>\r\n\t<\/div>[\/vc_column][\/vc_row][vc_row full_width=&#8221;stretch_row_content_no_spaces&#8221;][vc_column]<div class=\"slz-shortcode videos layout-2 padding-top banner-153767996769d5d08bec783 \"><div class=\"container\"><div class=\"row\"><div class=\"col-md-8 col-md-offset-2\"><div class=\"video-wrapper\"><h5 style=\"text-align: center\">Hagyom\u00e1nyok<\/h5>\n<h2 style=\"text-align: center\"><strong>Nagyszombat<\/strong><\/h2>\n<p style=\"text-align: center\">Nagyszombaton m\u00e1r a kora reggeli \u00f3r\u00e1kban, 6 \u00f3r\u00e1t\u00f3l a f\u00f6ldreng\u00e9s megeml\u00e9kez\u00e9se zajlik, amely a Xenoni Sz\u0171z M\u00e1ria templom szok\u00e1sa. 9 \u00f3rakor a Szent Spyridon templom felvonul\u00e1s\u00e1ra ker\u00fcl sor. Ezut\u00e1n pontosan 11-kor kezd\u0151dik a legkedveltebb hagyom\u00e1nyok bemutat\u00e1sa. Az emberek Korfuv\u00e1rosban, f\u0151leg a Listonban gy\u0171lnek \u00f6ssze, ahol fazekakat (botidokat) l\u0151nek ki az ablakokb\u00f3l \u00e9s az erk\u00e9lyekr\u0151l. \u00c9jszaka Korfuv\u00e1rosban, k\u00fcl\u00f6n\u00f6sen a Spianada t\u00e9r fels\u0151 r\u00e9sz\u00e9n gy\u00fclekeznek az emberek, kez\u00fckben gyerty\u00e1kkal v\u00e1rj\u00e1k Krisztus felt\u00e1mad\u00e1s\u00e1t. A szertart\u00e1s este 11-kor kezd\u0151dik \u00e9s \u00e9jf\u00e9lkor fejez\u0151dik be Krisztus felt\u00e1mad\u00e1s\u00e1val, amit t\u0171zij\u00e1t\u00e9kkal koron\u00e1znak meg, a filharmonikus zenekarok pedig vid\u00e1m dallamokat j\u00e1tszanak a felt\u00e1mad\u00e1s meg\u00fcnnepl\u00e9s\u00e9re<\/p>\n<div class=\"video-thumbnail\">\r\n\t\t\t\t\t<div class=\"video-bg\">\r\n\t\t\t\t\t\t<img src=\"https:\/\/www.corfutouristservices.gr\/wp-content\/uploads\/2016\/10\/banner-front.jpg\" alt=\"\" class=\"img-responsive\">\r\n\t\t\t\t\t<\/div>\r\n\t\t\t\t\t<div class=\"video-button-play\"><i class=\"icons fa fa-play\"><\/i><\/div>\r\n\t\t\t\t\t<div class=\"video-button-close\"><\/div>\r\n\t\t\t\t\t<iframe src=\"https:\/\/www.youtube.com\/embed\/a?rel=0\" allowfullscreen=\"allowfullscreen\" class=\"video-embed\"><\/iframe>\r\n\t\t\t\t\t<\/div><\/div><\/div><\/div><\/div><\/div>[\/vc_column][\/vc_row][vc_row full_width=&#8221;stretch_row&#8221; el_class=&#8221;slz-bg_parallax&#8221; css=&#8221;.vc_custom_1477486992278{padding-top: 100px !important;padding-bottom: 100px !important;}&#8221;][vc_column css=&#8221;.vc_custom_1463036613861{padding-top: 0px !important;}&#8221;]<div class=\"slz-shortcode block-title-49300113669d5d08bed29e \">\r\n<h3 class=\"title-style-2\">H\u00daSV\u00c9TVAS\u00c1RNAP<\/h3><\/div>\r\n[vc_column_text]<\/p>\n<p style=\"font-size: 20px;\"><b>H\u00fasv\u00e9tvas\u00e1rnap<\/b> kor\u00e1n reggelt\u0151l sz\u00e1mos felvonul\u00e1s zajlik Korfuv\u00e1rosban \u00e9s a k\u00fclv\u00e1rosokban is. Eb\u00e9dre hagyom\u00e1nyosan b\u00e1r\u00e1nyt fogyasztanak az emberek.<\/p>\n<p>[\/vc_column_text][\/vc_column][\/vc_row]<\/p>\n","protected":false},"excerpt":{"rendered":"<p>[vc_row full_width=&#8221;stretch_row&#8221; css=&#8221;.vc_custom_1477490719888{padding-top: 40px !important;padding-bottom: 60px !important;background-image: url(https:\/\/www.corfutouristservices.gr\/wp-content\/uploads\/2016\/10\/corfu-easter1-1.jpg?id=1854) !important;}&#8221; el_class=&#8221;corfu-easter&#8221;][vc_column width=&#8221;1\/2&#8243; css=&#8221;.vc_custom_1477491787175{margin-top: 47px !important;padding-top: 40px !important;padding-bottom: px !important;}&#8221;][vc_column_text css=&#8221;.vc_custom_1617699071806{margin-bottom: 15px !important;}&#8221;] Sz\u00e9les k\u00f6rben ismert, hogy Korfu az egyik legjobb hely a h\u00fasv\u00e9ti \u00fcnnepek elt\u00f6lt\u00e9s\u00e9re. A szigetet sokan keresik fel ebben az id\u0151szakban, mivel rengeteg szok\u00e1st \u00e9s hagyom\u00e1nyt eleven\u00edt fel a sz\u00e1mos \u00fcnneps\u00e9g, amelyeket v\u00e9tek kihagyni. [&hellip;]<\/p>\n","protected":false},"author":1,"featured_media":0,"parent":25033,"menu_order":0,"comment_status":"closed","ping_status":"closed","template":"","meta":[],"_links":{"self":[{"href":"https:\/\/www.corfutouristservices.gr\/hu\/wp-json\/wp\/v2\/pages\/25052\/"}],"collection":[{"href":"https:\/\/www.corfutouristservices.gr\/hu\/wp-json\/wp\/v2\/pages\/"}],"about":[{"href":"https:\/\/www.corfutouristservices.gr\/hu\/wp-json\/wp\/v2\/types\/page\/"}],"author":[{"embeddable":true,"href":"https:\/\/www.corfutouristservices.gr\/hu\/wp-json\/wp\/v2\/users\/1\/"}],"replies":[{"embeddable":true,"href":"https:\/\/www.corfutouristservices.gr\/hu\/wp-json\/wp\/v2\/comments\/?post=25052"}],"version-history":[{"count":7,"href":"https:\/\/www.corfutouristservices.gr\/hu\/wp-json\/wp\/v2\/pages\/25052\/revisions\/"}],"predecessor-version":[{"id":25753,"href":"https:\/\/www.corfutouristservices.gr\/hu\/wp-json\/wp\/v2\/pages\/25052\/revisions\/25753\/"}],"up":[{"embeddable":true,"href":"https:\/\/www.corfutouristservices.gr\/hu\/wp-json\/wp\/v2\/pages\/25033\/"}],"wp:attachment":[{"href":"https:\/\/www.corfutouristservices.gr\/hu\/wp-json\/wp\/v2\/media\/?parent=25052"}],"curies":[{"name":"wp","href":"https:\/\/api.w.org\/{rel}","templated":true}]}}