{"id":25067,"date":"2021-04-06T12:32:46","date_gmt":"2021-04-06T09:32:46","guid":{"rendered":"https:\/\/www.corfutouristservices.gr\/about-corfu\/corfu-cuisine-copy\/"},"modified":"2021-04-13T14:53:00","modified_gmt":"2021-04-13T11:53:00","slug":"corfu-cuisine","status":"publish","type":"page","link":"https:\/\/www.corfutouristservices.gr\/hu\/about-corfu\/corfu-cuisine\/","title":{"rendered":"A KORFUI KONYHA"},"content":{"rendered":"<p>[vc_row full_width=&#8221;stretch_row&#8221; css=&#8221;.vc_custom_1477499338913{padding-top: 40px !important;padding-bottom: 60px !important;}&#8221;][vc_column width=&#8221;1\/2&#8243; css=&#8221;.vc_custom_1463045486032{padding-top: 40px !important;padding-bottom: px !important;}&#8221;][vc_single_image image=&#8221;1893&#8243; img_size=&#8221;large&#8221; alignment=&#8221;center&#8221; css_animation=&#8221;left-to-right&#8221; css=&#8221;.vc_custom_1477498857577{margin-bottom: 0px !important;}&#8221;][\/vc_column][vc_column width=&#8221;1\/2&#8243; css=&#8221;.vc_custom_1477499150068{margin-top: 115px !important;padding-top: 20px !important;}&#8221;]<div class=\"slz-shortcode block-title-189714260269f0966189168 \">\r\n<h3 class=\"title-style-2\">THE CORFIOT CUISINE<\/h3><\/div>\r\n[vc_column_text css=&#8221;.vc_custom_1617701783663{margin-bottom: 15px !important;}&#8221;]A korfui konyha nem t\u00fal csip\u0151s, nem t\u00fal enyhe, az \u00e9telek egyetlen sz\u00f3val le\u00edrhat\u00f3k: \u201e\u00e9lvezetes\u201d. A sziget konyh\u00e1j\u00e1t f\u0151k\u00e9nt az \u00e9vsz\u00e1zados velencei befoly\u00e1s teszi k\u00fcl\u00f6nlegess\u00e9, t\u00f6m\u00e9rdek recept maradt h\u00e1tra, amely megv\u00e1ltoztatta a szigetlak\u00f3k \u00e9trendj\u00e9t \u00e9s be\u00e9p\u00fclt a hagyom\u00e1nyaikba. A k\u00f6vetkez\u0151kben a velenceiekt\u0151l \u00e1tvett 4 f\u0151\u00e9telr\u0151l olvashat\u00f3 inform\u00e1ci\u00f3.[\/vc_column_text][\/vc_column][\/vc_row][vc_row full_width=&#8221;stretch_row&#8221; el_class=&#8221;slz-bg_parallax&#8221; css=&#8221;.vc_custom_1477495315949{padding-top: 100px !important;padding-bottom: 100px !important;background-image: url(https:\/\/www.corfutouristservices.gr\/wp-content\/uploads\/2016\/10\/Panoramic-view-of-the-citylights-of-Corfu-Town.jpg?id=1881) !important;}&#8221;][vc_column css=&#8221;.vc_custom_1463036613861{padding-top: 0px !important;}&#8221;]<div class=\"slz-shortcode block-title-69384943669f096618940e \">\r\n<h3 class=\"title-style-2\">A 4 F\u0150\u00c9TEL<\/h3><\/div>\r\n[vc_row_inner][vc_column_inner width=&#8221;1\/2&#8243;]<div id=\"accordion-slzexploore_faq-72770092769f0966189ac2\" class=\"slz-shortcode  wrapper-accordion panel-group \">\r\n\t\r\n\t<div class=\"panel\">\r\n\t\t<div class=\"panel-heading\">\r\n\t\t\t<h5 class=\"panel-title\">\r\n\t\t\t\t<a data-toggle=\"collapse\" href=\"#slzexploore_faq-72770092769f0966189ac2-collapse-1\" aria-expanded=\"false\" class=\"accordion-toggle collapsed\">Pastitsada<\/a>\r\n\t\t\t<\/h5>\r\n\t\t<\/div>\r\n\t\t<div id=\"slzexploore_faq-72770092769f0966189ac2-collapse-1\" aria-expanded=\"false\" class=\"panel-collapse collapse\" role=\"tabpanel\">\r\n\t\t\t<div class=\"panel-body\"><p style=\"text-align: center;\"><img loading=\"lazy\" class=\"aligncenter wp-image-1891 size-full\" src=\"https:\/\/www.corfutouristservices.gr\/wp-content\/uploads\/2016\/10\/Z9-rszmbpvls.jpg\" alt=\"z9-rszmbpvls\" width=\"570\" height=\"433\" srcset=\"https:\/\/www.corfutouristservices.gr\/wp-content\/uploads\/2016\/10\/Z9-rszmbpvls.jpg 570w, https:\/\/www.corfutouristservices.gr\/wp-content\/uploads\/2016\/10\/Z9-rszmbpvls-300x228.jpg 300w\" sizes=\"(max-width: 570px) 100vw, 570px\" \/>A pastitsada, g\u00f6r\u00f6g\u00fcl kokkinisto, ami annyit tesz \u201ekiv\u00f6r\u00f6s\u00f6d\u00f6tt\u201d, mivel a pastitsada egyfajta t\u00e9szta h\u00fassal \u00e9s v\u00f6r\u00f6s sz\u00f3sszal. A h\u00fas \u00e1ltal\u00e1ban borj\u00fa, marha, esetleg kakas, \u00e1m a hozz\u00e1adott f\u0171szerek szolg\u00e1ltatj\u00e1k az igazi \u00e9lvezetet.<\/p>\n<\/div>\r\n\t\t<\/div>\r\n\t<\/div>\r\n\t\r\n\t<div class=\"panel\">\r\n\t\t<div class=\"panel-heading\">\r\n\t\t\t<h5 class=\"panel-title\">\r\n\t\t\t\t<a data-toggle=\"collapse\" href=\"#slzexploore_faq-72770092769f0966189ac2-collapse-2\" aria-expanded=\"false\" class=\"accordion-toggle collapsed\">Sofrito<\/a>\r\n\t\t\t<\/h5>\r\n\t\t<\/div>\r\n\t\t<div id=\"slzexploore_faq-72770092769f0966189ac2-collapse-2\" aria-expanded=\"false\" class=\"panel-collapse collapse\" role=\"tabpanel\">\r\n\t\t\t<div class=\"panel-body\"><p style=\"text-align: center;\"><img loading=\"lazy\" class=\"aligncenter wp-image-1890 size-full\" src=\"https:\/\/www.corfutouristservices.gr\/wp-content\/uploads\/2016\/10\/Sofrito-recipe-speciality-form-Corfu-island.jpg\" alt=\"sofrito-recipe-speciality-form-corfu-island\" width=\"570\" height=\"433\" srcset=\"https:\/\/www.corfutouristservices.gr\/wp-content\/uploads\/2016\/10\/Sofrito-recipe-speciality-form-Corfu-island.jpg 570w, https:\/\/www.corfutouristservices.gr\/wp-content\/uploads\/2016\/10\/Sofrito-recipe-speciality-form-Corfu-island-300x228.jpg 300w\" sizes=\"(max-width: 570px) 100vw, 570px\" \/>A sofrito feh\u00e9r sz\u00f3szban f\u0151tt borj\u00fah\u00fas fokhagym\u00e1val \u00e9s petrezselyemmel. Leggyakrabban rizzsel vagy krumplip\u00fcr\u00e9vel t\u00e1lalj\u00e1k.<\/p>\n<\/div>\r\n\t\t<\/div>\r\n\t<\/div>\r\n\t\r\n\t<div class=\"panel\">\r\n\t\t<div class=\"panel-heading\">\r\n\t\t\t<h5 class=\"panel-title\">\r\n\t\t\t\t<a data-toggle=\"collapse\" href=\"#slzexploore_faq-72770092769f0966189ac2-collapse-3\" aria-expanded=\"false\" class=\"accordion-toggle collapsed\">Bourdeto<\/a>\r\n\t\t\t<\/h5>\r\n\t\t<\/div>\r\n\t\t<div id=\"slzexploore_faq-72770092769f0966189ac2-collapse-3\" aria-expanded=\"false\" class=\"panel-collapse collapse\" role=\"tabpanel\">\r\n\t\t\t<div class=\"panel-body\"><p style=\"text-align: center;\"><img loading=\"lazy\" class=\"aligncenter wp-image-1889 size-full\" src=\"https:\/\/www.corfutouristservices.gr\/wp-content\/uploads\/2016\/10\/mpourdeto.jpg\" alt=\"mpourdeto\" width=\"570\" height=\"433\" srcset=\"https:\/\/www.corfutouristservices.gr\/wp-content\/uploads\/2016\/10\/mpourdeto.jpg 570w, https:\/\/www.corfutouristservices.gr\/wp-content\/uploads\/2016\/10\/mpourdeto-300x228.jpg 300w\" sizes=\"(max-width: 570px) 100vw, 570px\" \/>A bourdeto egy csak Korfun fellelhet\u0151 csip\u0151s hal\u00e9tel. Alapvet\u0151en egy skorpi\u00f3 hal cs\u00edp\u0151s paradicsomsz\u00f3szban f\u0151zve nagy mennyis\u00e9g\u0171 pirospaprik\u00e1val.<\/p>\n<\/div>\r\n\t\t<\/div>\r\n\t<\/div>\r\n\t\r\n\t<div class=\"panel\">\r\n\t\t<div class=\"panel-heading\">\r\n\t\t\t<h5 class=\"panel-title\">\r\n\t\t\t\t<a data-toggle=\"collapse\" href=\"#slzexploore_faq-72770092769f0966189ac2-collapse-4\" aria-expanded=\"false\" class=\"accordion-toggle collapsed\">Bianco<\/a>\r\n\t\t\t<\/h5>\r\n\t\t<\/div>\r\n\t\t<div id=\"slzexploore_faq-72770092769f0966189ac2-collapse-4\" aria-expanded=\"false\" class=\"panel-collapse collapse\" role=\"tabpanel\">\r\n\t\t\t<div class=\"panel-body\"><p style=\"text-align: center;\"><img loading=\"lazy\" class=\"aligncenter wp-image-1888 size-full\" src=\"https:\/\/www.corfutouristservices.gr\/wp-content\/uploads\/2016\/10\/23_psari-bianco460.jpg\" alt=\"23_psari-bianco460\" width=\"570\" height=\"433\" srcset=\"https:\/\/www.corfutouristservices.gr\/wp-content\/uploads\/2016\/10\/23_psari-bianco460.jpg 570w, https:\/\/www.corfutouristservices.gr\/wp-content\/uploads\/2016\/10\/23_psari-bianco460-300x228.jpg 300w\" sizes=\"(max-width: 570px) 100vw, 570px\" \/>A bianco egy fokhagym\u00e1s halp\u00f6rk\u00f6lt. Neve olaszul feh\u00e9ret jelent, melyet a paradicsomsz\u00f3sz hi\u00e1ny\u00e1ban feh\u00e9r sz\u00edn\u00e9r\u0151l kapott.<\/p>\n<\/div>\r\n\t\t<\/div>\r\n\t<\/div>\r\n\t<\/div>[\/vc_column_inner][vc_column_inner width=&#8221;1\/2&#8243;][\/vc_column_inner][\/vc_row_inner][\/vc_column][\/vc_row][vc_row full_width=&#8221;stretch_row&#8221; css=&#8221;.vc_custom_1477499352348{padding-top: 40px !important;padding-bottom: 60px !important;}&#8221;][vc_column width=&#8221;1\/2&#8243; css=&#8221;.vc_custom_1463045486032{padding-top: 40px !important;padding-bottom: px !important;}&#8221;][vc_single_image image=&#8221;1892&#8243; img_size=&#8221;large&#8221; alignment=&#8221;center&#8221; css_animation=&#8221;left-to-right&#8221; css=&#8221;.vc_custom_1477498765706{margin-bottom: 0px !important;}&#8221;][\/vc_column][vc_column width=&#8221;1\/2&#8243; css=&#8221;.vc_custom_1477499277161{margin-top: 115px !important;padding-top: 20px !important;}&#8221;]<div class=\"slz-shortcode block-title-128443419669f096618b88c \">\r\n<h3 class=\"title-style-2\">BRIT HAGYOM\u00c1NYOK<\/h3><\/div>\r\n[vc_column_text css=&#8221;.vc_custom_1617701960687{margin-bottom: 15px !important;}&#8221;]A britek korfui uralmuk alatt saj\u00e1t hagyom\u00e1nyaik nyomait is a szigeten hagyt\u00e1k. Ezek k\u00f6z\u00fcl egy a Tsitsibira, amely a val\u00f3s\u00e1gban egy gy\u00f6mb\u00e9rs\u00f6r citromb\u00f3l \u00e9s gy\u00f6mb\u00e9rb\u0151l k\u00e9sz\u00edtve. A gy\u00f6mb\u00e9rs\u00f6r trad\u00edci\u00f3it a britek a 19. sz\u00e1zadban hozt\u00e1k a szigetre.<\/p>\n<p>Egy m\u00e1sik brit \u00f6r\u00f6ks\u00e9g a kism\u00e9ret\u0171 kumquat pr\u00e9sel\u00e9se \u00e9deslik\u0151r-form\u00e1ba. Az\u00f3ta a helyiek a gy\u00fcm\u00f6lcs\u00f6t \u00e9des\u00edt\u0151szerk\u00e9nt is haszn\u00e1lj\u00e1k (glyko tou koutaliou).<br \/>\n[\/vc_column_text][\/vc_column][\/vc_row]<\/p>\n","protected":false},"excerpt":{"rendered":"<p>[vc_row full_width=&#8221;stretch_row&#8221; css=&#8221;.vc_custom_1477499338913{padding-top: 40px !important;padding-bottom: 60px !important;}&#8221;][vc_column width=&#8221;1\/2&#8243; css=&#8221;.vc_custom_1463045486032{padding-top: 40px !important;padding-bottom: px !important;}&#8221;][vc_single_image image=&#8221;1893&#8243; img_size=&#8221;large&#8221; alignment=&#8221;center&#8221; css_animation=&#8221;left-to-right&#8221; css=&#8221;.vc_custom_1477498857577{margin-bottom: 0px !important;}&#8221;][\/vc_column][vc_column width=&#8221;1\/2&#8243; css=&#8221;.vc_custom_1477499150068{margin-top: 115px !important;padding-top: 20px !important;}&#8221;][vc_column_text css=&#8221;.vc_custom_1617701783663{margin-bottom: 15px !important;}&#8221;]A korfui konyha nem t\u00fal csip\u0151s, nem t\u00fal enyhe, az \u00e9telek egyetlen sz\u00f3val le\u00edrhat\u00f3k: \u201e\u00e9lvezetes\u201d. A sziget konyh\u00e1j\u00e1t f\u0151k\u00e9nt az \u00e9vsz\u00e1zados velencei befoly\u00e1s teszi k\u00fcl\u00f6nlegess\u00e9, t\u00f6m\u00e9rdek recept [&hellip;]<\/p>\n","protected":false},"author":1,"featured_media":0,"parent":25033,"menu_order":0,"comment_status":"closed","ping_status":"closed","template":"","meta":[],"_links":{"self":[{"href":"https:\/\/www.corfutouristservices.gr\/hu\/wp-json\/wp\/v2\/pages\/25067\/"}],"collection":[{"href":"https:\/\/www.corfutouristservices.gr\/hu\/wp-json\/wp\/v2\/pages\/"}],"about":[{"href":"https:\/\/www.corfutouristservices.gr\/hu\/wp-json\/wp\/v2\/types\/page\/"}],"author":[{"embeddable":true,"href":"https:\/\/www.corfutouristservices.gr\/hu\/wp-json\/wp\/v2\/users\/1\/"}],"replies":[{"embeddable":true,"href":"https:\/\/www.corfutouristservices.gr\/hu\/wp-json\/wp\/v2\/comments\/?post=25067"}],"version-history":[{"count":5,"href":"https:\/\/www.corfutouristservices.gr\/hu\/wp-json\/wp\/v2\/pages\/25067\/revisions\/"}],"predecessor-version":[{"id":25754,"href":"https:\/\/www.corfutouristservices.gr\/hu\/wp-json\/wp\/v2\/pages\/25067\/revisions\/25754\/"}],"up":[{"embeddable":true,"href":"https:\/\/www.corfutouristservices.gr\/hu\/wp-json\/wp\/v2\/pages\/25033\/"}],"wp:attachment":[{"href":"https:\/\/www.corfutouristservices.gr\/hu\/wp-json\/wp\/v2\/media\/?parent=25067"}],"curies":[{"name":"wp","href":"https:\/\/api.w.org\/{rel}","templated":true}]}}