{"id":25077,"date":"2021-04-06T13:32:20","date_gmt":"2021-04-06T10:32:20","guid":{"rendered":"https:\/\/www.corfutouristservices.gr\/about-corfu\/museums-in-corfu-copy\/"},"modified":"2021-04-13T14:57:50","modified_gmt":"2021-04-13T11:57:50","slug":"museums-in-corfu","status":"publish","type":"page","link":"https:\/\/www.corfutouristservices.gr\/hu\/about-corfu\/museums-in-corfu\/","title":{"rendered":"KORFU M\u00daZEUMOK"},"content":{"rendered":"<p>[vc_row css=&#8221;.vc_custom_1477326404635{padding-top: 60px !important;padding-bottom: 80px !important;}&#8221;][vc_column width=&#8221;1\/2&#8243; css=&#8221;.vc_custom_1493028751144{padding-top: 55px !important;padding-bottom: px !important;}&#8221;]<div class=\"slz-shortcode block-title-65732761269fd231527600 \">\r\n<h3 class=\"title-style-2\">R\u00c9G\u00c9SZETI M\u00daZEUM, KORFU<\/h3><\/div>\r\n[vc_column_text css=&#8221;.vc_custom_1617705299208{margin-bottom: 15px !important;}&#8221;]A Garitsa-\u00f6b\u00f6l v\u00e9ge fel\u00e9 tal\u00e1lhat\u00f3 Korfui R\u00e9g\u00e9szeti M\u00fazeum 1962 \u00e9s 1965 k\u00f6z\u00f6tt \u00e9p\u00fclt, kellemes s\u00e9t\u00e1nyi t\u00e1vols\u00e1ga Korfu v\u00e1ros\u00e1t\u00f3l.<\/p>\n<p>A m\u00fazeum eredeti c\u00e9lja az Artemisz templom romjainak elhelyez\u00e9se volt, de v\u00e9g\u00fcl t\u00f6bb m\u00e1s fontos r\u00e9g\u00e9szeti lelet gy\u00f6ny\u00f6r\u0171 gy\u0171jtem\u00e9nye is helyet kapott itt.<br \/>\nEzek k\u00f6z\u00e9 tartozik G\u00f6r\u00f6gorsz\u00e1g legr\u00e9gebbi k\u0151 oromfala (Gorgon \u00e1br\u00e1zol\u00e1ssal) a korfui Artemis templomb\u00f3l, amelynek t\u00f6rt\u00e9nete Kr. e. 590-580 k\u00f6r\u00fcli id\u0151szakra ny\u00falik vissza, tov\u00e1bb\u00e1 Artemis \u00e9s sok m\u00e1s terrakotta szobrocska.<\/p>\n<p>A r\u00e9g\u00e9szeti m\u00fazeum felkeres\u00e9se elengedhetetlen azok sz\u00e1m\u00e1ra, akik egy kicsit el szeretn\u00e9nek m\u00e9ly\u00fclni a sziget megismer\u00e9s\u00e9ben, \u00e9s felfedezni annak sz\u00e9ps\u00e9g\u00e9t t\u00f6rt\u00e9nelm\u00e9n kereszt\u00fcl.<br \/>\n[\/vc_column_text][\/vc_column][vc_column width=&#8221;1\/2&#8243; css=&#8221;.vc_custom_1463045476538{padding-top: 20px !important;}&#8221;][vc_single_image image=&#8221;1743&#8243; img_size=&#8221;large&#8221; alignment=&#8221;center&#8221; css_animation=&#8221;right-to-left&#8221; css=&#8221;.vc_custom_1477325737474{margin-bottom: 0px !important;}&#8221;][\/vc_column][\/vc_row][vc_row full_width=&#8221;stretch_row&#8221; el_class=&#8221;slz-bg_parallax&#8221; css=&#8221;.vc_custom_1477327557259{padding-top: 100px !important;padding-bottom: 100px !important;background-image: url(https:\/\/www.corfutouristservices.gr\/wp-content\/uploads\/2016\/10\/achilleion-background.jpg?id=1744) !important;}&#8221;][vc_column css=&#8221;.vc_custom_1463036613861{padding-top: 0px !important;}&#8221;]<div class=\"slz-shortcode block-title-184004337069fd2315278b0 \">\r\n<h3 class=\"title-style-2\">ACHILLEION PALOTA, KORFU<\/h3><\/div>\r\n[vc_row_inner][vc_column_inner width=&#8221;2\/3&#8243;][vc_column_text]<span style=\"color: #ffffff;\">Sz\u00e1mos film, sorozat, s\u0151t gyerekeknek sz\u00f3l\u00f3 anim\u00e1ci\u00f3s sorozat is k\u00e9sz\u00fclt, amelyek elmes\u00e9lik Erzs\u00e9bet osztr\u00e1k cs\u00e1sz\u00e1rn\u00e9, m\u00e1s n\u00e9ven Sissy \u00e9lett\u00f6rt\u00e9net\u00e9t. A cs\u00e1sz\u00e1rn\u00e9 csod\u00e1l\u00f3inak a szigeten t\u00f6lt\u00f6tt ny\u00e1ri vak\u00e1ci\u00f3juk alatt egyed\u00fcl\u00e1ll\u00f3 lehet\u0151s\u00e9g ny\u00edlik megl\u00e1togatni a leny\u0171g\u00f6z\u0151 faeai Achilleion palot\u00e1t, amelyet a cs\u00e1sz\u00e1rn\u00e9 1890-ben \u00e9p\u00edttetett, \u00e9s ny\u00e1ri rezidenciak\u00e9nt haszn\u00e1lt.<br \/>\nA 200 000 n\u00e9gyzetm\u00e9teres birtokon fel\u00e9p\u00edtett palot\u00e1t a h\u00edres \u00e9p\u00edt\u00e9sz, Raffaele Caritto tervezte. Az Achilleion-palota k\u00f6zponti t\u00e9m\u00e1ja Achilles, k\u00f6zponti darabja pedig a haldokl\u00f3 isten n\u00e9pszer\u0171 szobra, amelyet Ernst Herter n\u00e9met szobr\u00e1sz k\u00e9sz\u00edtett. A birtok elhelyezked\u00e9s\u00e9n\u00e9l fogva exkluz\u00edv panor\u00e1m\u00e1t k\u00edn\u00e1l Korfu v\u00e1ros\u00e1ra \u00e9s a sziget d\u00e9lkeleti r\u00e9sz\u00e9re. Az Achilleion birtok gy\u00f6ny\u00f6r\u0171 kertjei m\u00e9g jobban kiemelik a palota leny\u0171g\u00f6z\u0151 sz\u00e9ps\u00e9g\u00e9t.<\/span><\/p>\n<p>[\/vc_column_text][\/vc_column_inner][vc_column_inner width=&#8221;1\/3&#8243;][\/vc_column_inner][\/vc_row_inner][\/vc_column][\/vc_row][vc_row full_width=&#8221;stretch_row&#8221; css=&#8221;.vc_custom_1477326864824{padding-top: 60px !important;padding-bottom: 90px !important;}&#8221;][vc_column width=&#8221;1\/2&#8243; css=&#8221;.vc_custom_1463045486032{padding-top: 40px !important;padding-bottom: px !important;}&#8221;][vc_single_image image=&#8221;1745&#8243; img_size=&#8221;large&#8221; alignment=&#8221;center&#8221; css_animation=&#8221;left-to-right&#8221; css=&#8221;.vc_custom_1477325849774{margin-bottom: 0px !important;}&#8221;][\/vc_column][vc_column width=&#8221;1\/2&#8243; css=&#8221;.vc_custom_1477326810426{margin-top: 85px !important;padding-top: 20px !important;}&#8221;]<div class=\"slz-shortcode block-title-92235910169fd231527aa1 titleSmaller\">\r\n<h3 class=\"title-style-2\">\u00c1ZSIAI M\u0170V\u00c9SZETI M\u00daZEUM, KORFU<\/h3><\/div>\r\n[vc_column_text css=&#8221;.vc_custom_1617705479766{margin-bottom: 15px !important;}&#8221;]Egyesek k\u00fcl\u00f6n\u00f6snek tal\u00e1lhatj\u00e1k, hogy Korfu sziget\u00e9n egy \u00e1zsiai m\u0171v\u00e9szeti m\u00fazeum is tal\u00e1lhat\u00f3, \u00e1m Gregorios Manos j\u00f3volt\u00e1b\u00f3l Korfu b\u00fcszke arra, hogy G\u00f6r\u00f6gorsz\u00e1gban egyed\u00fclik\u00e9nt \u00e1zsiai m\u0171v\u00e9szeti alkot\u00e1sokkal rendelkezik. Manos megk\u00f6zel\u00edt\u0151leg 9500 k\u00ednai, koreai \u00e9s jap\u00e1n m\u0171t\u00e1rgyat v\u00e1s\u00e1rolt b\u00e9csi aukci\u00f3kon, majd a g\u00f6r\u00f6g \u00e1llamnak adom\u00e1nyozta gy\u0171jtem\u00e9ny\u00e9t azzal a felt\u00e9tellel, hogy Korfun k\u00ednai-jap\u00e1n m\u0171v\u00e9szeti m\u00fazeum l\u00e9tes\u00fclj\u00f6n. M\u00e1sodik adom\u00e1nyk\u00e9nt indiai, pakiszt\u00e1ni, tibeti, szi\u00e1mi \u00e9s \u00e9szakkelet-\u00e1zsiai m\u0171t\u00e1rgyak \u00e9rkeztek N. Chatzivasileiou j\u00f3volt\u00e1b\u00f3l, a harmadik adom\u00e1nyt pedig Ch. Chiotakis aj\u00e1nlotta fel. Ma a gy\u0171jtem\u00e9ny csaknem 11 000 t\u00e1rgyat tartalmaz a jap\u00e1n k\u00e9pekt\u0151l a k\u00ednai porcel\u00e1nokon \u00e1t az indiai szobrokig. Az \u00c1zsiai M\u0171v\u00e9szeti M\u00fazeum a korfui Saint Michael (Szent Mih\u00e1ly) \u00e9s Saint Geroge (Szent Gy\u00f6rgy) palot\u00e1ban tal\u00e1lhat\u00f3.[\/vc_column_text][\/vc_column][\/vc_row][vc_row full_width=&#8221;stretch_row&#8221; css=&#8221;.vc_custom_1477326517657{padding-top: 60px !important;padding-bottom: 80px !important;background-color: #f2f2f2 !important;}&#8221;][vc_column width=&#8221;1\/2&#8243; css=&#8221;.vc_custom_1477327007797{margin-top: 70px !important;padding-top: 40px !important;padding-bottom: px !important;}&#8221;]<div class=\"slz-shortcode block-title-205318638269fd231527c83 titleSmaller\">\r\n<h3 class=\"title-style-2\">BIZ\u00c1NCI M\u0170V\u00c9SZETI M\u00daZEUM, KORFU<\/h3><\/div>\r\n[vc_column_text css=&#8221;.vc_custom_1617705517472{margin-bottom: 15px !important;}&#8221;]Ez a gy\u00f6ny\u00f6r\u0171 m\u00fazeum Korfuv\u00e1rosban, Kampiello ter\u00fclet\u00e9n tal\u00e1lhat\u00f3. Restaur\u00e1l\u00e1s\u00e1nak c\u00e9lja az \u00e9p\u00fclet templomk\u00e9nt val\u00f3 megjelen\u00e9s\u00e9nek vissza\u00e1ll\u00edt\u00e1sa volt. A m\u00fazeum gy\u0171jtem\u00e9nye a sziget kr\u00e9tai \u00e9s heptan\u00e9ziai iskol\u00e1inak sz\u00e1mos t\u00e1rgy\u00e1t \u00e9s darabj\u00e1t tartalmazza a 15. \u00e9s a 19. sz\u00e1zad k\u00f6z\u00f6tti korszakokb\u00f3l. Olyan m\u0171v\u00e9szek alkot\u00e1sai l\u00e1that\u00f3k itt, mint Michael Damaskinos, Emmanuel Lambardos, Nicholas Tzafouris \u00e9s Emmanuel Tzanes.[\/vc_column_text][\/vc_column][vc_column width=&#8221;1\/2&#8243; css=&#8221;.vc_custom_1463045476538{padding-top: 20px !important;}&#8221;][vc_single_image image=&#8221;1746&#8243; img_size=&#8221;large&#8221; alignment=&#8221;center&#8221; css_animation=&#8221;right-to-left&#8221; css=&#8221;.vc_custom_1477326113878{margin-bottom: 0px !important;}&#8221;][\/vc_column][\/vc_row][vc_row full_width=&#8221;stretch_row_content_no_spaces&#8221; css=&#8221;.vc_custom_1477326935139{padding-bottom: 0px !important;}&#8221;][vc_column]<div class=\"slz-shortcode videos layout-2 padding-top banner-69769824069fd231527e63 \"><div class=\"container\"><div class=\"row\"><div class=\"col-md-8 col-md-offset-2\"><div class=\"video-wrapper\"><h2 style=\"text-align: center\">CASA PARLANTE, CORFU<\/h2>\n<p style=\"text-align: center\">Gondolkozt\u00e1l m\u00e1r azon, hogy milyen volt Korfun \u00e9lni a 19. sz\u00e1zadban? K\u00edv\u00e1ncsi vagy a korfui \u00e9letm\u00f3dra, a ruh\u00e1kra, az illatokra \u00e9s az emberekre? Akkor a Casa Parlant\u00e9t mindenk\u00e9ppen meg kell l\u00e1togatnod! A Casa Parlante egy rekonstru\u00e1lt klasszikus kast\u00e9ly Korfu sz\u00edv\u00e9ben. Tan\u00faja lehetsz egy csal\u00e1d mindennapjainak robottechnol\u00f3gi\u00e1t alkalmaz\u00f3 anim\u00e1ci\u00f3s figur\u00e1k seg\u00edts\u00e9g\u00e9vel az adott korszaknak megfelel\u0151 dekor\u00e1ci\u00f3k \u00e9s berendez\u00e9si t\u00e1rgyak k\u00f6z\u00f6tt. \u00c9ld \u00e1t a velenceiek, a francia \u00e9s a brit h\u00f3d\u00edt\u00f3k kultur\u00e1lis hat\u00e1sait \u00e9s a 19. sz\u00e1zad szellemi vir\u00e1gz\u00e1s\u00e1t. K\u00e9sz\u00fclj fel arra, hogy visszaford\u00edtva az id\u0151t elmer\u00fclj a m\u00faltban, hogy felfedezhesd a sziget arisztokr\u00e1ci\u00e1j\u00e1nak kultur\u00e1lis gazdags\u00e1g\u00e1t.<\/p>\n<div class=\"video-thumbnail\">\r\n\t\t\t\t\t<div class=\"video-bg\">\r\n\t\t\t\t\t\t<img src=\"https:\/\/www.corfutouristservices.gr\/wp-content\/uploads\/2016\/10\/casa-parlante-museum-corfu-tourist-services.jpg\" alt=\"\" class=\"img-responsive\">\r\n\t\t\t\t\t<\/div>\r\n\t\t\t\t\t<div class=\"video-button-play\"><i class=\"icons fa fa-play\"><\/i><\/div>\r\n\t\t\t\t\t<div class=\"video-button-close\"><\/div>\r\n\t\t\t\t\t<iframe src=\"https:\/\/www.youtube.com\/embed\/1?rel=0\" allowfullscreen=\"allowfullscreen\" class=\"video-embed\"><\/iframe>\r\n\t\t\t\t\t<\/div><\/div><\/div><\/div><\/div><\/div>[\/vc_column][\/vc_row][vc_row css=&#8221;.vc_custom_1477326560876{padding-top: 60px !important;padding-bottom: 80px !important;}&#8221;][vc_column width=&#8221;1\/2&#8243; css=&#8221;.vc_custom_1463045486032{padding-top: 40px !important;padding-bottom: px !important;}&#8221;][vc_single_image image=&#8221;1749&#8243; img_size=&#8221;large&#8221; alignment=&#8221;center&#8221; css_animation=&#8221;left-to-right&#8221; css=&#8221;.vc_custom_1477326217115{margin-bottom: 0px !important;}&#8221;][\/vc_column][vc_column width=&#8221;1\/2&#8243; css=&#8221;.vc_custom_1477327184973{margin-top: 110px !important;padding-top: 20px !important;}&#8221;]<div class=\"slz-shortcode block-title-142121244569fd2315284f3 \">\r\n<h3 class=\"title-style-2\">SOLOMOS M\u00daZEUM, KORFU<\/h3><\/div>\r\n[vc_column_text css=&#8221;.vc_custom_1617705633851{margin-bottom: 15px !important;}&#8221;]Dionysios Solomos G\u00f6r\u00f6gorsz\u00e1g nemzeti k\u00f6lt\u0151je, legh\u00edresebb m\u0171ve a Himnusz a szabads\u00e1ghoz, az orsz\u00e1g nemzeti himnusza. B\u00e1r Zakynthoson sz\u00fcletett 1798-ban, \u00e9lete legnagyobb r\u00e9sz\u00e9t Korfun t\u00f6lt\u00f6tte. A szigeten l\u00e9v\u0151 h\u00e1za a m\u00e1sodik vil\u00e1gh\u00e1bor\u00fa alatti bomb\u00e1z\u00e1sok k\u00f6vetkezt\u00e9ben megsemmis\u00fclt, de k\u00e9s\u0151bb helyre\u00e1ll\u00edtott\u00e1k, \u00e9s ma m\u00fazeumk\u00e9nt m\u0171k\u00f6dik. F\u00e9nyk\u00e9pgy\u0171jtem\u00e9nyt, k\u00fcl\u00f6nf\u00e9le fontos k\u00f6nyveket tartalmaz, emellett portr\u00e9k sorozata, a k\u00f6lt\u0151 meg\u0151rz\u00f6tt \u00edr\u00f3asztala, valamint egy kis autogram is tal\u00e1lhat\u00f3 itt. A m\u00fazeum Korfuv\u00e1rosban tal\u00e1lhat\u00f3.[\/vc_column_text][\/vc_column][\/vc_row][vc_row full_width=&#8221;stretch_row&#8221; css=&#8221;.vc_custom_1477326582570{padding-top: 60px !important;padding-bottom: 80px !important;background-color: #f2f2f2 !important;}&#8221;][vc_column width=&#8221;1\/2&#8243; css=&#8221;.vc_custom_1477327255083{margin-top: 68px !important;padding-top: 40px !important;padding-bottom: px !important;}&#8221;]<div class=\"slz-shortcode block-title-34024885169fd2315286e6 \">\r\n<h3 class=\"title-style-2\">SZERB M\u00daZEUM, KORFU<\/h3><\/div>\r\n[vc_column_text css=&#8221;.vc_custom_1617705669191{margin-bottom: 15px !important;}&#8221;]A korfuv\u00e1rosi V\u00e1rosh\u00e1za k\u00f6zel\u00e9ben tal\u00e1lhat\u00f3 a Szerb M\u00fazeum. Ez a m\u00fazeum a szerb katon\u00e1k szomor\u00fa sors\u00e1t eleven\u00edti fel az els\u0151 vil\u00e1gh\u00e1bor\u00fa idej\u00e9b\u0151l, akik Szerbi\u00e1b\u00f3l megsz\u00f6kve Korfu sziget\u00e9n tal\u00e1ltak mened\u00e9ket az 1915-\u00f6s osztr\u00e1k-magyar t\u00e1mad\u00e1s ut\u00e1n.<br \/>\nEz az int\u00e9zm\u00e9ny a 3 \u00e9vig Korfun tart\u00f3zkod\u00f3 szerbeknek \u00e1ll\u00edt eml\u00e9ket sz\u00e1mos ki\u00e1ll\u00edt\u00e1son kereszt\u00fcl, bemutatva az adott korszak f\u00e9nyk\u00e9peit, egyenruh\u00e1it, z\u00e1szl\u00f3it \u00e9s a Szerb Kir\u00e1lys\u00e1g vall\u00e1si t\u00e1rgyait.<br \/>\n[\/vc_column_text][\/vc_column][vc_column width=&#8221;1\/2&#8243; css=&#8221;.vc_custom_1463045476538{padding-top: 20px !important;}&#8221;][vc_single_image image=&#8221;1750&#8243; img_size=&#8221;large&#8221; alignment=&#8221;center&#8221; css_animation=&#8221;right-to-left&#8221; css=&#8221;.vc_custom_1477326257101{margin-bottom: 0px !important;}&#8221;][\/vc_column][\/vc_row]<\/p>\n","protected":false},"excerpt":{"rendered":"<p>[vc_row css=&#8221;.vc_custom_1477326404635{padding-top: 60px !important;padding-bottom: 80px !important;}&#8221;][vc_column width=&#8221;1\/2&#8243; css=&#8221;.vc_custom_1493028751144{padding-top: 55px !important;padding-bottom: px !important;}&#8221;][vc_column_text css=&#8221;.vc_custom_1617705299208{margin-bottom: 15px !important;}&#8221;]A Garitsa-\u00f6b\u00f6l v\u00e9ge fel\u00e9 tal\u00e1lhat\u00f3 Korfui R\u00e9g\u00e9szeti M\u00fazeum 1962 \u00e9s 1965 k\u00f6z\u00f6tt \u00e9p\u00fclt, kellemes s\u00e9t\u00e1nyi t\u00e1vols\u00e1ga Korfu v\u00e1ros\u00e1t\u00f3l. A m\u00fazeum eredeti c\u00e9lja az Artemisz templom romjainak elhelyez\u00e9se volt, de v\u00e9g\u00fcl t\u00f6bb m\u00e1s fontos r\u00e9g\u00e9szeti lelet gy\u00f6ny\u00f6r\u0171 gy\u0171jtem\u00e9nye is helyet kapott itt. [&hellip;]<\/p>\n","protected":false},"author":1,"featured_media":0,"parent":25033,"menu_order":0,"comment_status":"closed","ping_status":"closed","template":"","meta":[],"_links":{"self":[{"href":"https:\/\/www.corfutouristservices.gr\/hu\/wp-json\/wp\/v2\/pages\/25077\/"}],"collection":[{"href":"https:\/\/www.corfutouristservices.gr\/hu\/wp-json\/wp\/v2\/pages\/"}],"about":[{"href":"https:\/\/www.corfutouristservices.gr\/hu\/wp-json\/wp\/v2\/types\/page\/"}],"author":[{"embeddable":true,"href":"https:\/\/www.corfutouristservices.gr\/hu\/wp-json\/wp\/v2\/users\/1\/"}],"replies":[{"embeddable":true,"href":"https:\/\/www.corfutouristservices.gr\/hu\/wp-json\/wp\/v2\/comments\/?post=25077"}],"version-history":[{"count":4,"href":"https:\/\/www.corfutouristservices.gr\/hu\/wp-json\/wp\/v2\/pages\/25077\/revisions\/"}],"predecessor-version":[{"id":25078,"href":"https:\/\/www.corfutouristservices.gr\/hu\/wp-json\/wp\/v2\/pages\/25077\/revisions\/25078\/"}],"up":[{"embeddable":true,"href":"https:\/\/www.corfutouristservices.gr\/hu\/wp-json\/wp\/v2\/pages\/25033\/"}],"wp:attachment":[{"href":"https:\/\/www.corfutouristservices.gr\/hu\/wp-json\/wp\/v2\/media\/?parent=25077"}],"curies":[{"name":"wp","href":"https:\/\/api.w.org\/{rel}","templated":true}]}}