{"id":25111,"date":"2021-04-06T14:31:12","date_gmt":"2021-04-06T11:31:12","guid":{"rendered":"https:\/\/www.corfutouristservices.gr\/about-corfu-tourist-services-copy\/"},"modified":"2021-04-11T12:32:15","modified_gmt":"2021-04-11T09:32:15","slug":"about-corfu-tourist-services","status":"publish","type":"page","link":"https:\/\/www.corfutouristservices.gr\/hu\/about-corfu-tourist-services\/","title":{"rendered":"About CTS"},"content":{"rendered":"<p>[vc_row full_width=&#8221;stretch_row&#8221; css=&#8221;.vc_custom_1476793097037{padding-top: 60px !important;padding-bottom: 80px !important;}&#8221;][vc_column width=&#8221;1\/2&#8243; css=&#8221;.vc_custom_1478610169313{margin-top: 15px !important;padding-top: 20px !important;padding-bottom: px !important;}&#8221;][vc_single_image image=&#8221;24105&#8243; img_size=&#8221;large&#8221; css_animation=&#8221;left-to-right&#8221; css=&#8221;.vc_custom_1613488719794{margin-bottom: 0px !important;}&#8221;][\/vc_column][vc_column width=&#8221;1\/2&#8243; css=&#8221;.vc_custom_1476462371480{padding-top: 40px !important;}&#8221;]<div class=\"slz-shortcode block-title-70686717069f16ad4e43ca \">\r\n\r\n\t<div class=\"group-title\">\r\n\t\t<div class=\"sub-title\">\r\n\t\t<\/div><h2 class=\"main-title\">Corfu Tourist Services<\/h2>\r\n\t<\/div><\/div>\r\n[vc_column_text css=&#8221;.vc_custom_1617708883254{margin-bottom: 15px !important;}&#8221;]A Corfu Tourist Services utaz\u00e1sszervez\u0151 v\u00e1llalkoz\u00e1s f\u0151 c\u00e9lja, hogy min\u0151s\u00e9gi utaz\u00e1si szolg\u00e1ltat\u00e1sokat ny\u00fajtson \u00fcgyfeleinek. Az 1961-es alap\u00edt\u00e1st\u00f3l eltelt id\u0151szak alatt a C.T.S. m\u00e1ra Korfu egyik vezet\u0151 utaz\u00e1si irod\u00e1j\u00e1v\u00e1 n\u0151tte ki mag\u00e1t, melyet a g\u00f6r\u00f6g turisztikai ipar\u00e1g egyik \u00fatt\u00f6r\u0151 v\u00e1llalkoz\u00e1sak\u00e9nt tartanak sz\u00e1mon.<\/p>\n<p>T\u00f6bb mint 55 \u00e9v tapasztalat\u00e1val a h\u00e1tunk m\u00f6g\u00f6tt \u00e1ll\u00edthatjuk, hogy k\u00e9pesek voltunk az \u00f6sszes utunkba ker\u00fcl\u0151 akad\u00e1lyt lek\u00fczdeni, ami igazolja, hogy munk\u00e1nkat szenved\u00e9llyel \u00e9s elk\u00f6telezetts\u00e9ggel v\u00e9gezz\u00fck.<br \/>\nInnovat\u00edv gondolkod\u00e1sunk, munkamor\u00e1lunk \u00e9s a kem\u00e9ny munka tekintet\u00e9ben a profizmusra f\u00f3kusz\u00e1lva megtal\u00e1ltuk a siker receptj\u00e9t. A receptet, amely imm\u00e1r a harmadik gener\u00e1ci\u00f3 kez\u00e9be ker\u00fclt.<\/p>\n<p>A Corfu Tourist Services irod\u00e1ja Kanoni k\u00fclv\u00e1ros\u00e1ban tal\u00e1lhat\u00f3, Korfu sziget\u00e9nek egyik f\u0151 turistal\u00e1tv\u00e1nyoss\u00e1g\u00e1nak k\u00f6zvetlen k\u00f6zel\u00e9ben, mind\u00f6ssze 10 percnyire Korfu v\u00e1ros\u00e1t\u00f3l. \u00d6r\u00f6mmel seg\u00edt\u00fcnk vend\u00e9geinknek abban, hogy a Korfun t\u00f6lt\u00f6tt nyaral\u00e1s \u00e9letresz\u00f3l\u00f3 \u00e9lm\u00e9ny legyen.<br \/>\n[\/vc_column_text][\/vc_column][\/vc_row][vc_row full_width=&#8221;stretch_row&#8221; css=&#8221;.vc_custom_1476716034271{padding-top: 80px !important;padding-bottom: 80px !important;background-image: url(https:\/\/www.corfutouristservices.gr\/wp-content\/uploads\/2016\/10\/history-1st-paragraph-background-1.jpg?id=1483) !important;}&#8221;][vc_column width=&#8221;1\/2&#8243;][vc_empty_space height=&#8221;68px&#8221;]<div class=\"slz-shortcode block-title-8589162069f16ad4e466e \">\r\n<h3 class=\"title-style-2\">T\u00f6rt\u00e9net\u00fcnk<\/h3><\/div>\r\n[vc_column_text css=&#8221;.vc_custom_1617708941815{margin-bottom: 15px !important;}&#8221;]1961-ben Michalis Chalikiopoulos sikeres helyi \u00fczletember alap\u00edtotta a Corfu Tourist Services utaz\u00e1si v\u00e1llalkoz\u00e1st. K\u00f6zkedvelt helyb\u00e9lik\u00e9nt k\u00f6zismert \u201efigura\u201d volt a sziget buzuki-b\u00e1rjaiban \u00e9s tavern\u00e1iban, egyben tiszteletrem\u00e9lt\u00f3 szem\u00e9lynek tartott\u00e1k egyre n\u00f6vekv\u0151 l\u00e9tsz\u00e1m\u00fa eur\u00f3pai, valamint amerikai bar\u00e1ti t\u00e1rsas\u00e1ga k\u00f6r\u00e9ben, akiknek az \u00e9let\u00e9ben lelkes idegenvezet\u0151k\u00e9nt volt jelen. Michalis m\u00e1r nagyon fiatalon megtanulta \u00e9rt\u00e9kelni a \u201efiloxenia\u201d fontoss\u00e1g\u00e1t. Louise Durrell 1935-ben \u00e9rkezett a szigetre gyermekeivel, Gerald-dal, Lawrence-szel, Leslive-vel \u00e9s Margaret-tel, amikor is Michalis taxisof\u0151r \u00e9desapja, Spiros \u201cAmericanos\u201d Chalikiopoulos r\u00f6gt\u00f6n v\u00e9d\u0151sz\u00e1rnyai al\u00e1 vette a csal\u00e1dot..[\/vc_column_text][\/vc_column][vc_column width=&#8221;1\/2&#8243;][vc_single_image image=&#8221;1474&#8243; img_size=&#8221;large&#8221; css_animation=&#8221;appear&#8221; css=&#8221;.vc_custom_1476715134922{margin-bottom: 0px !important;}&#8221;][\/vc_column][\/vc_row][vc_row full_width=&#8221;stretch_row&#8221; css=&#8221;.vc_custom_1476717587170{margin-bottom: -34px !important;padding-top: 100px !important;padding-bottom: 30px !important;}&#8221;][vc_column width=&#8221;1\/2&#8243;][vc_single_image image=&#8221;1488&#8243; img_size=&#8221;large&#8221; css_animation=&#8221;left-to-right&#8221; css=&#8221;.vc_custom_1476792936156{margin-bottom: 0px !important;}&#8221;][\/vc_column][vc_column width=&#8221;1\/2&#8243;][vc_empty_space height=&#8221;73px&#8221;][vc_column_text css=&#8221;.vc_custom_1617709011698{margin-bottom: 15px !important;}&#8221;]Az 1892-es sz\u00fclet\u00e9s\u0171 Spiros Kanoni k\u00fclv\u00e1ros\u00e1ban n\u0151tt fel Korfu v\u00e1rost\u00f3l d\u00e9lre. 1920-ban \u2013 ahogy egyre n\u00e9pszer\u0171bb \u00e9s divatosabb lett a g\u00f6r\u00f6g fiatalok k\u00f6r\u00e9ben \u2013 Sprios testv\u00e9reivel egy\u00fctt kiutazott az Egyes\u00fclt \u00c1llamokba, amely kalandot, munk\u00e1t \u00e9s szebb j\u00f6v\u0151t \u00edg\u00e9rt, ezzel egy\u00fctt lehet\u0151v\u00e9 tette az otthoniak, vagyis a csal\u00e1d anyagi t\u00e1mogat\u00e1s\u00e1t is.<\/p>\n<p>A testv\u00e9rek kem\u00e9nyen dolgoztak a legk\u00fcl\u00f6nb\u00f6z\u0151bb munkak\u00f6r\u00f6kben Boston term\u00e9kpiacait\u00f3l kezdve eg\u00e9szen az alaszkai olajmez\u0151kig, kereset\u00fcket pedig hazak\u00fcldt\u00e9k Korfura. A 30-as \u00e9vek elej\u00e9n \u2013 amikor Amerika a gazdas\u00e1gi v\u00e1ls\u00e1g \u00f6rd\u00f6gi spir\u00e1lj\u00e1ba ker\u00fclt \u2013 a fi\u00fatestv\u00e9rek a hazat\u00e9r\u00e9s mellett d\u00f6nt\u00f6ttek Yiannis kiv\u00e9tel\u00e9vel, aki megn\u0151s\u00fclt \u00e9s rend\u0151r lett. Hazat\u00e9r\u00e9se ut\u00e1n Spiros elkezdte taxisof\u0151r karrierj\u00e9t, amely egy v\u00e9letlen egybees\u00e9snek k\u00f6sz\u00f6nhet\u0151en \u00f6sszehozta \u0151t a Durrell csal\u00e1ddal.[\/vc_column_text][\/vc_column][\/vc_row][vc_row full_width=&#8221;stretch_row_content_no_spaces&#8221; css=&#8221;.vc_custom_1478609113692{padding-top: 100px !important;}&#8221;][vc_column]<div class=\"slz-shortcode videos layout-1 banner-61124254969f16ad4e4852 \"><div class=\"container\"><div class=\"row\"><div class=\"col-md-5\"><div class=\"video-wrapper padding-top padding-bottom\"><div class=\"video-wrapper-title\"><p>1940-ben Spiros t\u00fcd\u0151gyullad\u00e1sban elhunyt, \u00edgy fi\u00e1nak, Michalisnak kellett a csal\u00e1d gondj\u00e1t viselni. 1946 \u00e9s 1949 k\u00f6z\u00f6tt a g\u00f6r\u00f6g polg\u00e1rh\u00e1bor\u00faban Michalis \u00f6sszek\u00f6t\u0151 tisztk\u00e9nt szolg\u00e1lt a brit hadseregben, miel\u0151tt belev\u00e1gott volna az els\u0151 \u00fczleti v\u00e1llalkoz\u00e1s\u00e1ba. Csal\u00e1dja v\u00e1llalkoz\u00f3i szellemis\u00e9g\u00e9vel \u00e9s lelkesed\u00e9s\u00e9vel felv\u00e9rtezve, Michalis befektet\u00e9s\u00e9t \u00e9desapja, Spiros megmentett javainak \u2013 ikonikus motorj\u00e1nak \u00e9s Dodge taxij\u00e1nak \u2013 elad\u00e1s\u00e1val alapozta meg.<br \/>\nSajn\u00e1latos m\u00f3don a Durrell csal\u00e1dot is sz\u00e1ll\u00edt\u00f3 j\u00e1rm\u0171 t\u00f6nkrement a Korfu sziget\u00e9t s\u00fajt\u00f3 n\u00e9met bomb\u00e1z\u00e1sban a II. vil\u00e1gh\u00e1bor\u00fa idej\u00e9n, de megd\u00f6bbent\u0151 m\u00f3don az aut\u00f3 motorja \u00e9p maradt.<\/p>\n<\/div><\/div><\/div><div class=\"col-md-7\"><div class=\"video-thumbnail\"><div class=\"video-bg\"><img src=\"https:\/\/www.corfutouristservices.gr\/wp-content\/uploads\/2016\/10\/Michael-Chalikiopoulos-1966-1.jpg\" alt=\"\" class=\"img-responsive\"><\/div><div class=\"video-button-play\"><i class=\"icons fa fa-play\"><\/i><\/div><div class=\"video-button-close\"><\/div><iframe src=\"https:\/\/www.youtube.com\/embed\/a?rel=0\" allowfullscreen=\"allowfullscreen\" class=\"video-embed\"><\/iframe><\/div><\/div><\/div><\/div><\/div>[\/vc_column][\/vc_row][vc_row full_width=&#8221;stretch_row&#8221; el_class=&#8221;slz-bg_parallax&#8221; css=&#8221;.vc_custom_1476722008928{padding-top: 70px !important;padding-bottom: 50px !important;}&#8221;][vc_column width=&#8221;1\/2&#8243;][vc_single_image image=&#8221;1519&#8243; img_size=&#8221;large&#8221; css_animation=&#8221;appear&#8221; css=&#8221;.vc_custom_1476792954431{margin-bottom: 0px !important;}&#8221;][\/vc_column][vc_column width=&#8221;1\/2&#8243;][vc_empty_space height=&#8221;80px&#8221;][vc_column_text css=&#8221;.vc_custom_1617709127988{margin-bottom: 15px !important;}&#8221;]Michalis egy hihetetlen\u00fcl ambici\u00f3zus \u00e9s talpraesett egy\u00e9nis\u00e9g volt. R\u00f6vid id\u0151n bel\u00fcl a Kanonin tal\u00e1lhat\u00f3 Xenia Hotel (a mai Corfu Holiday Palace) igazgat\u00f3ja lett, mellette pedig egy forgalmas kik\u00f6t\u0151\u00fcgyn\u00f6ki iroda vezet\u0151i poz\u00edci\u00f3j\u00e1t t\u00f6lt\u00f6tte be, melynek k\u00f6sz\u00f6nhet\u0151en hatalmas tapasztalatra, nemzetk\u00f6zi elismer\u00e9sre, valamint jelent\u0151s loj\u00e1lis \u00fcgyf\u00e9lk\u00f6rre tett szert.<\/p>\n<p>1961-ben pedig Corfu Tourist Services n\u00e9ven kezdte meg saj\u00e1t v\u00e1llalkoz\u00e1s\u00e1t. Helyi hotel-, \u00e9tterem- \u00e9s tavernatulajdonosokkal, valamint idegenvezet\u0151kkel egy\u00fcttm\u0171k\u00f6dve siker\u00fclt jelent\u0151s kapcsolati t\u0151k\u00e9t fel\u00e9p\u00edtenie eur\u00f3pai \u00e9s amerikai utaz\u00e1si irod\u00e1kkal kar\u00f6ltve. \u00cdgy a C.T.S. az egyik els\u0151 helyi \u00e9s egyben nemzetk\u00f6zi utaz\u00e1sszervez\u0151 c\u00e9gg\u00e9 fejl\u0151d\u00f6tt.[\/vc_column_text][\/vc_column][\/vc_row][vc_row full_width=&#8221;stretch_row&#8221; el_class=&#8221;slz-bg_parallax&#8221; css=&#8221;.vc_custom_1476720062186{padding-top: 50px !important;padding-bottom: 100px !important;background-image: url(https:\/\/www.corfutouristservices.gr\/wp-content\/uploads\/2016\/10\/tourists-visit-Achillion-1969-1.jpg?id=1509) !important;background-position: center !important;background-repeat: no-repeat !important;background-size: cover !important;}&#8221;][vc_column width=&#8221;1\/2&#8243;][vc_empty_space height=&#8221;80px&#8221;][vc_column_text css=&#8221;.vc_custom_1617709224436{margin-bottom: 15px !important;}&#8221;]Soksz\u00edn\u0171 \u00fcgyf\u00e9lk\u00f6rt kiszolg\u00e1lva a C.T.S. tengernyi turist\u00e1nak tette eml\u00e9kezetess\u00e9 a nyaral\u00e1s\u00e1t csoportos \u00e9s egy\u00e9ni utaz\u00e1sok tekintet\u00e9ben is.<br \/>\nA folyamatosan n\u00f6vekv\u0151 VIP \u00fcgyfelek sz\u00e1m\u00e1ra is felejthetetlen \u00e9lm\u00e9nyt ny\u00fajtottak a C.T.S. \u00e1ltal szervezett utak, bele\u00e9rtve Mih\u00e1ly kenti herceget is.<\/p>\n<p>Michalis h\u00edrnev\u00e9t tov\u00e1bb er\u0151s\u00edtette amikor \u2013 mint Korfu legels\u0151 utaz\u00e1sszervez\u0151 v\u00e1llalkoz\u00e1sa \u2013 a C.T.S. 1965-67 k\u00f6z\u00f6tt szerz\u0151d\u00e9st k\u00f6t\u00f6tt az Egyes\u00fclt \u00c1llamok haditenger\u00e9szet\u00e9vel, hogy megszervezze a hatodik flotta sz\u00e1ll\u00edt\u00e1s\u00e1t \u00e9s egyben sz\u00f3rakoztat\u00e1s\u00e1t. A flott\u00e1hoz tartoz\u00f3 USS America rep\u00fcl\u0151g\u00e9phordoz\u00f3 volt akkoriban az egyik legnagyobb anyahaj\u00f3 a vil\u00e1gon.<\/p>\n<p>A C.T.S. volt felel\u0151s a teljes flotta sz\u00e1razf\u00f6ldi vend\u00e9gl\u00e1t\u00e1s\u00e1\u00e9rt a helyiek bevon\u00e1s\u00e1val, illetve a kiv\u00e1lts\u00e1gos helyiek sz\u00e1m\u00e1ra a hadihaj\u00f3k l\u00e1togat\u00e1s\u00e1nak megszervez\u00e9s\u00e9\u00e9rt. Ennek a hatalmas horderej\u0171 megb\u00edz\u00e1snak a siker\u00e9\u00e9rt egyszem\u00e9lyben Michalis volt a felel\u0151s.[\/vc_column_text][\/vc_column][vc_column width=&#8221;1\/2&#8243;][vc_single_image image=&#8221;1513&#8243; img_size=&#8221;large&#8221; css_animation=&#8221;right-to-left&#8221; css=&#8221;.vc_custom_1476719861504{margin-bottom: 0px !important;}&#8221;][\/vc_column][\/vc_row][vc_row full_width=&#8221;stretch_row_content_no_spaces&#8221; el_class=&#8221;slz-bg_parallax&#8221; css=&#8221;.vc_custom_1476723750247{padding-bottom: 50px !important;}&#8221;][vc_column]<div class=\"slz-shortcode banner-sale-2 \">\r\n\t\t\t\t<div class=\"banner-left\">\r\n\t\t\t\t\t<div class=\"title-box text-parallax\">\r\n\t\t\t\t\t\t<h2 class=\"title-overlay title-1\">\r\n\t\t\t\t\t\t\t<span class=\"text\"> <\/span>\r\n\t\t\t\t\t\t<\/h2>\r\n\t\t\t\t\t<\/div>\r\n\t\t\t\t<\/div>\r\n\t\t\r\n\t\t\t\t<div class=\"banner-right\">\r\n\t\t\t\t\t<div class=\"text-salebox\">\r\n\t\t\t\t\t\t<div class=\"text-left\">\r\n\t\t\t\t\t\t\t<div class=\"sale-box\">\r\n\t\t\t\t\t\t\t\t<div class=\"sale-box-top\">\r\n\t\t\t\t\t\t\t\t\t<h2 class=\"number\"><\/h2><span class=\"sup-1\"><\/span>\r\n\t\t\t\t\t\t\t\t\t<span class=\"sup-2\"><\/span>\r\n\t\t\t\t\t\t\t\t<\/div>\r\n\t\t\t\t\t\t\t\t<h2 class=\"text-sale\"><\/h2>\r\n\t\t\t\t\t\t\t<\/div>\r\n\t\t\t\t\t\t<\/div>\r\n\t\t\t\t\t\t<div class=\"text-right\"><h1>Corfu Tourist Services<\/h1>\n<p>Michalis fia, Spiros Chalikiopoulos fiatalon csatlakozott a c\u00e9ghez, \u00e9s 1987-ben \u00e1tvette a vir\u00e1gz\u00f3 csal\u00e1di v\u00e1llalkoz\u00e1s \u00fcgyvezet\u0151i posztj\u00e1t. A k\u00f6vetkez\u0151 10 \u00e9vben ir\u00e1ny\u00edt\u00e1sa alatt a c\u00e9g folyamatos sikereket \u00e9rt el \u00e9s jelent\u0151sen b\u0151v\u00edtette tev\u00e9kenys\u00e9gi k\u00f6r\u00e9t a megn\u00f6vekedett korfui turizmus ig\u00e9nyeinek megfelel\u0151en.<\/p>\n<p>1994-ben tov\u00e1bb hirdetve csal\u00e1dja \u00fatt\u00f6r\u0151 mentalit\u00e1s\u00e1t, Spiros szoros kapcsolatokat kezdett ki\u00e9p\u00edteni Kelet Eur\u00f3pa utaz\u00e1sszervez\u0151ivel, \u00edgy a C.T.S. lett az els\u0151 g\u00f6r\u00f6g utaz\u00e1si iroda, amely cseh, lengyel, rom\u00e1n \u00e9s bolg\u00e1r vend\u00e9geket hozott a szigetre. A Szovjetuni\u00f3 buk\u00e1s\u00e1t k\u00f6vet\u0151en Spiros felismerte a potenci\u00e1lis \u00fczleti lehet\u0151s\u00e9get az orosz, ukr\u00e1n, valamint az \u00fajonnan l\u00e9trej\u00f6tt CIS \u00e1llamok piacainak tekintet\u00e9ben, \u00e9s elkezdte \u00fczleti tev\u00e9kenys\u00e9g\u00e9t kiterjeszteni ezekre a t\u00e9rs\u00e9gekre is.<\/p>\n<p>15 \u00e9v eltelt\u00e9vel az eg\u00e9sz r\u00e9gi\u00f3n \u00e1t\u00edvel\u0151 partnerh\u00e1l\u00f3zattal a Corfu Tourist Services t\u00f6bb turist\u00e1t vonzott a szigetre a kelet eur\u00f3pai \u00e9s az egykori Szovjet ter\u00fcletekr\u0151l, mint b\u00e1rmelyik m\u00e1sik helyi utaz\u00e1si iroda.<\/p>\n<\/div>\r\n\t\t\t\t\t<\/div>\r\n\t\t\t\t<\/div><\/div>[\/vc_column][\/vc_row][vc_row full_width=&#8221;stretch_row&#8221; el_class=&#8221;slz-bg_parallax&#8221; css=&#8221;.vc_custom_1476723671606{padding-top: px !important;padding-bottom: 50px !important;}&#8221;][vc_column width=&#8221;1\/2&#8243;][vc_empty_space height=&#8221;155px&#8221;][vc_column_text css=&#8221;.vc_custom_1617709393790{margin-bottom: 15px !important;}&#8221;]Az eredetileg Korfu v\u00e1ros Mouragia kik\u00f6t\u0151je mellett elhelyezked\u0151, a Vido szigetre n\u00e9z\u0151 irod\u00e1kat 1997-ben Spiros visszak\u00f6lt\u00f6ztette Kanoniba, pontosan abba az \u00e9p\u00fcletbe, amely egykoron nagyapj\u00e1nak \u00e9s csal\u00e1dj\u00e1nak adott otthont az 1930-as \u00e9vekben. Ez az \u00e9p\u00fclet vitathatatlan bizony\u00edt\u00e9ka a Chalikiopoulos csal\u00e1d tradicion\u00e1lis \u00e9let\u00fatj\u00e1nak, \u00e9s egyben m\u00e9lt\u00f3 v\u00e9g\u00e1llom\u00e1sa is a csal\u00e1di trad\u00edci\u00f3 k\u00f6rforg\u00e1s\u00e1nak.[\/vc_column_text][\/vc_column][vc_column width=&#8221;1\/2&#8243;][vc_single_image image=&#8221;2910&#8243; img_size=&#8221;large&#8221; css_animation=&#8221;right-to-left&#8221; css=&#8221;.vc_custom_1490611940811{margin-bottom: 0px !important;}&#8221;][\/vc_column][\/vc_row][vc_row full_width=&#8221;stretch_row&#8221; el_class=&#8221;slz-bg_parallax&#8221; css=&#8221;.vc_custom_1493133247334{padding-top: 100px !important;padding-bottom: 100px !important;background-image: url(https:\/\/www.corfutouristservices.gr\/wp-content\/uploads\/2016\/10\/asian-art-museum-corfu-tourist-services.jpg?id=3536) !important;background-position: center !important;background-repeat: no-repeat !important;background-size: cover !important;}&#8221;][vc_column css=&#8221;.vc_custom_1463036613861{padding-top: 0px !important;}&#8221;]<div class=\"slz-shortcode block-title-131686663469f16ad4e5299 \">\r\n<h3 class=\"title-style-2\">KORFU UTAZ\u00c1SI SZOLG\u00c1LTAT\u00c1SOK<\/h3><\/div>\r\n[vc_row_inner][vc_column_inner width=&#8221;1\/4&#8243;]<div class=\"slz-shortcode icon-box-204658681369f16ad4e5481 \"><div class=\"our-content\"><i class=\"our-icon flaticon-two\"><\/i><div class=\"main-our\"><p class=\"our-title\">Sz\u00e1ll\u00e1s<\/p><\/div><\/div><\/div>[vc_empty_space height=&#8221;20px&#8221;]<div class=\"slz-shortcode icon-box-56402443869f16ad4e56b8 \"><div class=\"our-content\"><i class=\"our-icon flaticon-transport\"><\/i><div class=\"main-our\"><p class=\"our-title\">Kir\u00e1ndul\u00e1sok<\/p><\/div><\/div><\/div>[vc_empty_space height=&#8221;20px&#8221;]<div class=\"slz-shortcode icon-box-182367983969f16ad4e58e4 \"><div class=\"our-content\"><i class=\"our-icon flaticon-cruise\"><\/i><div class=\"main-our\"><p class=\"our-title\">Napi k\u00f6rutaz\u00e1sok<\/p><\/div><\/div><\/div>[\/vc_column_inner][vc_column_inner width=&#8221;1\/4&#8243;]<div class=\"slz-shortcode icon-box-148520868969f16ad4e5b35 \"><div class=\"our-content\"><i class=\"our-icon flaticon-transport-2\"><\/i><div class=\"main-our\"><p class=\"our-title\">Aut\u00f3b\u00e9rl\u00e9s<\/p><\/div><\/div><\/div>[vc_empty_space height=&#8221;20px&#8221;]<div class=\"slz-shortcode icon-box-189308480169f16ad4e5d5e \"><div class=\"our-content\"><i class=\"our-icon flaticon-transport-4\"><\/i><div class=\"main-our\"><p class=\"our-title\">Yacht b\u00e9rl\u00e9s<\/p><\/div><\/div><\/div>[vc_empty_space height=&#8221;20px&#8221;]<div class=\"slz-shortcode icon-box-173467065269f16ad4e5f87 \"><div class=\"our-content\"><i class=\"our-icon flaticon-food\"><\/i><div class=\"main-our\"><p class=\"our-title\">G\u00f6r\u00f6g f\u0151z\u0151tanfolyamok<\/p><\/div><\/div><\/div>[\/vc_column_inner][vc_column_inner width=&#8221;1\/4&#8243;]<div class=\"slz-shortcode icon-box-98528790069f16ad4e61af \"><div class=\"our-content\"><i class=\"our-icon iconmoon-amused-face\"><\/i><div class=\"main-our\"><p class=\"our-title\">Spa<\/p><\/div><\/div><\/div>[vc_empty_space height=&#8221;20px&#8221;]<div class=\"slz-shortcode icon-box-212862799669f16ad4e63d8 \"><div class=\"our-content\"><i class=\"our-icon flaticon-people-6\"><\/i><div class=\"main-our\"><p class=\"our-title\">Wellness szolg\u00e1ltat\u00e1sok<\/p><\/div><\/div><\/div>[vc_empty_space height=&#8221;20px&#8221;]<div class=\"slz-shortcode icon-box-112210358769f16ad4e6601 \"><div class=\"our-content\"><i class=\"our-icon iconmoon-grinning-face-eyebrows\"><\/i><div class=\"main-our\"><p class=\"our-title\">Sz\u00e9ps\u00e9g\u00e1pol\u00e1si szolg\u00e1ltat\u00e1sok<\/p><\/div><\/div><\/div>[\/vc_column_inner][vc_column_inner width=&#8221;1\/4&#8243;]<div class=\"slz-shortcode icon-box-146522720169f16ad4e682a \"><div class=\"our-content\"><i class=\"our-icon flaticon-drink\"><\/i><div class=\"main-our\"><p class=\"our-title\">K\u00fcl\u00f6nleges rendezv\u00e9nyszervez\u00e9sek<\/p><\/div><\/div><\/div>[vc_empty_space height=&#8221;20px&#8221;]<div class=\"slz-shortcode icon-box-20626773569f16ad4e6a94 \"><div class=\"our-content\"><i class=\"our-icon iconmoon-star\"><\/i><div class=\"main-our\"><p class=\"our-title\">VIP szolg\u00e1ltat\u00e1sok<\/p><\/div><\/div><\/div>[vc_empty_space height=&#8221;20px&#8221;]<div class=\"slz-shortcode icon-box-99016523469f16ad4e6cba \"><div class=\"our-content\"><i class=\"our-icon iconmoon-map\"><\/i><div class=\"main-our\"><p class=\"our-title\">Ingatlan\u00fcgyn\u00f6ks\u00e9g<\/p><\/div><\/div><\/div>[\/vc_column_inner][\/vc_row_inner][\/vc_column][\/vc_row][vc_row full_width=&#8221;stretch_row&#8221; el_class=&#8221;slz-bg_parallax&#8221; css=&#8221;.vc_custom_1476792734866{padding-top: 100px !important;padding-bottom: 100px !important;background: #e8e8e8 url(https:\/\/www.corfutouristservices.gr\/wp-content\/uploads\/2016\/10\/arrival-of-first-tourists-in-Corfu-1.jpg?id=1580) !important;}&#8221;][vc_column]<div class=\"slz-shortcode block-title-95952067269f16ad4e6edf \">\r\n<h3 class=\"title-style-2\">That&#039;s who we are<\/h3><\/div>\r\n[vc_gallery type=&#8221;image_grid&#8221; images=&#8221;1553,1572,1559,1550,1576,1552,2913,2914,2915,2916,2917,2912,1575,2918&#8243;][\/vc_column][\/vc_row]<\/p>\n","protected":false},"excerpt":{"rendered":"<p>[vc_row full_width=&#8221;stretch_row&#8221; css=&#8221;.vc_custom_1476793097037{padding-top: 60px !important;padding-bottom: 80px !important;}&#8221;][vc_column width=&#8221;1\/2&#8243; css=&#8221;.vc_custom_1478610169313{margin-top: 15px !important;padding-top: 20px !important;padding-bottom: px !important;}&#8221;][vc_single_image image=&#8221;24105&#8243; img_size=&#8221;large&#8221; css_animation=&#8221;left-to-right&#8221; css=&#8221;.vc_custom_1613488719794{margin-bottom: 0px !important;}&#8221;][\/vc_column][vc_column width=&#8221;1\/2&#8243; css=&#8221;.vc_custom_1476462371480{padding-top: 40px !important;}&#8221;][vc_column_text css=&#8221;.vc_custom_1617708883254{margin-bottom: 15px !important;}&#8221;]A Corfu Tourist Services utaz\u00e1sszervez\u0151 v\u00e1llalkoz\u00e1s f\u0151 c\u00e9lja, hogy min\u0151s\u00e9gi utaz\u00e1si szolg\u00e1ltat\u00e1sokat ny\u00fajtson \u00fcgyfeleinek. Az 1961-es alap\u00edt\u00e1st\u00f3l eltelt id\u0151szak alatt a C.T.S. m\u00e1ra Korfu egyik vezet\u0151 utaz\u00e1si irod\u00e1j\u00e1v\u00e1 [&hellip;]<\/p>\n","protected":false},"author":1,"featured_media":0,"parent":0,"menu_order":0,"comment_status":"closed","ping_status":"closed","template":"","meta":[],"_links":{"self":[{"href":"https:\/\/www.corfutouristservices.gr\/hu\/wp-json\/wp\/v2\/pages\/25111\/"}],"collection":[{"href":"https:\/\/www.corfutouristservices.gr\/hu\/wp-json\/wp\/v2\/pages\/"}],"about":[{"href":"https:\/\/www.corfutouristservices.gr\/hu\/wp-json\/wp\/v2\/types\/page\/"}],"author":[{"embeddable":true,"href":"https:\/\/www.corfutouristservices.gr\/hu\/wp-json\/wp\/v2\/users\/1\/"}],"replies":[{"embeddable":true,"href":"https:\/\/www.corfutouristservices.gr\/hu\/wp-json\/wp\/v2\/comments\/?post=25111"}],"version-history":[{"count":3,"href":"https:\/\/www.corfutouristservices.gr\/hu\/wp-json\/wp\/v2\/pages\/25111\/revisions\/"}],"predecessor-version":[{"id":25112,"href":"https:\/\/www.corfutouristservices.gr\/hu\/wp-json\/wp\/v2\/pages\/25111\/revisions\/25112\/"}],"wp:attachment":[{"href":"https:\/\/www.corfutouristservices.gr\/hu\/wp-json\/wp\/v2\/media\/?parent=25111"}],"curies":[{"name":"wp","href":"https:\/\/api.w.org\/{rel}","templated":true}]}}