{"id":25213,"date":"2021-04-06T15:39:29","date_gmt":"2021-04-06T12:39:29","guid":{"rendered":"https:\/\/www.corfutouristservices.gr\/services\/youth-tourism-in-corfu-copy\/"},"modified":"2021-04-14T14:09:34","modified_gmt":"2021-04-14T11:09:34","slug":"youth-tourism-in-corfu","status":"publish","type":"page","link":"https:\/\/www.corfutouristservices.gr\/hu\/services\/youth-tourism-in-corfu\/","title":{"rendered":"AKTIV TURIZMUS"},"content":{"rendered":"<p>[vc_row full_width=&#8221;stretch_row&#8221; css=&#8221;.vc_custom_1490631068577{padding-top: 60px !important;padding-bottom: 60px !important;}&#8221;][vc_column width=&#8221;1\/2&#8243; css=&#8221;.vc_custom_1478610169313{margin-top: 15px !important;padding-top: 20px !important;padding-bottom: px !important;}&#8221;][vc_single_image image=&#8221;2984&#8243; img_size=&#8221;large&#8221; css_animation=&#8221;left-to-right&#8221; css=&#8221;.vc_custom_1490630996882{margin-bottom: 0px !important;}&#8221;][\/vc_column][vc_column width=&#8221;1\/2&#8243; css=&#8221;.vc_custom_1476462371480{padding-top: 40px !important;}&#8221;][vc_empty_space height=&#8221;70px&#8221;]<div class=\"slz-shortcode block-title-89591369269f862d7df3aa \">\r\n<h3 class=\"title-style-2\">SIKL\u00d3ERNY\u0150Z\u00c9S KORFUN<\/h3><\/div>\r\n[vc_column_text css=&#8221;.vc_custom_1617712911502{margin-bottom: 15px !important;}&#8221;]Gondolkozt\u00e1l m\u00e1r azon, hogyan n\u00e9z ki Korfu 360 m\u00e9teres magass\u00e1gb\u00f3l? Sz\u00edvesen rep\u00fcln\u00e9l egy gy\u00f6ny\u00f6r\u0171 t\u00e1j felett, mik\u00f6zben az adrenalin el\u00e1rasztja a testedet?<\/p>\n<p>Ha legal\u00e1bb az egyik k\u00e9rd\u00e9sre \u201eigen\u201d a v\u00e1laszod, a sikl\u00f3erny\u0151z\u00e9s ide\u00e1lis a sz\u00e1modra. Hozd ki a maximumot a ny\u00e1ri vak\u00e1ci\u00f3db\u00f3l, \u00e9s k\u00e9sz\u00fclj fel a rep\u00fcl\u00e9sre! A j\u00e1ratok az Agios Gordios vagy a Kontogialos strandon indulnak, \u00e9s egy r\u00f6vid a biztons\u00e1gi \u00e9s \u00f3vint\u00e9zked\u00e9sekr\u0151l sz\u00f3l\u00f3 tanfolyam ut\u00e1n k\u00e9szen \u00e1llsz a rep\u00fcl\u00e9sre a szakmai oktat\u00f3val, aki t\u00f6bb mint 10 \u00e9ves tapasztalattal rendelkezik.<\/p>\n<p>K\u00e9rdezz minket a mai k\u00fcl\u00f6nleges aj\u00e1nlatainkr\u00f3l! Ne hagyd ki a lehet\u0151s\u00e9get, hogy egy teljesen m\u00e1s szemsz\u00f6gb\u0151l l\u00e1sd a szigetet \u00e9s a vil\u00e1got!<br \/>\n[\/vc_column_text][\/vc_column][\/vc_row][vc_row full_width=&#8221;stretch_row_content_no_spaces&#8221; css=&#8221;.vc_custom_1490631130482{padding-top: 100px !important;}&#8221;][vc_column]<div class=\"slz-shortcode videos layout-1 banner-150668773969f862d7df612 \"><div class=\"container\"><div class=\"row\"><div class=\"col-md-5\"><div class=\"video-wrapper padding-top padding-bottom\"><div class=\"video-wrapper-title\"><h2>BULIHAJ\u00d3<\/h2>\n<p>A partihaj\u00f3s \u00e9lm\u00e9ny elengedhetetlen mindazok sz\u00e1m\u00e1ra, akik \u00faj kalandra v\u00e1gynak. Hozd el bar\u00e1taid, ugorj fel a fed\u00e9lzetre, \u00e9s fedezd fel j\u00e1t\u00e9kosabb m\u00f3don a gy\u00f6ny\u00f6r\u0171 g\u00f6r\u00f6g szigeteket!<br \/>\nAz utaz\u00e1s sor\u00e1n sz\u00e1mos k\u00fcl\u00f6nleges tev\u00e9kenys\u00e9g, mint p\u00e9ld\u00e1ul testfest\u00e9s, v\u00edzg\u00f6mb\u00f6k feldob\u00e1sa \u00e9s j\u00e9gdob\u00e1l\u00e1s garant\u00e1lja, hogy remek\u00fcl sz\u00f3rakozz, \u00e9s biztosan ne unatkozz. A zene soha nem \u00e1ll le, a buli v\u00e9gig folyamatos.<br \/>\nNincs sz\u00fcks\u00e9g szavakra, csak n\u00e9zd meg a fot\u00f3kat, \u00e9s meg\u00e9rted, mi is a partihaj\u00f3!<\/p>\n<\/div><\/div><\/div><div class=\"col-md-7\"><div class=\"video-thumbnail\"><div class=\"video-bg\"><img src=\"https:\/\/www.corfutouristservices.gr\/wp-content\/uploads\/2017\/03\/party-boat-corfu-travel-agency.jpg\" alt=\"\" class=\"img-responsive\"><\/div><div class=\"video-button-play\"><i class=\"icons fa fa-play\"><\/i><\/div><div class=\"video-button-close\"><\/div><iframe src=\"https:\/\/www.youtube.com\/embed\/a?rel=0\" allowfullscreen=\"allowfullscreen\" class=\"video-embed\"><\/iframe><\/div><\/div><\/div><\/div><\/div>[\/vc_column][\/vc_row][vc_row full_width=&#8221;stretch_row&#8221; css=&#8221;.vc_custom_1490629606522{padding-top: 80px !important;padding-bottom: 80px !important;}&#8221;][vc_column width=&#8221;1\/2&#8243;][vc_empty_space height=&#8221;75px&#8221;]<div class=\"slz-shortcode block-title-184634393369f862d7dfb54 \">\r\n<h3 class=\"title-style-2\">VIZISPORTOK<\/h3><\/div>\r\n[vc_column_text css=&#8221;.vc_custom_1617713066488{margin-bottom: 15px !important;}&#8221;]A Korfun t\u00f6lt\u00f6tt id\u0151 nem lehet teljes a v\u00edzisportok \u00e9lm\u00e9nye n\u00e9lk\u00fcl. A sziget \u00e9szakkeleti r\u00e9sz\u00e9n, az Avlaki strandj\u00e1n tal\u00e1lhat\u00f3 Korfu Vitorl\u00e1s K\u00f6zpont 1995 \u00f3ta k\u00edn\u00e1l k\u00fcl\u00f6nf\u00e9le lehet\u0151s\u00e9geket, amelyek szint\u00e9n felejthetetlen \u00e9lm\u00e9nyt fognak ny\u00fajtani sz\u00e1modra.<\/p>\n<p>Sz\u00e1mos eszk\u00f6z \u00e1ll rendelkez\u00e9sedre: vitorl\u00e1s, gumics\u00f3nakok, sz\u00f6rfdeszk\u00e1k, kajakok \u00e9s SUP. Kezd\u0151 \u00e9s h\u00e1romnapos tanfolyamok k\u00f6z\u00f6tt v\u00e1logathatsz a vitorl\u00e1z\u00e1st \u00e9s a sz\u00f6rf\u00f6z\u00e9st tekintve, s\u0151t tov\u00e1bbi oktat\u00e1s \u00e9s gyakorlat is egyeztethet\u0151. Foglald le m\u00e9g ma az id\u0151pontod, \u00e9s kezdd \u00e1t\u00e9lni a v\u00edzisport \u00e9lm\u00e9nyeit.<br \/>\n[\/vc_column_text][\/vc_column][vc_column width=&#8221;1\/2&#8243;][vc_single_image image=&#8221;2977&#8243; img_size=&#8221;large&#8221; css_animation=&#8221;appear&#8221; css=&#8221;.vc_custom_1490629802084{margin-bottom: 0px !important;}&#8221;][\/vc_column][\/vc_row][vc_row full_width=&#8221;stretch_row&#8221; css=&#8221;.vc_custom_1496773445192{padding-top: 35px !important;padding-bottom: 35px !important;background-color: #115280 !important;}&#8221;][vc_column][vc_row_inner][vc_column_inner width=&#8221;2\/3&#8243;][vc_column_text]<\/p>\n<p style=\"text-align: center; color: #fff; font-size: 25px;\"><strong>We provide the best tourist services in Corfu<\/strong><\/p>\n<p>[\/vc_column_text][\/vc_column_inner][vc_column_inner width=&#8221;1\/3&#8243; css=&#8221;.vc_custom_1490962316715{margin-top: -5px !important;}&#8221;]<a href=\"https:\/\/www.corfutouristservices.gr\/hu\/contact-corfu-tourist-services\/\"   class=\"slz-shortcode btn btn-maincolor btn-maincolor-23625903769f862d7dfd1b button-services\">Contact Us<\/a>[\/vc_column_inner][\/vc_row_inner][\/vc_column][\/vc_row]<\/p>\n","protected":false},"excerpt":{"rendered":"<p>[vc_row full_width=&#8221;stretch_row&#8221; css=&#8221;.vc_custom_1490631068577{padding-top: 60px !important;padding-bottom: 60px !important;}&#8221;][vc_column width=&#8221;1\/2&#8243; css=&#8221;.vc_custom_1478610169313{margin-top: 15px !important;padding-top: 20px !important;padding-bottom: px !important;}&#8221;][vc_single_image image=&#8221;2984&#8243; img_size=&#8221;large&#8221; css_animation=&#8221;left-to-right&#8221; css=&#8221;.vc_custom_1490630996882{margin-bottom: 0px !important;}&#8221;][\/vc_column][vc_column width=&#8221;1\/2&#8243; css=&#8221;.vc_custom_1476462371480{padding-top: 40px !important;}&#8221;][vc_empty_space height=&#8221;70px&#8221;][vc_column_text css=&#8221;.vc_custom_1617712911502{margin-bottom: 15px !important;}&#8221;]Gondolkozt\u00e1l m\u00e1r azon, hogyan n\u00e9z ki Korfu 360 m\u00e9teres magass\u00e1gb\u00f3l? Sz\u00edvesen rep\u00fcln\u00e9l egy gy\u00f6ny\u00f6r\u0171 t\u00e1j felett, mik\u00f6zben az adrenalin el\u00e1rasztja a testedet? Ha legal\u00e1bb az egyik k\u00e9rd\u00e9sre [&hellip;]<\/p>\n","protected":false},"author":1,"featured_media":0,"parent":25335,"menu_order":0,"comment_status":"closed","ping_status":"closed","template":"","meta":[],"_links":{"self":[{"href":"https:\/\/www.corfutouristservices.gr\/hu\/wp-json\/wp\/v2\/pages\/25213\/"}],"collection":[{"href":"https:\/\/www.corfutouristservices.gr\/hu\/wp-json\/wp\/v2\/pages\/"}],"about":[{"href":"https:\/\/www.corfutouristservices.gr\/hu\/wp-json\/wp\/v2\/types\/page\/"}],"author":[{"embeddable":true,"href":"https:\/\/www.corfutouristservices.gr\/hu\/wp-json\/wp\/v2\/users\/1\/"}],"replies":[{"embeddable":true,"href":"https:\/\/www.corfutouristservices.gr\/hu\/wp-json\/wp\/v2\/comments\/?post=25213"}],"version-history":[{"count":4,"href":"https:\/\/www.corfutouristservices.gr\/hu\/wp-json\/wp\/v2\/pages\/25213\/revisions\/"}],"predecessor-version":[{"id":25818,"href":"https:\/\/www.corfutouristservices.gr\/hu\/wp-json\/wp\/v2\/pages\/25213\/revisions\/25818\/"}],"up":[{"embeddable":true,"href":"https:\/\/www.corfutouristservices.gr\/hu\/wp-json\/wp\/v2\/pages\/25335\/"}],"wp:attachment":[{"href":"https:\/\/www.corfutouristservices.gr\/hu\/wp-json\/wp\/v2\/media\/?parent=25213"}],"curies":[{"name":"wp","href":"https:\/\/api.w.org\/{rel}","templated":true}]}}