{"id":25272,"date":"2021-04-07T10:20:17","date_gmt":"2021-04-07T07:20:17","guid":{"rendered":"https:\/\/www.corfutouristservices.gr\/services\/vip-services-corfu-tourist-services-copy\/"},"modified":"2021-04-14T14:14:02","modified_gmt":"2021-04-14T11:14:02","slug":"vip-services-corfu-tourist-services","status":"publish","type":"page","link":"https:\/\/www.corfutouristservices.gr\/hu\/services\/vip-services-corfu-tourist-services\/","title":{"rendered":"VIP SZOLG\u00c1LTAT\u00c1SOK KORFUN"},"content":{"rendered":"<p>[vc_row full_width=&#8221;stretch_row&#8221; css=&#8221;.vc_custom_1476806023460{padding-top: 60px !important;padding-bottom: 80px !important;}&#8221;][vc_column css=&#8221;.vc_custom_1463045486032{padding-top: 40px !important;padding-bottom: px !important;}&#8221;][vc_row_inner][vc_column_inner width=&#8221;1\/2&#8243;][vc_single_image image=&#8221;3047&#8243; img_size=&#8221;large&#8221;][\/vc_column_inner][vc_column_inner width=&#8221;1\/2&#8243; css=&#8221;.vc_custom_1490702305856{margin-top: 100px !important;}&#8221;]<div class=\"slz-shortcode block-title-18061605169eff253b81c5 \">\r\n<h3 class=\"title-style-2\">VIP SOF\u0150RSZOLG\u00c1LAT<\/h3><\/div>\r\n[vc_column_text css=&#8221;.vc_custom_1617780253511{margin-bottom: 15px !important;}&#8221;]VIP \u00fcgyfeleink sz\u00e1m\u00e1ra nem k\u00edn\u00e1lunk m\u00e1st, csakis a legjobb VIP szolg\u00e1ltat\u00e1sokat. Mindig az egyedi \u00edzl\u00e9snek \u00e9s ig\u00e9nyeknek megfelel\u0151en \u00e1llunk rendelkez\u00e9sre, hogy seg\u00edts\u00fcnk v\u00e1logatni a sz\u00e1ll\u00e1slehet\u0151s\u00e9gek k\u00f6z\u00f6tt \u00fagy, hogy G\u00f6r\u00f6gorsz\u00e1g legszebb mag\u00e1nvill\u00e1it k\u00edn\u00e1ljuk fel.<br \/>\nA sz\u00e1ll\u00e1ssal kapcsolatos rengeteg lehet\u0151s\u00e9g mellett luxusaut\u00f3k sz\u00e9les v\u00e1laszt\u00e9k\u00e1t k\u00edn\u00e1ljuk sof\u0151rrel egy\u00fctt annak \u00e9rdek\u00e9ben, hogy a szigeten t\u00f6rt\u00e9n\u0151 k\u00f6zleked\u00e9s a legk\u00e9nyelmesebb \u00e9s legkellemesebb \u00e9lm\u00e9ny legyen.[\/vc_column_text][\/vc_column_inner][\/vc_row_inner][\/vc_column][\/vc_row][vc_row full_width=&#8221;stretch_row_content_no_spaces&#8221; el_class=&#8221;slz-bg_parallax&#8221; css=&#8221;.vc_custom_1476809632123{padding-bottom: 100px !important;}&#8221;][vc_column]<div class=\"slz-shortcode banner-sale-2 \">\r\n\t\t\t\t<div class=\"banner-left\">\r\n\t\t\t\t\t<div class=\"title-box text-parallax\">\r\n\t\t\t\t\t\t<h2 class=\"title-overlay title-1\">\r\n\t\t\t\t\t\t\t<span class=\"text\">VIP REP\u00dcL\u0150UTAK<\/span>\r\n\t\t\t\t\t\t<\/h2>\r\n\t\t\t\t\t<\/div>\r\n\t\t\t\t<\/div>\r\n\t\t\r\n\t\t\t\t<div class=\"banner-right\">\r\n\t\t\t\t\t<div class=\"text-salebox\">\r\n\t\t\t\t\t\t<div class=\"text-left\">\r\n\t\t\t\t\t\t\t<div class=\"sale-box\">\r\n\t\t\t\t\t\t\t\t<div class=\"sale-box-top\">\r\n\t\t\t\t\t\t\t\t\t<h2 class=\"number\"><\/h2><span class=\"sup-1\"><\/span>\r\n\t\t\t\t\t\t\t\t\t<span class=\"sup-2\"><\/span>\r\n\t\t\t\t\t\t\t\t<\/div>\r\n\t\t\t\t\t\t\t\t<h2 class=\"text-sale\"><\/h2>\r\n\t\t\t\t\t\t\t<\/div>\r\n\t\t\t\t\t\t<\/div>\r\n\t\t\t\t\t\t<div class=\"text-right\"><p>Abban az esetben, ha a gyorsabb \u00e9s azonnal rendelkez\u00e9sre \u00e1ll\u00f3 k\u00f6zleked\u00e9si szk\u00f6zre van sz\u00fcks\u00e9g, priv\u00e1t helikopteres vagy Learjet j\u00e1ratokat szervez\u00fcnk, amely lehet\u0151s\u00e9get ny\u00fajt G\u00f6r\u00f6gorsz\u00e1g sz\u00e1mos pontj\u00e1nak el\u00e9r\u00e9s\u00e9re, nem besz\u00e9lve a d\u00f6bbenetes kil\u00e1t\u00e1sr\u00f3l az utaz\u00e1s folyam\u00e1n.<br \/>\nSzeretn\u00e9d m\u00e9g tov\u00e1bb fokozni \u00e9lm\u00e9nyeidet a g\u00f6r\u00f6g nyaral\u00e1sodon? V\u00e1laszd ki ide\u00e1lis luxusjachtod, \u00e9s fedezd fel a J\u00f3n-tenger tiszta k\u00e9k viz\u00e9t.<\/p>\n<\/div>\r\n\t\t\t\t\t<\/div>\r\n\t\t\t\t<\/div><\/div>[\/vc_column][\/vc_row][vc_row full_width=&#8221;stretch_row&#8221; css=&#8221;.vc_custom_1490701941169{margin-top: -100px !important;padding-top: 60px !important;padding-bottom: 80px !important;}&#8221; el_class=&#8221;slz-md_parallax&#8221;][vc_column css=&#8221;.vc_custom_1463045486032{padding-top: 40px !important;padding-bottom: px !important;}&#8221;][vc_row_inner][vc_column_inner width=&#8221;1\/2&#8243; css=&#8221;.vc_custom_1490702350721{margin-top: 115px !important;}&#8221;]<div class=\"slz-shortcode block-title-206280968769eff253b90ef titleSmaller\">\r\n<h3 class=\"title-style-2\">SZEM\u00c9LYES BIZTONS\u00c1GI SZOLG\u00c1LAT<\/h3><\/div>\r\n[vc_column_text css=&#8221;.vc_custom_1617780353572{margin-bottom: 15px !important;}&#8221;]Az biztons\u00e1god \u00e9s k\u00e9nyelmed \u00e9rdek\u00e9ben mindenkor professzion\u00e1lis \u00e9s tapasztalt test\u0151r\u00f6kb\u0151l \u00e1ll\u00f3 szem\u00e9lyes biztons\u00e1gi csapatot is biztos\u00edthatunk sz\u00e1modra.<br \/>\nK\u00e9rdezz b\u00e1tran tov\u00e1bbi VIP szolg\u00e1ltat\u00e1sainkr\u00f3l, vagy egyszer\u0171en k\u00fcldd el nek\u00fcnk egyedi ig\u00e9nyeid, k\u00e9r\u00e9seid. \u00d6r\u00f6mmel seg\u00edt\u00fcnk, a kivitelez\u00e9st b\u00edzd r\u00e1nk nyugodtan.<br \/>\n[\/vc_column_text][\/vc_column_inner][vc_column_inner width=&#8221;1\/2&#8243;][vc_single_image image=&#8221;3049&#8243; img_size=&#8221;large&#8221;][\/vc_column_inner][\/vc_row_inner][\/vc_column][\/vc_row][vc_row full_width=&#8221;stretch_row&#8221; css=&#8221;.vc_custom_1490962261766{padding-top: 35px !important;padding-bottom: 35px !important;background-color: #090c13 !important;}&#8221;][vc_column][vc_row_inner][vc_column_inner width=&#8221;2\/3&#8243;][vc_column_text]<\/p>\n<p style=\"text-align: center; color: #fff; font-size: 25px;\"><strong>We provide the best tourist services in Corfu<\/strong><\/p>\n<p>[\/vc_column_text][\/vc_column_inner][vc_column_inner width=&#8221;1\/3&#8243; css=&#8221;.vc_custom_1490962346988{margin-top: -5px !important;}&#8221;]<a href=\"https:\/\/www.corfutouristservices.gr\/hu\/contact-corfu-tourist-services\/\"   class=\"slz-shortcode btn btn-maincolor btn-maincolor-146659711069eff253b93d1 button-services\">Contact Us<\/a>[\/vc_column_inner][\/vc_row_inner][\/vc_column][\/vc_row]<\/p>\n","protected":false},"excerpt":{"rendered":"<p>[vc_row full_width=&#8221;stretch_row&#8221; css=&#8221;.vc_custom_1476806023460{padding-top: 60px !important;padding-bottom: 80px !important;}&#8221;][vc_column css=&#8221;.vc_custom_1463045486032{padding-top: 40px !important;padding-bottom: px !important;}&#8221;][vc_row_inner][vc_column_inner width=&#8221;1\/2&#8243;][vc_single_image image=&#8221;3047&#8243; img_size=&#8221;large&#8221;][\/vc_column_inner][vc_column_inner width=&#8221;1\/2&#8243; css=&#8221;.vc_custom_1490702305856{margin-top: 100px !important;}&#8221;][vc_column_text css=&#8221;.vc_custom_1617780253511{margin-bottom: 15px !important;}&#8221;]VIP \u00fcgyfeleink sz\u00e1m\u00e1ra nem k\u00edn\u00e1lunk m\u00e1st, csakis a legjobb VIP szolg\u00e1ltat\u00e1sokat. Mindig az egyedi \u00edzl\u00e9snek \u00e9s ig\u00e9nyeknek megfelel\u0151en \u00e1llunk rendelkez\u00e9sre, hogy seg\u00edts\u00fcnk v\u00e1logatni a sz\u00e1ll\u00e1slehet\u0151s\u00e9gek k\u00f6z\u00f6tt \u00fagy, hogy G\u00f6r\u00f6gorsz\u00e1g legszebb mag\u00e1nvill\u00e1it k\u00edn\u00e1ljuk fel. A [&hellip;]<\/p>\n","protected":false},"author":1,"featured_media":0,"parent":25335,"menu_order":0,"comment_status":"closed","ping_status":"closed","template":"","meta":[],"_links":{"self":[{"href":"https:\/\/www.corfutouristservices.gr\/hu\/wp-json\/wp\/v2\/pages\/25272\/"}],"collection":[{"href":"https:\/\/www.corfutouristservices.gr\/hu\/wp-json\/wp\/v2\/pages\/"}],"about":[{"href":"https:\/\/www.corfutouristservices.gr\/hu\/wp-json\/wp\/v2\/types\/page\/"}],"author":[{"embeddable":true,"href":"https:\/\/www.corfutouristservices.gr\/hu\/wp-json\/wp\/v2\/users\/1\/"}],"replies":[{"embeddable":true,"href":"https:\/\/www.corfutouristservices.gr\/hu\/wp-json\/wp\/v2\/comments\/?post=25272"}],"version-history":[{"count":5,"href":"https:\/\/www.corfutouristservices.gr\/hu\/wp-json\/wp\/v2\/pages\/25272\/revisions\/"}],"predecessor-version":[{"id":25821,"href":"https:\/\/www.corfutouristservices.gr\/hu\/wp-json\/wp\/v2\/pages\/25272\/revisions\/25821\/"}],"up":[{"embeddable":true,"href":"https:\/\/www.corfutouristservices.gr\/hu\/wp-json\/wp\/v2\/pages\/25335\/"}],"wp:attachment":[{"href":"https:\/\/www.corfutouristservices.gr\/hu\/wp-json\/wp\/v2\/media\/?parent=25272"}],"curies":[{"name":"wp","href":"https:\/\/api.w.org\/{rel}","templated":true}]}}