{"id":25279,"date":"2021-04-07T10:30:27","date_gmt":"2021-04-07T07:30:27","guid":{"rendered":"https:\/\/www.corfutouristservices.gr\/services\/real-estate-in-corfu-copy\/"},"modified":"2021-04-14T14:39:33","modified_gmt":"2021-04-14T11:39:33","slug":"real-estate-in-corfu","status":"publish","type":"page","link":"https:\/\/www.corfutouristservices.gr\/hu\/services\/real-estate-in-corfu\/","title":{"rendered":"Korfui Ingatlanok"},"content":{"rendered":"<p>[vc_row full_width=&#8221;stretch_row&#8221; css=&#8221;.vc_custom_1490625799095{padding-top: 60px !important;padding-bottom: 60px !important;background-color: #f3f3f3 !important;}&#8221;][vc_column width=&#8221;1\/2&#8243; css=&#8221;.vc_custom_1490706601908{margin-top: 60px !important;padding-top: 40px !important;padding-bottom: px !important;}&#8221;]<div class=\"slz-shortcode block-title-161313549369de91e841bc4 \">\r\n<h3 class=\"title-style-2\">KORFUI TULAJDONOK<\/h3><\/div>\r\n[vc_column_text css=&#8221;.vc_custom_1617780768137{margin-bottom: 15px !important;}&#8221;]Korfu vitathatatlan sz\u00e9ps\u00e9ge \u00e9s kultur\u00e1lis \u00f6r\u00f6ks\u00e9ge az \u00e9vek sor\u00e1n nagyon sok l\u00e1togat\u00f3t vonzott. Sokukat leny\u0171g\u00f6zte a sziget csod\u00e1s egyedis\u00e9ge, \u00e9s Korfu ir\u00e1nt kialakult vonzalmukt\u00f3l vez\u00e9relve sokan d\u00f6nt\u00f6ttek \u00fagy, hogy ingatlanokat v\u00e1s\u00e1rolnak, \u00e9s a szigetet tekintik m\u00e1sodik otthonuknak.<\/p>\n<p>Ak\u00e1r \u00fczleti befektet\u00e9sre, ak\u00e1r egy saj\u00e1t f\u00f6lddarab megszerz\u00e9s\u00e9re, ak\u00e1r \u00e1lmaid h\u00e1z\u00e1nak megv\u00e1s\u00e1rl\u00e1s\u00e1ra v\u00e1gysz, ingatlanszak\u00e9rt\u0151i csoportunk a rendelkez\u00e9sedre \u00e1ll.[\/vc_column_text][\/vc_column][vc_column width=&#8221;1\/2&#8243; css=&#8221;.vc_custom_1463045476538{padding-top: 20px !important;}&#8221;][vc_single_image image=&#8221;5535&#8243; img_size=&#8221;large&#8221; alignment=&#8221;center&#8221; css_animation=&#8221;right-to-left&#8221; css=&#8221;.vc_custom_1501860394792{margin-bottom: 0px !important;}&#8221;][\/vc_column][\/vc_row][vc_row full_width=&#8221;stretch_row_content_no_spaces&#8221; el_class=&#8221;slz-bg_parallax&#8221;][vc_column css=&#8221;.vc_custom_1463036613861{padding-top: 0px !important;}&#8221;]<div class=\"slz-shortcode banner-sale-2 title-1-smaller\">\r\n\t\t\t\t<div class=\"banner-left\">\r\n\t\t\t\t\t<div class=\"title-box text-parallax\">\r\n\t\t\t\t\t\t<h2 class=\"title-overlay title-1\">\r\n\t\t\t\t\t\t\t<span class=\"text\">KONCENTR\u00c1LJ A SZ\u00dcKS\u00c9GLETEIDRE<\/span>\r\n\t\t\t\t\t\t<\/h2>\r\n\t\t\t\t\t<\/div>\r\n\t\t\t\t<\/div>\r\n\t\t\r\n\t\t\t\t<div class=\"banner-right\">\r\n\t\t\t\t\t<div class=\"text-salebox\">\r\n\t\t\t\t\t\t<div class=\"text-left\">\r\n\t\t\t\t\t\t\t<div class=\"sale-box\">\r\n\t\t\t\t\t\t\t\t<div class=\"sale-box-top\">\r\n\t\t\t\t\t\t\t\t\t<h2 class=\"number\"><\/h2><span class=\"sup-1\"><\/span>\r\n\t\t\t\t\t\t\t\t\t<span class=\"sup-2\"><\/span>\r\n\t\t\t\t\t\t\t\t<\/div>\r\n\t\t\t\t\t\t\t\t<h2 class=\"text-sale\"><\/h2>\r\n\t\t\t\t\t\t\t<\/div>\r\n\t\t\t\t\t\t<\/div>\r\n\t\t\t\t\t\t<div class=\"text-right\"><p>Nagy diszkr\u00e9ci\u00f3val \u00e9s profizmussal kar\u00f6ltve mutatjuk meg neked a sziget \u00e1tlag feletti \u00e9s legexkluz\u00edvabb ingatlanjait. Saj\u00e1t ig\u00e9nyeidre \u00e9s v\u00e1gyaidra f\u00f3kusz\u00e1lva minden l\u00e9p\u00e9sn\u00e9l veled lesz\u00fcnk javaslatainkkal \u00e9s asszisztenci\u00e1nkkal annak \u00e9rdek\u00e9ben, hogy val\u00f3ban a sz\u00e1modra legmegfelel\u0151bb ingatlant tal\u00e1ljuk meg egy\u00fctt.<\/p>\n<p>Ingatlanv\u00e1laszt\u00e1skor nem az azonnali j\u00f3 benyom\u00e1s el\u00e9r\u00e9se a c\u00e9lunk, hanem ink\u00e1bb a tart\u00f3s el\u00e9gedetts\u00e9get r\u00e9szes\u00edtj\u00fck el\u0151nyben. Az ingatlanszektorban szerzett t\u00f6bb mint 60 \u00e9ves tapasztalatunk megtan\u00edtott minket rengeteg dologra, \u00e9s minden sz\u00fcks\u00e9ges k\u00e9szs\u00e9ggel \u00e9s k\u00e9pess\u00e9ggel ell\u00e1tott benn\u00fcnket ahhoz, hogy m\u00e9g rejtett v\u00e1gyaid \u00e9s ig\u00e9nyeid is kiel\u00e9g\u00edts\u00fck.<\/p>\n<\/div>\r\n\t\t\t\t\t<\/div>\r\n\t\t\t\t<\/div><\/div>[\/vc_column][\/vc_row][vc_row full_width=&#8221;stretch_row&#8221; css=&#8221;.vc_custom_1490625799095{padding-top: 60px !important;padding-bottom: 60px !important;background-color: #f3f3f3 !important;}&#8221;][vc_column width=&#8221;1\/2&#8243; css=&#8221;.vc_custom_1477849107762{margin-top: 40px !important;padding-top: 40px !important;padding-bottom: px !important;}&#8221;][vc_empty_space height=&#8221;40px&#8221;]<div class=\"slz-shortcode block-title-143676172769de91e842e01 titleSmaller\">\r\n<h3 class=\"title-style-2\">SZ\u00cdVD MAGADBA A KORFUI \u00c9LET\u00c9RZ\u00c9ST<\/h3><\/div>\r\n[vc_column_text css=&#8221;.vc_custom_1617780923864{margin-bottom: 15px !important;}&#8221;]Haszn\u00e1ld ki a sziget sz\u00e1mtalan el\u0151ny\u00e9t: a z\u00f6ld t\u00e1jakat, a l\u00e1tv\u00e1nyos strandokat, a fens\u00e9ges term\u00e9szetet, a leny\u0171g\u00f6z\u0151 kil\u00e1t\u00e1st, az arany napfelkelt\u00e9ket \u00e9s a l\u00e9legzetel\u00e1ll\u00edt\u00f3 naplement\u00e9ket. Vedd fel vel\u00fcnk a kapcsolatot m\u00e9g ma, \u00e9s fektess be nemcsak ingatlanba, de legf\u0151k\u00e9ppen a saj\u00e1t boldogs\u00e1godba.[\/vc_column_text][\/vc_column][vc_column width=&#8221;1\/2&#8243; css=&#8221;.vc_custom_1463045476538{padding-top: 20px !important;}&#8221;][vc_single_image image=&#8221;5537&#8243; img_size=&#8221;large&#8221; alignment=&#8221;center&#8221; css_animation=&#8221;right-to-left&#8221; css=&#8221;.vc_custom_1501861081140{margin-bottom: 0px !important;}&#8221;][\/vc_column][\/vc_row][vc_row full_width=&#8221;stretch_row_content_no_spaces&#8221;][vc_column]\r\n\t\t<div class=\"slz-shortcode banner-sale-3 new-style \">\r\n\t\t\t<div class=\"container\">\r\n\t\t\t\t<div class=\"text-salebox\">\r\n\t\t\t\t\t<div class=\"text-left\">\r\n\t\t\t\t\t\t<div class=\"sale-box\">\r\n\t\t\t\t\t\t\t<div class=\"sale-box-top\">\r\n\t\t\t\t\t\t\t\t<h2 class=\"number\"><\/h2><span class=\"sup-1\"><\/span>\r\n\t\t\t\t\t\t\t\t<span class=\"sup-2\"><\/span>\r\n\t\t\t\t\t\t\t<\/div>\r\n\t\t\t\t\t\t\t<h2 class=\"text-sale\">INGATLANOK G\u00d6R\u00d6GORSZ\u00c1GBAN<\/h2>\r\n\t\t\t\t\t\t<\/div>\r\n\t\t\t\t\t<\/div>\r\n\t\t\t\t\t<div class=\"text-right\"><p>Szeretn\u00e9l ingatlant v\u00e1s\u00e1rolni G\u00f6r\u00f6gorsz\u00e1g valamely m\u00e1s r\u00e9sz\u00e9n? Nem akad\u00e1ly!<\/p>\n<p>K\u00e9rdezz t\u0151l\u00fcnk exkluz\u00edv ingatlanjainkr\u00f3l a J\u00f3n-szigetek m\u00e1s r\u00e9szein, a g\u00f6r\u00f6g sz\u00e1razf\u00f6ld\u00f6n vagy az \u00c9gei-tenger szigetein, \u00e9s \u00e9lj az aj\u00e1nlataink ny\u00fajtotta lehet\u0151s\u00e9gekkel.<\/p>\n<\/div>\r\n\t\t\t\t<\/div>\r\n\t\t\t<\/div>\r\n\t\t<\/div>\r\n\t[\/vc_column][\/vc_row][vc_row full_width=&#8221;stretch_row&#8221; css=&#8221;.vc_custom_1490962132019{padding-top: 35px !important;padding-bottom: 35px !important;background-color: #090c13 !important;}&#8221;][vc_column][vc_row_inner][vc_column_inner width=&#8221;2\/3&#8243;][vc_column_text]<\/p>\n<p style=\"text-align: center; color: #fff; font-size: 25px;\"><strong>We provide the best tourist services in Corfu<\/strong><\/p>\n<p>[\/vc_column_text][\/vc_column_inner][vc_column_inner width=&#8221;1\/3&#8243; css=&#8221;.vc_custom_1490961880572{margin-top: -5px !important;}&#8221;]<a href=\"https:\/\/www.corfutouristservices.gr\/hu\/contact-corfu-tourist-services\/\"   class=\"slz-shortcode btn btn-maincolor btn-maincolor-51322127569de91e843876 button-services\">Contact Us<\/a>[\/vc_column_inner][\/vc_row_inner][\/vc_column][\/vc_row]<\/p>\n","protected":false},"excerpt":{"rendered":"<p>[vc_row full_width=&#8221;stretch_row&#8221; css=&#8221;.vc_custom_1490625799095{padding-top: 60px !important;padding-bottom: 60px !important;background-color: #f3f3f3 !important;}&#8221;][vc_column width=&#8221;1\/2&#8243; css=&#8221;.vc_custom_1490706601908{margin-top: 60px !important;padding-top: 40px !important;padding-bottom: px !important;}&#8221;][vc_column_text css=&#8221;.vc_custom_1617780768137{margin-bottom: 15px !important;}&#8221;]Korfu vitathatatlan sz\u00e9ps\u00e9ge \u00e9s kultur\u00e1lis \u00f6r\u00f6ks\u00e9ge az \u00e9vek sor\u00e1n nagyon sok l\u00e1togat\u00f3t vonzott. Sokukat leny\u0171g\u00f6zte a sziget csod\u00e1s egyedis\u00e9ge, \u00e9s Korfu ir\u00e1nt kialakult vonzalmukt\u00f3l vez\u00e9relve sokan d\u00f6nt\u00f6ttek \u00fagy, hogy ingatlanokat v\u00e1s\u00e1rolnak, \u00e9s a szigetet tekintik m\u00e1sodik [&hellip;]<\/p>\n","protected":false},"author":1,"featured_media":0,"parent":25335,"menu_order":0,"comment_status":"closed","ping_status":"closed","template":"","meta":[],"_links":{"self":[{"href":"https:\/\/www.corfutouristservices.gr\/hu\/wp-json\/wp\/v2\/pages\/25279\/"}],"collection":[{"href":"https:\/\/www.corfutouristservices.gr\/hu\/wp-json\/wp\/v2\/pages\/"}],"about":[{"href":"https:\/\/www.corfutouristservices.gr\/hu\/wp-json\/wp\/v2\/types\/page\/"}],"author":[{"embeddable":true,"href":"https:\/\/www.corfutouristservices.gr\/hu\/wp-json\/wp\/v2\/users\/1\/"}],"replies":[{"embeddable":true,"href":"https:\/\/www.corfutouristservices.gr\/hu\/wp-json\/wp\/v2\/comments\/?post=25279"}],"version-history":[{"count":7,"href":"https:\/\/www.corfutouristservices.gr\/hu\/wp-json\/wp\/v2\/pages\/25279\/revisions\/"}],"predecessor-version":[{"id":25822,"href":"https:\/\/www.corfutouristservices.gr\/hu\/wp-json\/wp\/v2\/pages\/25279\/revisions\/25822\/"}],"up":[{"embeddable":true,"href":"https:\/\/www.corfutouristservices.gr\/hu\/wp-json\/wp\/v2\/pages\/25335\/"}],"wp:attachment":[{"href":"https:\/\/www.corfutouristservices.gr\/hu\/wp-json\/wp\/v2\/media\/?parent=25279"}],"curies":[{"name":"wp","href":"https:\/\/api.w.org\/{rel}","templated":true}]}}