{"id":25301,"date":"2021-04-07T11:50:58","date_gmt":"2021-04-07T08:50:58","guid":{"rendered":"https:\/\/www.corfutouristservices.gr\/activities-in-corfu-copy\/"},"modified":"2021-04-13T13:13:29","modified_gmt":"2021-04-13T10:13:29","slug":"activities-in-corfu","status":"publish","type":"page","link":"https:\/\/www.corfutouristservices.gr\/hu\/activities-in-corfu\/","title":{"rendered":"PROGRAMOK KORFUN"},"content":{"rendered":"<p>[vc_row][vc_column][\/vc_column][\/vc_row][vc_row][vc_column el_class=&#8221;slz_col-search-form&#8221;]<div class=\"tour-result-main result-body slz-shortcode \">\r\n\t<div class=\"loading\">\r\n\t\t<div class='spinner sk-spinner-wave'>\r\n\t\t\t<div class='rect1'><\/div><div class='rect2'><\/div><div class='rect3'><\/div>\r\n\t\t\t<div class='rect4'><\/div><div class='rect5'><\/div>\r\n\t\t<\/div>\r\n\t<\/div>\r\n\t<div class=\"main-right f-none tours-result-content block-91554633669f0828fc4264\">\r\n\t\t<div class=\"tours-list\">\r\n\t\t\t<div class=\"row\">\r\n\t\t\t\t<div class=\"col-md-4 col-sm-4 post-24822 slzexploore_tour\">\r\n\t\t\t\t\t<div class=\"tours-layout\">\r\n\t\t\t\t\t\t<div class=\"image-wrapper\">\r\n\t\t\t\t\t\t\t<a class=\"link\" href=\"https:\/\/www.corfutouristservices.gr\/hu\/tours\/cooking-courses-in-corfu\/\"><img width=\"400\" height=\"270\" src=\"https:\/\/www.corfutouristservices.gr\/wp-content\/uploads\/2019\/02\/ambelonas-cover-1-400x270.jpg\" class=\"img-responsive\" alt=\"ambelonas-cover\" loading=\"lazy\" srcset=\"https:\/\/www.corfutouristservices.gr\/wp-content\/uploads\/2019\/02\/ambelonas-cover-1-400x270.jpg 400w, https:\/\/www.corfutouristservices.gr\/wp-content\/uploads\/2019\/02\/ambelonas-cover-1-800x540.jpg 800w\" sizes=\"(max-width: 400px) 100vw, 400px\" \/><\/a>\r\n\t\t\t\t\t\t\t<div class=\"title-wrapper\"><a href=\"https:\/\/www.corfutouristservices.gr\/hu\/tours\/cooking-courses-in-corfu\/\" class=\"title\">F\u0150Z\u0150TANFOLYAMOK KORFUN<\/a><i class=\"icons flaticon-circle\"><\/i><\/div>\r\n\t\t\t\t\t\t\t\r\n\t\t\t\t\t\t<\/div>\r\n\t\t\t\t\t\t<div class=\"content-wrapper\">\r\n\t\t\t\t\t\t\t<ul class=\"list-info list-inline list-unstyle\"><li class=\"view\"><a href=\"https:\/\/www.corfutouristservices.gr\/hu\/tours\/cooking-courses-in-corfu\/\" class=\"link\"><i class=\"icons fa fa-eye\"><\/i><span class=\"text number\">4707<\/span><\/a><\/li><li class=\"share\"><a href=\"javascript:void(0);\" class=\"link\"><i class=\"icons fa fa-share-alt\"><\/i><\/a><ul class=\"share-social-list\"><li><a href=\"http:\/\/www.facebook.com\/sharer.php?u=https%3A%2F%2Fwww.corfutouristservices.gr%2Fhu%2Ftours%2Fcooking-courses-in-corfu%2F\" class=\"link-social\" onclick=\"window.open(this.href, 'Share Window','left=50,top=50,width=600,height=350,toolbar=0'); return false;\">\r\n\t\t\t\t\t\t\t\t\t\t\t<i class=\"icons fa fa-facebook\"><\/i><\/a><\/li><li><a href=\"https:\/\/twitter.com\/intent\/tweet?text=Cooking+Courses+in+Corfu&url=https%3A%2F%2Fwww.corfutouristservices.gr%2Fhu%2Ftours%2Fcooking-courses-in-corfu%2F&via=Corfu+Tourist+Services+%7C+Corfu+Travel+Agency\" class=\"link-social\" onclick=\"window.open(this.href, 'Share Window','left=50,top=50,width=600,height=350,toolbar=0'); return false;\">\r\n\t\t\t\t\t\t\t\t\t\t\t<i class=\"icons fa fa-twitter\"><\/i><\/a><\/li><li><a href=\"http:\/\/plus.google.com\/share?url=https%3A%2F%2Fwww.corfutouristservices.gr%2Fhu%2Ftours%2Fcooking-courses-in-corfu%2F\" class=\"link-social\" onclick=\"window.open(this.href, 'Share Window','left=50,top=50,width=600,height=350,toolbar=0'); return false;\">\r\n\t\t\t\t\t\t\t\t\t\t\t<i class=\"icons fa fa-google-plus\"><\/i><\/a><\/li><li><a href=\"whatsapp:\/\/send?text=https%3A%2F%2Fwww.corfutouristservices.gr%2Fhu%2Ftours%2Fcooking-courses-in-corfu%2F&title=Cooking Courses in Corfu\" class=\"link-social\" onclick=\"window.open(this.href, 'Share Window','left=50,top=50,width=600,height=350,toolbar=0'); return false;\">\r\n\t\t\t\t\t\t\t\t\t\t\t<i class=\"icons fa fa-digg\"><\/i><\/a><\/li><\/ul><\/li><\/ul>\r\n\t\t\t\t\t\t\t<div class=\"content\">\r\n\t\t\t\t\t\t\t\t\r\n\t\t\t\t\t\t\t\t<div class=\"text\">Az Ambelonas egy dombon tal\u00e1lhat\u00f3 gy\u00f6ny\u00f6r\u0171 sz\u0151l\u0151birtok term\u00e9szetes \u0151sn\u00f6v\u00e9nyzettel \u00e9s csod\u00e1latos panor\u00e1m\u00e1val a szigetre. Az egyedi t\u00e1j csod\u00e1j\u00e1n k\u00edv\u00fcl megismerheted a hagyom\u00e1nyos korfui borokat, az ol\u00edvaolajat, \u00e9s megk\u00f3stolhatod a helyi finoms\u00e1gokat.<\/div>\r\n\t\t\t\t\t\t\t\t<div class=\"group-btn-tours\"><a href=\"https:\/\/www.corfutouristservices.gr\/hu\/tours\/cooking-courses-in-corfu\/\" class=\"left-btn\">FOGLAL\u00c1SI ADATLAP<\/a><\/div>\r\n\t\t\t\t\t\t\t<\/div>\r\n\t\t\t\t\t\t<\/div>\r\n\t\t\t\t\t<\/div>\r\n\t\t\t\t<\/div><div class=\"col-md-4 col-sm-4 post-24810 slzexploore_tour\">\r\n\t\t\t\t\t<div class=\"tours-layout\">\r\n\t\t\t\t\t\t<div class=\"image-wrapper\">\r\n\t\t\t\t\t\t\t<a class=\"link\" href=\"https:\/\/www.corfutouristservices.gr\/hu\/tours\/golf-corfu-tourist-services\/\"><img width=\"400\" height=\"270\" src=\"https:\/\/www.corfutouristservices.gr\/wp-content\/uploads\/2017\/03\/gorf-corfu-tourist-services-featured-400x270.jpg\" class=\"img-responsive\" alt=\"golf-corfu-tourist-services\" loading=\"lazy\" srcset=\"https:\/\/www.corfutouristservices.gr\/wp-content\/uploads\/2017\/03\/gorf-corfu-tourist-services-featured-400x270.jpg 400w, https:\/\/www.corfutouristservices.gr\/wp-content\/uploads\/2017\/03\/gorf-corfu-tourist-services-featured-800x540.jpg 800w\" sizes=\"(max-width: 400px) 100vw, 400px\" \/><\/a>\r\n\t\t\t\t\t\t\t<div class=\"title-wrapper\"><a href=\"https:\/\/www.corfutouristservices.gr\/hu\/tours\/golf-corfu-tourist-services\/\" class=\"title\">GOLF KORFUN<\/a><i class=\"icons flaticon-circle\"><\/i><\/div>\r\n\t\t\t\t\t\t\t\r\n\t\t\t\t\t\t<\/div>\r\n\t\t\t\t\t\t<div class=\"content-wrapper\">\r\n\t\t\t\t\t\t\t<ul class=\"list-info list-inline list-unstyle\"><li class=\"view\"><a href=\"https:\/\/www.corfutouristservices.gr\/hu\/tours\/golf-corfu-tourist-services\/\" class=\"link\"><i class=\"icons fa fa-eye\"><\/i><span class=\"text number\">4148<\/span><\/a><\/li><li class=\"share\"><a href=\"javascript:void(0);\" class=\"link\"><i class=\"icons fa fa-share-alt\"><\/i><\/a><ul class=\"share-social-list\"><li><a href=\"http:\/\/www.facebook.com\/sharer.php?u=https%3A%2F%2Fwww.corfutouristservices.gr%2Fhu%2Ftours%2Fgolf-corfu-tourist-services%2F\" class=\"link-social\" onclick=\"window.open(this.href, 'Share Window','left=50,top=50,width=600,height=350,toolbar=0'); return false;\">\r\n\t\t\t\t\t\t\t\t\t\t\t<i class=\"icons fa fa-facebook\"><\/i><\/a><\/li><li><a href=\"https:\/\/twitter.com\/intent\/tweet?text=Golf+in+Corfu&url=https%3A%2F%2Fwww.corfutouristservices.gr%2Fhu%2Ftours%2Fgolf-corfu-tourist-services%2F&via=Corfu+Tourist+Services+%7C+Corfu+Travel+Agency\" class=\"link-social\" onclick=\"window.open(this.href, 'Share Window','left=50,top=50,width=600,height=350,toolbar=0'); return false;\">\r\n\t\t\t\t\t\t\t\t\t\t\t<i class=\"icons fa fa-twitter\"><\/i><\/a><\/li><li><a href=\"http:\/\/plus.google.com\/share?url=https%3A%2F%2Fwww.corfutouristservices.gr%2Fhu%2Ftours%2Fgolf-corfu-tourist-services%2F\" class=\"link-social\" onclick=\"window.open(this.href, 'Share Window','left=50,top=50,width=600,height=350,toolbar=0'); return false;\">\r\n\t\t\t\t\t\t\t\t\t\t\t<i class=\"icons fa fa-google-plus\"><\/i><\/a><\/li><li><a href=\"whatsapp:\/\/send?text=https%3A%2F%2Fwww.corfutouristservices.gr%2Fhu%2Ftours%2Fgolf-corfu-tourist-services%2F&title=Golf in Corfu\" class=\"link-social\" onclick=\"window.open(this.href, 'Share Window','left=50,top=50,width=600,height=350,toolbar=0'); return false;\">\r\n\t\t\t\t\t\t\t\t\t\t\t<i class=\"icons fa fa-digg\"><\/i><\/a><\/li><\/ul><\/li><\/ul>\r\n\t\t\t\t\t\t\t<div class=\"content\">\r\n\t\t\t\t\t\t\t\t\r\n\t\t\t\t\t\t\t\t<div class=\"text\">Korfu Golf Klub G\u00f6r\u00f6gorsz\u00e1g egyik legszebb priv\u00e1t golfp\u00e1ly\u00e1ja. A Korfu Golf Klub minden golfkedvel\u0151 el\u0151tt nyitva \u00e1ll, f\u00fcggetlen\u00fcl att\u00f3l, hogy kezd\u0151 vagy profi vagy-e, nemcsak az ig\u00e9nyeidet, de a v\u00e1gyaidat is kiel\u00e9g\u00edti.<\/div>\r\n\t\t\t\t\t\t\t\t<div class=\"group-btn-tours\"><a href=\"https:\/\/www.corfutouristservices.gr\/hu\/tours\/golf-corfu-tourist-services\/\" class=\"left-btn\">FOGLAL\u00c1SI ADATLAP<\/a><\/div>\r\n\t\t\t\t\t\t\t<\/div>\r\n\t\t\t\t\t\t<\/div>\r\n\t\t\t\t\t<\/div>\r\n\t\t\t\t<\/div><div class=\"col-md-4 col-sm-4 post-24778 slzexploore_tour\">\r\n\t\t\t\t\t<div class=\"tours-layout\">\r\n\t\t\t\t\t\t<div class=\"image-wrapper\">\r\n\t\t\t\t\t\t\t<a class=\"link\" href=\"https:\/\/www.corfutouristservices.gr\/hu\/tours\/seep-safari-in-corfu-corfu-travel-agency\/\"><img width=\"400\" height=\"270\" src=\"https:\/\/www.corfutouristservices.gr\/wp-content\/uploads\/2017\/03\/xadv-head-400x270.jpg\" class=\"img-responsive\" alt=\"\" loading=\"lazy\" srcset=\"https:\/\/www.corfutouristservices.gr\/wp-content\/uploads\/2017\/03\/xadv-head-400x270.jpg 400w, https:\/\/www.corfutouristservices.gr\/wp-content\/uploads\/2017\/03\/xadv-head-800x540.jpg 800w\" sizes=\"(max-width: 400px) 100vw, 400px\" \/><\/a>\r\n\t\t\t\t\t\t\t<div class=\"title-wrapper\"><a href=\"https:\/\/www.corfutouristservices.gr\/hu\/tours\/seep-safari-in-corfu-corfu-travel-agency\/\" class=\"title\">DZSIP SZAFARI KORFUN<\/a><i class=\"icons flaticon-circle\"><\/i><\/div>\r\n\t\t\t\t\t\t\t\r\n\t\t\t\t\t\t<\/div>\r\n\t\t\t\t\t\t<div class=\"content-wrapper\">\r\n\t\t\t\t\t\t\t<ul class=\"list-info list-inline list-unstyle\"><li class=\"view\"><a href=\"https:\/\/www.corfutouristservices.gr\/hu\/tours\/seep-safari-in-corfu-corfu-travel-agency\/\" class=\"link\"><i class=\"icons fa fa-eye\"><\/i><span class=\"text number\">6722<\/span><\/a><\/li><li class=\"share\"><a href=\"javascript:void(0);\" class=\"link\"><i class=\"icons fa fa-share-alt\"><\/i><\/a><ul class=\"share-social-list\"><li><a href=\"http:\/\/www.facebook.com\/sharer.php?u=https%3A%2F%2Fwww.corfutouristservices.gr%2Fhu%2Ftours%2Fseep-safari-in-corfu-corfu-travel-agency%2F\" class=\"link-social\" onclick=\"window.open(this.href, 'Share Window','left=50,top=50,width=600,height=350,toolbar=0'); return false;\">\r\n\t\t\t\t\t\t\t\t\t\t\t<i class=\"icons fa fa-facebook\"><\/i><\/a><\/li><li><a href=\"https:\/\/twitter.com\/intent\/tweet?text=Jeep+Safari+in+Corfu&url=https%3A%2F%2Fwww.corfutouristservices.gr%2Fhu%2Ftours%2Fseep-safari-in-corfu-corfu-travel-agency%2F&via=Corfu+Tourist+Services+%7C+Corfu+Travel+Agency\" class=\"link-social\" onclick=\"window.open(this.href, 'Share Window','left=50,top=50,width=600,height=350,toolbar=0'); return false;\">\r\n\t\t\t\t\t\t\t\t\t\t\t<i class=\"icons fa fa-twitter\"><\/i><\/a><\/li><li><a href=\"http:\/\/plus.google.com\/share?url=https%3A%2F%2Fwww.corfutouristservices.gr%2Fhu%2Ftours%2Fseep-safari-in-corfu-corfu-travel-agency%2F\" class=\"link-social\" onclick=\"window.open(this.href, 'Share Window','left=50,top=50,width=600,height=350,toolbar=0'); return false;\">\r\n\t\t\t\t\t\t\t\t\t\t\t<i class=\"icons fa fa-google-plus\"><\/i><\/a><\/li><li><a href=\"whatsapp:\/\/send?text=https%3A%2F%2Fwww.corfutouristservices.gr%2Fhu%2Ftours%2Fseep-safari-in-corfu-corfu-travel-agency%2F&title=Jeep Safari in Corfu\" class=\"link-social\" onclick=\"window.open(this.href, 'Share Window','left=50,top=50,width=600,height=350,toolbar=0'); return false;\">\r\n\t\t\t\t\t\t\t\t\t\t\t<i class=\"icons fa fa-digg\"><\/i><\/a><\/li><\/ul><\/li><\/ul>\r\n\t\t\t\t\t\t\t<div class=\"content\">\r\n\t\t\t\t\t\t\t\t<div class=\"title\"><div class=\"price\"><span class=\"number\">85<\/span><sup>\u20ac<\/sup> <span style=\"margin-right: 5px; color: #666982;\">\/person<\/span><\/div><p class=\"for-price\">6 hours<\/p><\/div>\r\n\t\t\t\t\t\t\t\t<div class=\"text\">Azok sz\u00e1m\u00e1ra, akikben nagyobb a kalandv\u00e1gy, k\u00fcl\u00f6nleges kir\u00e1ndul\u00e1st k\u00edn\u00e1lunk, a Jeep Safarit Korfun. V\u00e1lassz az \u201e\u00e9szaknyugati\u201d, \u201ed\u00e9li\u201d vagy a \u201enapnyugta\u201d t\u00far\u00e1ink k\u00f6z\u00fcl, \u00e9s k\u00e9sz\u00fclj fel az off-road \u00e9lm\u00e9nyre. A Land Rover-ben 6 f\u0151s csoport f\u00e9r el. <\/div>\r\n\t\t\t\t\t\t\t\t<div class=\"group-btn-tours\"><a href=\"https:\/\/www.corfutouristservices.gr\/hu\/tours\/seep-safari-in-corfu-corfu-travel-agency\/\" class=\"left-btn\">FOGLAL\u00c1SI ADATLAP<\/a><\/div>\r\n\t\t\t\t\t\t\t<\/div>\r\n\t\t\t\t\t\t<\/div>\r\n\t\t\t\t\t<\/div>\r\n\t\t\t\t<\/div><\/div><div class=\"row\"><div class=\"col-md-4 col-sm-4 post-24768 slzexploore_tour\">\r\n\t\t\t\t\t<div class=\"tours-layout\">\r\n\t\t\t\t\t\t<div class=\"image-wrapper\">\r\n\t\t\t\t\t\t\t<a class=\"link\" href=\"https:\/\/www.corfutouristservices.gr\/hu\/tours\/the-ultimate-greek-night-experience-corfu-travel-agency\/\"><img width=\"400\" height=\"270\" src=\"https:\/\/www.corfutouristservices.gr\/wp-content\/uploads\/2017\/03\/greek-night-featured-400x270.jpg\" class=\"img-responsive\" alt=\"greek-night-corfu-tourist-services\" loading=\"lazy\" srcset=\"https:\/\/www.corfutouristservices.gr\/wp-content\/uploads\/2017\/03\/greek-night-featured-400x270.jpg 400w, https:\/\/www.corfutouristservices.gr\/wp-content\/uploads\/2017\/03\/greek-night-featured-800x540.jpg 800w\" sizes=\"(max-width: 400px) 100vw, 400px\" \/><\/a>\r\n\t\t\t\t\t\t\t<div class=\"title-wrapper\"><a href=\"https:\/\/www.corfutouristservices.gr\/hu\/tours\/the-ultimate-greek-night-experience-corfu-travel-agency\/\" class=\"title\">FELEJTHETETLEN G\u00d6R\u00d6G EST KORFUN<\/a><i class=\"icons flaticon-circle\"><\/i><\/div>\r\n\t\t\t\t\t\t\t\r\n\t\t\t\t\t\t<\/div>\r\n\t\t\t\t\t\t<div class=\"content-wrapper\">\r\n\t\t\t\t\t\t\t<ul class=\"list-info list-inline list-unstyle\"><li class=\"view\"><a href=\"https:\/\/www.corfutouristservices.gr\/hu\/tours\/the-ultimate-greek-night-experience-corfu-travel-agency\/\" class=\"link\"><i class=\"icons fa fa-eye\"><\/i><span class=\"text number\">7058<\/span><\/a><\/li><li class=\"share\"><a href=\"javascript:void(0);\" class=\"link\"><i class=\"icons fa fa-share-alt\"><\/i><\/a><ul class=\"share-social-list\"><li><a href=\"http:\/\/www.facebook.com\/sharer.php?u=https%3A%2F%2Fwww.corfutouristservices.gr%2Fhu%2Ftours%2Fthe-ultimate-greek-night-experience-corfu-travel-agency%2F\" class=\"link-social\" onclick=\"window.open(this.href, 'Share Window','left=50,top=50,width=600,height=350,toolbar=0'); return false;\">\r\n\t\t\t\t\t\t\t\t\t\t\t<i class=\"icons fa fa-facebook\"><\/i><\/a><\/li><li><a href=\"https:\/\/twitter.com\/intent\/tweet?text=The+Ultimate+Greek+Night+Experience&url=https%3A%2F%2Fwww.corfutouristservices.gr%2Fhu%2Ftours%2Fthe-ultimate-greek-night-experience-corfu-travel-agency%2F&via=Corfu+Tourist+Services+%7C+Corfu+Travel+Agency\" class=\"link-social\" onclick=\"window.open(this.href, 'Share Window','left=50,top=50,width=600,height=350,toolbar=0'); return false;\">\r\n\t\t\t\t\t\t\t\t\t\t\t<i class=\"icons fa fa-twitter\"><\/i><\/a><\/li><li><a href=\"http:\/\/plus.google.com\/share?url=https%3A%2F%2Fwww.corfutouristservices.gr%2Fhu%2Ftours%2Fthe-ultimate-greek-night-experience-corfu-travel-agency%2F\" class=\"link-social\" onclick=\"window.open(this.href, 'Share Window','left=50,top=50,width=600,height=350,toolbar=0'); return false;\">\r\n\t\t\t\t\t\t\t\t\t\t\t<i class=\"icons fa fa-google-plus\"><\/i><\/a><\/li><li><a href=\"whatsapp:\/\/send?text=https%3A%2F%2Fwww.corfutouristservices.gr%2Fhu%2Ftours%2Fthe-ultimate-greek-night-experience-corfu-travel-agency%2F&title=The Ultimate Greek Night Experience\" class=\"link-social\" onclick=\"window.open(this.href, 'Share Window','left=50,top=50,width=600,height=350,toolbar=0'); return false;\">\r\n\t\t\t\t\t\t\t\t\t\t\t<i class=\"icons fa fa-digg\"><\/i><\/a><\/li><\/ul><\/li><\/ul>\r\n\t\t\t\t\t\t\t<div class=\"content\">\r\n\t\t\t\t\t\t\t\t<div class=\"title\"><div class=\"price\"><span class=\"number\">35<\/span><sup>\u20ac<\/sup> <span style=\"margin-right: 5px; color: #666982;\">\/person<\/span><\/div><p class=\"for-price\">3 hours<\/p><\/div>\r\n\t\t\t\t\t\t\t\t<div class=\"text\">Mint ahogy egyetlen g\u00f6r\u00f6gorsz\u00e1gi l\u00e1togat\u00e1s sem teljes az igazi G\u00f6r\u00f6g Est n\u00e9lk\u00fcl, \u00fagy a korfui l\u00e1togat\u00e1s sem lehet teljes a Taverna Tripa G\u00f6r\u00f6g Est\u00e9je n\u00e9lk\u00fcl.<\/div>\r\n\t\t\t\t\t\t\t\t<div class=\"group-btn-tours\"><a href=\"https:\/\/www.corfutouristservices.gr\/hu\/tours\/the-ultimate-greek-night-experience-corfu-travel-agency\/\" class=\"left-btn\">FOGLAL\u00c1SI ADATLAP<\/a><\/div>\r\n\t\t\t\t\t\t\t<\/div>\r\n\t\t\t\t\t\t<\/div>\r\n\t\t\t\t\t<\/div>\r\n\t\t\t\t<\/div><div class=\"col-md-4 col-sm-4 post-24757 slzexploore_tour\">\r\n\t\t\t\t\t<div class=\"tours-layout\">\r\n\t\t\t\t\t\t<div class=\"image-wrapper\">\r\n\t\t\t\t\t\t\t<a class=\"link\" href=\"https:\/\/www.corfutouristservices.gr\/hu\/tours\/paragliding-in-corfu\/\"><img width=\"400\" height=\"270\" src=\"https:\/\/www.corfutouristservices.gr\/wp-content\/uploads\/2018\/02\/G0013908-400x270.jpg\" class=\"img-responsive\" alt=\"paragliding-in-corfu\" loading=\"lazy\" srcset=\"https:\/\/www.corfutouristservices.gr\/wp-content\/uploads\/2018\/02\/G0013908-400x270.jpg 400w, https:\/\/www.corfutouristservices.gr\/wp-content\/uploads\/2018\/02\/G0013908-800x540.jpg 800w\" sizes=\"(max-width: 400px) 100vw, 400px\" \/><\/a>\r\n\t\t\t\t\t\t\t<div class=\"title-wrapper\"><a href=\"https:\/\/www.corfutouristservices.gr\/hu\/tours\/paragliding-in-corfu\/\" class=\"title\">SIKL\u00d3ERNY\u0150Z\u00c9S A J\u00d3N-TENGER FELETT<\/a><i class=\"icons flaticon-circle\"><\/i><\/div>\r\n\t\t\t\t\t\t\t\r\n\t\t\t\t\t\t<\/div>\r\n\t\t\t\t\t\t<div class=\"content-wrapper\">\r\n\t\t\t\t\t\t\t<ul class=\"list-info list-inline list-unstyle\"><li class=\"view\"><a href=\"https:\/\/www.corfutouristservices.gr\/hu\/tours\/paragliding-in-corfu\/\" class=\"link\"><i class=\"icons fa fa-eye\"><\/i><span class=\"text number\">5778<\/span><\/a><\/li><li class=\"share\"><a href=\"javascript:void(0);\" class=\"link\"><i class=\"icons fa fa-share-alt\"><\/i><\/a><ul class=\"share-social-list\"><li><a href=\"http:\/\/www.facebook.com\/sharer.php?u=https%3A%2F%2Fwww.corfutouristservices.gr%2Fhu%2Ftours%2Fparagliding-in-corfu%2F\" class=\"link-social\" onclick=\"window.open(this.href, 'Share Window','left=50,top=50,width=600,height=350,toolbar=0'); return false;\">\r\n\t\t\t\t\t\t\t\t\t\t\t<i class=\"icons fa fa-facebook\"><\/i><\/a><\/li><li><a href=\"https:\/\/twitter.com\/intent\/tweet?text=PARAGLIDING+IN+CORFU&url=https%3A%2F%2Fwww.corfutouristservices.gr%2Fhu%2Ftours%2Fparagliding-in-corfu%2F&via=Corfu+Tourist+Services+%7C+Corfu+Travel+Agency\" class=\"link-social\" onclick=\"window.open(this.href, 'Share Window','left=50,top=50,width=600,height=350,toolbar=0'); return false;\">\r\n\t\t\t\t\t\t\t\t\t\t\t<i class=\"icons fa fa-twitter\"><\/i><\/a><\/li><li><a href=\"http:\/\/plus.google.com\/share?url=https%3A%2F%2Fwww.corfutouristservices.gr%2Fhu%2Ftours%2Fparagliding-in-corfu%2F\" class=\"link-social\" onclick=\"window.open(this.href, 'Share Window','left=50,top=50,width=600,height=350,toolbar=0'); return false;\">\r\n\t\t\t\t\t\t\t\t\t\t\t<i class=\"icons fa fa-google-plus\"><\/i><\/a><\/li><li><a href=\"whatsapp:\/\/send?text=https%3A%2F%2Fwww.corfutouristservices.gr%2Fhu%2Ftours%2Fparagliding-in-corfu%2F&title=PARAGLIDING IN CORFU\" class=\"link-social\" onclick=\"window.open(this.href, 'Share Window','left=50,top=50,width=600,height=350,toolbar=0'); return false;\">\r\n\t\t\t\t\t\t\t\t\t\t\t<i class=\"icons fa fa-digg\"><\/i><\/a><\/li><\/ul><\/li><\/ul>\r\n\t\t\t\t\t\t\t<div class=\"content\">\r\n\t\t\t\t\t\t\t\t\r\n\t\t\t\t\t\t\t\t<div class=\"text\">Gondolkodt\u00e1l m\u00e1r azon, hogyan is n\u00e9zhet ki Korfu 360 m\u00e9teres magass\u00e1gb\u00f3l? Szereted az extr\u00e9m sportokat \u00e9s v\u00e1gysz m\u00e9g valami olyanra, amit sosem felejtesz el?<\/div>\r\n\t\t\t\t\t\t\t\t<div class=\"group-btn-tours\"><a href=\"https:\/\/www.corfutouristservices.gr\/hu\/tours\/paragliding-in-corfu\/\" class=\"left-btn\">FOGLAL\u00c1SI ADATLAP<\/a><\/div>\r\n\t\t\t\t\t\t\t<\/div>\r\n\t\t\t\t\t\t<\/div>\r\n\t\t\t\t\t<\/div>\r\n\t\t\t\t<\/div><div class=\"col-md-4 col-sm-4 post-24754 slzexploore_tour\">\r\n\t\t\t\t\t<div class=\"tours-layout\">\r\n\t\t\t\t\t\t<div class=\"image-wrapper\">\r\n\t\t\t\t\t\t\t<a class=\"link\" href=\"https:\/\/www.corfutouristservices.gr\/hu\/tours\/the-ultimate-olive-oil-experience-copy\/\"><img width=\"400\" height=\"270\" src=\"https:\/\/www.corfutouristservices.gr\/wp-content\/uploads\/2020\/06\/governor-olive-oil-experience-400x270.jpg\" class=\"img-responsive\" alt=\"olive-oil-tour-corfu\" loading=\"lazy\" srcset=\"https:\/\/www.corfutouristservices.gr\/wp-content\/uploads\/2020\/06\/governor-olive-oil-experience-400x270.jpg 400w, https:\/\/www.corfutouristservices.gr\/wp-content\/uploads\/2020\/06\/governor-olive-oil-experience-800x540.jpg 800w\" sizes=\"(max-width: 400px) 100vw, 400px\" \/><\/a>\r\n\t\t\t\t\t\t\t<div class=\"title-wrapper\"><a href=\"https:\/\/www.corfutouristservices.gr\/hu\/tours\/the-ultimate-olive-oil-experience-copy\/\" class=\"title\">AZ OL\u00cdVAFELDOLGOZ\u00c1S TITKAINAK FELFEDEZ\u00c9SE <\/a><i class=\"icons flaticon-circle\"><\/i><\/div>\r\n\t\t\t\t\t\t\t\r\n\t\t\t\t\t\t<\/div>\r\n\t\t\t\t\t\t<div class=\"content-wrapper\">\r\n\t\t\t\t\t\t\t<ul class=\"list-info list-inline list-unstyle\"><li class=\"view\"><a href=\"https:\/\/www.corfutouristservices.gr\/hu\/tours\/the-ultimate-olive-oil-experience-copy\/\" class=\"link\"><i class=\"icons fa fa-eye\"><\/i><span class=\"text number\">5102<\/span><\/a><\/li><li class=\"share\"><a href=\"javascript:void(0);\" class=\"link\"><i class=\"icons fa fa-share-alt\"><\/i><\/a><ul class=\"share-social-list\"><li><a href=\"http:\/\/www.facebook.com\/sharer.php?u=https%3A%2F%2Fwww.corfutouristservices.gr%2Fhu%2Ftours%2Fthe-ultimate-olive-oil-experience-copy%2F\" class=\"link-social\" onclick=\"window.open(this.href, 'Share Window','left=50,top=50,width=600,height=350,toolbar=0'); return false;\">\r\n\t\t\t\t\t\t\t\t\t\t\t<i class=\"icons fa fa-facebook\"><\/i><\/a><\/li><li><a href=\"https:\/\/twitter.com\/intent\/tweet?text=The+Ultimate+Olive+Oil+Experience+Copy&url=https%3A%2F%2Fwww.corfutouristservices.gr%2Fhu%2Ftours%2Fthe-ultimate-olive-oil-experience-copy%2F&via=Corfu+Tourist+Services+%7C+Corfu+Travel+Agency\" class=\"link-social\" onclick=\"window.open(this.href, 'Share Window','left=50,top=50,width=600,height=350,toolbar=0'); return false;\">\r\n\t\t\t\t\t\t\t\t\t\t\t<i class=\"icons fa fa-twitter\"><\/i><\/a><\/li><li><a href=\"http:\/\/plus.google.com\/share?url=https%3A%2F%2Fwww.corfutouristservices.gr%2Fhu%2Ftours%2Fthe-ultimate-olive-oil-experience-copy%2F\" class=\"link-social\" onclick=\"window.open(this.href, 'Share Window','left=50,top=50,width=600,height=350,toolbar=0'); return false;\">\r\n\t\t\t\t\t\t\t\t\t\t\t<i class=\"icons fa fa-google-plus\"><\/i><\/a><\/li><li><a href=\"whatsapp:\/\/send?text=https%3A%2F%2Fwww.corfutouristservices.gr%2Fhu%2Ftours%2Fthe-ultimate-olive-oil-experience-copy%2F&title=The Ultimate Olive Oil Experience Copy\" class=\"link-social\" onclick=\"window.open(this.href, 'Share Window','left=50,top=50,width=600,height=350,toolbar=0'); return false;\">\r\n\t\t\t\t\t\t\t\t\t\t\t<i class=\"icons fa fa-digg\"><\/i><\/a><\/li><\/ul><\/li><\/ul>\r\n\t\t\t\t\t\t\t<div class=\"content\">\r\n\t\t\t\t\t\t\t\t<div class=\"title\"><div class=\"price\"><span class=\"number\">45<\/span><sup>\u20ac<\/sup> <span style=\"margin-right: 5px; color: #666982;\">\/person<\/span><\/div><p class=\"for-price\">3 and a half hours<\/p><\/div>\r\n\t\t\t\t\t\t\t\t<div class=\"text\">Izgalmas kir\u00e1ndul\u00e1s, a nap v\u00e9g\u00e9re biztosan ol\u00edvaszak\u00e9rt\u0151t farag bel\u0151led a h\u00e1zigazda!\r\nGyere vel\u00fcnk Korfu sziget\u00e9nek egyik legh\u00edresebb, d\u00edjnyertes \u00e9s tradicion\u00e1lis ol\u00edva\u00fcltetv\u00e9ny\u00e9re!<\/div>\r\n\t\t\t\t\t\t\t\t<div class=\"group-btn-tours\"><a href=\"https:\/\/www.corfutouristservices.gr\/hu\/tours\/the-ultimate-olive-oil-experience-copy\/\" class=\"left-btn\">FOGLAL\u00c1SI ADATLAP<\/a><\/div>\r\n\t\t\t\t\t\t\t<\/div>\r\n\t\t\t\t\t\t<\/div>\r\n\t\t\t\t\t<\/div>\r\n\t\t\t\t<\/div>\t\t\t<\/div>\r\n\t\t<\/div>\r\n\t\t<div class=\"hide pagination-json\" data-json=\"{&quot;layout&quot;:&quot;tour&quot;,&quot;limit_post&quot;:&quot;9&quot;,&quot;author&quot;:[],&quot;offset_post&quot;:0,&quot;sort_by&quot;:&quot;&quot;,&quot;pagination&quot;:&quot;yes&quot;,&quot;tag_slug&quot;:[],&quot;location_slug&quot;:[],&quot;category_slug&quot;:[&quot;activities-hu&quot;],&quot;columns&quot;:3,&quot;paged&quot;:&quot;&quot;,&quot;cur_limit&quot;:&quot;&quot;,&quot;content_display&quot;:&quot;&quot;,&quot;bg_image&quot;:&quot;&quot;,&quot;post_in&quot;:&quot;&quot;,&quot;show_views&quot;:&quot;1&quot;,&quot;show_reviews&quot;:0,&quot;show_wishlist&quot;:0,&quot;show_share_post&quot;:&quot;1&quot;,&quot;btn_wlist_action&quot;:&quot;&quot;,&quot;extra_class&quot;:&quot;&quot;,&quot;featured_filter&quot;:&quot;&quot;,&quot;location_list&quot;:&quot;%5B%7B%7D%5D&quot;,&quot;author_list&quot;:&quot;%5B%7B%7D%5D&quot;,&quot;category_list&quot;:&quot;%5B%7B%22category_slug%22%3A%22activities-hu%22%7D%5D&quot;,&quot;tag_list&quot;:&quot;%5B%7B%7D%5D&quot;,&quot;btn_book&quot;:&quot;FOGLAL\\u00c1SI ADATLAP&quot;,&quot;btn_wlist&quot;:&quot;&quot;,&quot;btn_link&quot;:&quot;&quot;,&quot;btn_book_color&quot;:&quot;&quot;,&quot;btn_book_bg_color&quot;:&quot;#1c2f56&quot;,&quot;btn_book_hover_bg_color&quot;:&quot;&quot;,&quot;content&quot;:&quot;&quot;,&quot;location_list_parse&quot;:[[]],&quot;author_list_parse&quot;:[[]],&quot;category_list_parse&quot;:[{&quot;category_slug&quot;:&quot;activities-hu&quot;}],&quot;tag_list_parse&quot;:[[]],&quot;add_custom_css&quot;:&quot;&quot;,&quot;taxonomy_slug&quot;:[],&quot;uniq_id&quot;:&quot;block-202371144769f0828fc426d&quot;,&quot;thumb-size&quot;:{&quot;large&quot;:&quot;slzexploore-thumb-400x270&quot;,&quot;no-image&quot;:&quot;thumb-400x270.gif&quot;,&quot;small&quot;:&quot;slzexploore-thumb-400x270&quot;},&quot;responsive-class&quot;:&quot;col-md-4 col-sm-4&quot;}\"><\/div><div class=\"hide slz-pagination-base\" data-base=\"wp-json\/wp\/v2\/pages\/25301\"><\/div>\t<\/div>\r\n<\/div>\r\n[\/vc_column][\/vc_row]<\/p>\n","protected":false},"excerpt":{"rendered":"<p>[vc_row][vc_column][\/vc_column][\/vc_row][vc_row][vc_column el_class=&#8221;slz_col-search-form&#8221;][\/vc_column][\/vc_row]<\/p>\n","protected":false},"author":1,"featured_media":0,"parent":0,"menu_order":0,"comment_status":"closed","ping_status":"closed","template":"","meta":[],"_links":{"self":[{"href":"https:\/\/www.corfutouristservices.gr\/hu\/wp-json\/wp\/v2\/pages\/25301\/"}],"collection":[{"href":"https:\/\/www.corfutouristservices.gr\/hu\/wp-json\/wp\/v2\/pages\/"}],"about":[{"href":"https:\/\/www.corfutouristservices.gr\/hu\/wp-json\/wp\/v2\/types\/page\/"}],"author":[{"embeddable":true,"href":"https:\/\/www.corfutouristservices.gr\/hu\/wp-json\/wp\/v2\/users\/1\/"}],"replies":[{"embeddable":true,"href":"https:\/\/www.corfutouristservices.gr\/hu\/wp-json\/wp\/v2\/comments\/?post=25301"}],"version-history":[{"count":4,"href":"https:\/\/www.corfutouristservices.gr\/hu\/wp-json\/wp\/v2\/pages\/25301\/revisions\/"}],"predecessor-version":[{"id":25735,"href":"https:\/\/www.corfutouristservices.gr\/hu\/wp-json\/wp\/v2\/pages\/25301\/revisions\/25735\/"}],"wp:attachment":[{"href":"https:\/\/www.corfutouristservices.gr\/hu\/wp-json\/wp\/v2\/media\/?parent=25301"}],"curies":[{"name":"wp","href":"https:\/\/api.w.org\/{rel}","templated":true}]}}