{"id":25305,"date":"2021-04-07T12:04:52","date_gmt":"2021-04-07T09:04:52","guid":{"rendered":"https:\/\/www.corfutouristservices.gr\/group-excursions-in-corfu-copy\/"},"modified":"2021-04-13T14:44:52","modified_gmt":"2021-04-13T11:44:52","slug":"group-excursions-in-corfu","status":"publish","type":"page","link":"https:\/\/www.corfutouristservices.gr\/hu\/group-excursions-in-corfu\/","title":{"rendered":"CSOPORTOS KIR\u00c1NDUL\u00c1SOK"},"content":{"rendered":"<p>[vc_row][vc_column][\/vc_column][\/vc_row][vc_row][vc_column el_class=&#8221;slz_col-search-form&#8221;]<div class=\"tour-result-main result-body slz-shortcode \">\r\n\t<div class=\"loading\">\r\n\t\t<div class='spinner sk-spinner-wave'>\r\n\t\t\t<div class='rect1'><\/div><div class='rect2'><\/div><div class='rect3'><\/div>\r\n\t\t\t<div class='rect4'><\/div><div class='rect5'><\/div>\r\n\t\t<\/div>\r\n\t<\/div>\r\n\t<div class=\"main-right f-none tours-result-content block-145249220569d79129aba9d\">\r\n\t\t<div class=\"tours-list\">\r\n\t\t\t<div class=\"row\">\r\n\t\t\t\t<div class=\"col-md-4 col-sm-4 post-24938 slzexploore_tour\">\r\n\t\t\t\t\t<div class=\"tours-layout\">\r\n\t\t\t\t\t\t<div class=\"image-wrapper\">\r\n\t\t\t\t\t\t\t<a class=\"link\" href=\"https:\/\/www.corfutouristservices.gr\/hu\/tours\/corfu-grand-island-tour-corfu-tourist-services\/\"><img width=\"400\" height=\"270\" src=\"https:\/\/www.corfutouristservices.gr\/wp-content\/uploads\/2016\/10\/9f-400x270.jpg\" class=\"img-responsive\" alt=\"grand-isoand-tour-22\" loading=\"lazy\" \/><\/a>\r\n\t\t\t\t\t\t\t<div class=\"title-wrapper\"><a href=\"https:\/\/www.corfutouristservices.gr\/hu\/tours\/corfu-grand-island-tour-corfu-tourist-services\/\" class=\"title\">KORFU NAGY SZIGET T\u00daRA<\/a><i class=\"icons flaticon-circle\"><\/i><\/div>\r\n\t\t\t\t\t\t\t\r\n\t\t\t\t\t\t<\/div>\r\n\t\t\t\t\t\t<div class=\"content-wrapper\">\r\n\t\t\t\t\t\t\t<ul class=\"list-info list-inline list-unstyle\"><li class=\"view\"><a href=\"https:\/\/www.corfutouristservices.gr\/hu\/tours\/corfu-grand-island-tour-corfu-tourist-services\/\" class=\"link\"><i class=\"icons fa fa-eye\"><\/i><span class=\"text number\">6193<\/span><\/a><\/li><li class=\"share\"><a href=\"javascript:void(0);\" class=\"link\"><i class=\"icons fa fa-share-alt\"><\/i><\/a><ul class=\"share-social-list\"><li><a href=\"http:\/\/www.facebook.com\/sharer.php?u=https%3A%2F%2Fwww.corfutouristservices.gr%2Fhu%2Ftours%2Fcorfu-grand-island-tour-corfu-tourist-services%2F\" class=\"link-social\" onclick=\"window.open(this.href, 'Share Window','left=50,top=50,width=600,height=350,toolbar=0'); return false;\">\r\n\t\t\t\t\t\t\t\t\t\t\t<i class=\"icons fa fa-facebook\"><\/i><\/a><\/li><li><a href=\"https:\/\/twitter.com\/intent\/tweet?text=Corfu+Grand+Island+Tour&url=https%3A%2F%2Fwww.corfutouristservices.gr%2Fhu%2Ftours%2Fcorfu-grand-island-tour-corfu-tourist-services%2F&via=Corfu+Tourist+Services+%7C+Corfu+Travel+Agency\" class=\"link-social\" onclick=\"window.open(this.href, 'Share Window','left=50,top=50,width=600,height=350,toolbar=0'); return false;\">\r\n\t\t\t\t\t\t\t\t\t\t\t<i class=\"icons fa fa-twitter\"><\/i><\/a><\/li><li><a href=\"http:\/\/plus.google.com\/share?url=https%3A%2F%2Fwww.corfutouristservices.gr%2Fhu%2Ftours%2Fcorfu-grand-island-tour-corfu-tourist-services%2F\" class=\"link-social\" onclick=\"window.open(this.href, 'Share Window','left=50,top=50,width=600,height=350,toolbar=0'); return false;\">\r\n\t\t\t\t\t\t\t\t\t\t\t<i class=\"icons fa fa-google-plus\"><\/i><\/a><\/li><li><a href=\"whatsapp:\/\/send?text=https%3A%2F%2Fwww.corfutouristservices.gr%2Fhu%2Ftours%2Fcorfu-grand-island-tour-corfu-tourist-services%2F&title=Corfu Grand Island Tour\" class=\"link-social\" onclick=\"window.open(this.href, 'Share Window','left=50,top=50,width=600,height=350,toolbar=0'); return false;\">\r\n\t\t\t\t\t\t\t\t\t\t\t<i class=\"icons fa fa-digg\"><\/i><\/a><\/li><\/ul><\/li><\/ul>\r\n\t\t\t\t\t\t\t<div class=\"content\">\r\n\t\t\t\t\t\t\t\t\r\n\t\t\t\t\t\t\t\t<div class=\"text\">Eg\u00e9sz napos vezetett kir\u00e1ndul\u00e1s. Az els\u0151 \u00e1llom\u00e1s Achilleion, Sissy hercegn\u0151 palot\u00e1ja. Ezut\u00e1n megl\u00e1togatjuk a h\u00edres Kanoni kil\u00e1t\u00f3pontot, az Eg\u00e9r-szigetet \u00e9s a Vlacherna templomot\r\n<\/div>\r\n\t\t\t\t\t\t\t\t<div class=\"group-btn-tours\"><a href=\"https:\/\/www.corfutouristservices.gr\/hu\/tours\/corfu-grand-island-tour-corfu-tourist-services\/\" class=\"left-btn\">Foglal\u00e1si Adatlap<\/a><\/div>\r\n\t\t\t\t\t\t\t<\/div>\r\n\t\t\t\t\t\t<\/div>\r\n\t\t\t\t\t<\/div>\r\n\t\t\t\t<\/div><div class=\"col-md-4 col-sm-4 post-24924 slzexploore_tour\">\r\n\t\t\t\t\t<div class=\"tours-layout\">\r\n\t\t\t\t\t\t<div class=\"image-wrapper\">\r\n\t\t\t\t\t\t\t<a class=\"link\" href=\"https:\/\/www.corfutouristservices.gr\/hu\/tours\/albania-cruise-from-corfu-tourist-services\/\"><img width=\"400\" height=\"270\" src=\"https:\/\/www.corfutouristservices.gr\/wp-content\/uploads\/2017\/03\/Saranda-Port-Albania-2-400x270.jpg\" class=\"img-responsive\" alt=\"saranda-albania\" loading=\"lazy\" srcset=\"https:\/\/www.corfutouristservices.gr\/wp-content\/uploads\/2017\/03\/Saranda-Port-Albania-2-400x270.jpg 400w, https:\/\/www.corfutouristservices.gr\/wp-content\/uploads\/2017\/03\/Saranda-Port-Albania-2-800x540.jpg 800w\" sizes=\"(max-width: 400px) 100vw, 400px\" \/><\/a>\r\n\t\t\t\t\t\t\t<div class=\"title-wrapper\"><a href=\"https:\/\/www.corfutouristservices.gr\/hu\/tours\/albania-cruise-from-corfu-tourist-services\/\" class=\"title\">ALB\u00c1NIA HAJ\u00d3\u00daT KORFUR\u00d3L<\/a><i class=\"icons flaticon-circle\"><\/i><\/div>\r\n\t\t\t\t\t\t\t\r\n\t\t\t\t\t\t<\/div>\r\n\t\t\t\t\t\t<div class=\"content-wrapper\">\r\n\t\t\t\t\t\t\t<ul class=\"list-info list-inline list-unstyle\"><li class=\"view\"><a href=\"https:\/\/www.corfutouristservices.gr\/hu\/tours\/albania-cruise-from-corfu-tourist-services\/\" class=\"link\"><i class=\"icons fa fa-eye\"><\/i><span class=\"text number\">9921<\/span><\/a><\/li><li class=\"share\"><a href=\"javascript:void(0);\" class=\"link\"><i class=\"icons fa fa-share-alt\"><\/i><\/a><ul class=\"share-social-list\"><li><a href=\"http:\/\/www.facebook.com\/sharer.php?u=https%3A%2F%2Fwww.corfutouristservices.gr%2Fhu%2Ftours%2Falbania-cruise-from-corfu-tourist-services%2F\" class=\"link-social\" onclick=\"window.open(this.href, 'Share Window','left=50,top=50,width=600,height=350,toolbar=0'); return false;\">\r\n\t\t\t\t\t\t\t\t\t\t\t<i class=\"icons fa fa-facebook\"><\/i><\/a><\/li><li><a href=\"https:\/\/twitter.com\/intent\/tweet?text=Albania+Cruise+from+Corfu&url=https%3A%2F%2Fwww.corfutouristservices.gr%2Fhu%2Ftours%2Falbania-cruise-from-corfu-tourist-services%2F&via=Corfu+Tourist+Services+%7C+Corfu+Travel+Agency\" class=\"link-social\" onclick=\"window.open(this.href, 'Share Window','left=50,top=50,width=600,height=350,toolbar=0'); return false;\">\r\n\t\t\t\t\t\t\t\t\t\t\t<i class=\"icons fa fa-twitter\"><\/i><\/a><\/li><li><a href=\"http:\/\/plus.google.com\/share?url=https%3A%2F%2Fwww.corfutouristservices.gr%2Fhu%2Ftours%2Falbania-cruise-from-corfu-tourist-services%2F\" class=\"link-social\" onclick=\"window.open(this.href, 'Share Window','left=50,top=50,width=600,height=350,toolbar=0'); return false;\">\r\n\t\t\t\t\t\t\t\t\t\t\t<i class=\"icons fa fa-google-plus\"><\/i><\/a><\/li><li><a href=\"whatsapp:\/\/send?text=https%3A%2F%2Fwww.corfutouristservices.gr%2Fhu%2Ftours%2Falbania-cruise-from-corfu-tourist-services%2F&title=Albania Cruise from Corfu\" class=\"link-social\" onclick=\"window.open(this.href, 'Share Window','left=50,top=50,width=600,height=350,toolbar=0'); return false;\">\r\n\t\t\t\t\t\t\t\t\t\t\t<i class=\"icons fa fa-digg\"><\/i><\/a><\/li><\/ul><\/li><\/ul>\r\n\t\t\t\t\t\t\t<div class=\"content\">\r\n\t\t\t\t\t\t\t\t\r\n\t\t\t\t\t\t\t\t<div class=\"text\">Ez az egy napos k\u00f6rutaz\u00e1s ide\u00e1lis azok sz\u00e1m\u00e1ra, akik kalandosabb szellem\u0171ek, \u00e9s szeretn\u00e9k felfedezni Alb\u00e1nia leny\u0171g\u00f6z\u0151 t\u00e1jait.<\/div>\r\n\t\t\t\t\t\t\t\t<div class=\"group-btn-tours\"><a href=\"https:\/\/www.corfutouristservices.gr\/hu\/tours\/albania-cruise-from-corfu-tourist-services\/\" class=\"left-btn\">Foglal\u00e1si Adatlap<\/a><\/div>\r\n\t\t\t\t\t\t\t<\/div>\r\n\t\t\t\t\t\t<\/div>\r\n\t\t\t\t\t<\/div>\r\n\t\t\t\t<\/div><div class=\"col-md-4 col-sm-4 post-24909 slzexploore_tour\">\r\n\t\t\t\t\t<div class=\"tours-layout\">\r\n\t\t\t\t\t\t<div class=\"image-wrapper\">\r\n\t\t\t\t\t\t\t<a class=\"link\" href=\"https:\/\/www.corfutouristservices.gr\/hu\/tours\/parga-sivota-blue-lagoon-cruise-from-corfu-tourist-services\/\"><img width=\"400\" height=\"270\" src=\"https:\/\/www.corfutouristservices.gr\/wp-content\/uploads\/2017\/03\/shutterstock_1176739165-2-2-400x270.jpg\" class=\"img-responsive\" alt=\"excursion-to-parga-sivota-blue-lagoon\" loading=\"lazy\" srcset=\"https:\/\/www.corfutouristservices.gr\/wp-content\/uploads\/2017\/03\/shutterstock_1176739165-2-2-400x270.jpg 400w, https:\/\/www.corfutouristservices.gr\/wp-content\/uploads\/2017\/03\/shutterstock_1176739165-2-2-800x540.jpg 800w\" sizes=\"(max-width: 400px) 100vw, 400px\" \/><\/a>\r\n\t\t\t\t\t\t\t<div class=\"title-wrapper\"><a href=\"https:\/\/www.corfutouristservices.gr\/hu\/tours\/parga-sivota-blue-lagoon-cruise-from-corfu-tourist-services\/\" class=\"title\">PARGA - SIVOTA - BLUE LAGOON CRUISE<\/a><i class=\"icons flaticon-circle\"><\/i><\/div>\r\n\t\t\t\t\t\t\t\r\n\t\t\t\t\t\t<\/div>\r\n\t\t\t\t\t\t<div class=\"content-wrapper\">\r\n\t\t\t\t\t\t\t<ul class=\"list-info list-inline list-unstyle\"><li class=\"view\"><a href=\"https:\/\/www.corfutouristservices.gr\/hu\/tours\/parga-sivota-blue-lagoon-cruise-from-corfu-tourist-services\/\" class=\"link\"><i class=\"icons fa fa-eye\"><\/i><span class=\"text number\">8751<\/span><\/a><\/li><li class=\"share\"><a href=\"javascript:void(0);\" class=\"link\"><i class=\"icons fa fa-share-alt\"><\/i><\/a><ul class=\"share-social-list\"><li><a href=\"http:\/\/www.facebook.com\/sharer.php?u=https%3A%2F%2Fwww.corfutouristservices.gr%2Fhu%2Ftours%2Fparga-sivota-blue-lagoon-cruise-from-corfu-tourist-services%2F\" class=\"link-social\" onclick=\"window.open(this.href, 'Share Window','left=50,top=50,width=600,height=350,toolbar=0'); return false;\">\r\n\t\t\t\t\t\t\t\t\t\t\t<i class=\"icons fa fa-facebook\"><\/i><\/a><\/li><li><a href=\"https:\/\/twitter.com\/intent\/tweet?text=Parga+%E2%80%93+Sivota+%E2%80%93+Blue+Lagoon&url=https%3A%2F%2Fwww.corfutouristservices.gr%2Fhu%2Ftours%2Fparga-sivota-blue-lagoon-cruise-from-corfu-tourist-services%2F&via=Corfu+Tourist+Services+%7C+Corfu+Travel+Agency\" class=\"link-social\" onclick=\"window.open(this.href, 'Share Window','left=50,top=50,width=600,height=350,toolbar=0'); return false;\">\r\n\t\t\t\t\t\t\t\t\t\t\t<i class=\"icons fa fa-twitter\"><\/i><\/a><\/li><li><a href=\"http:\/\/plus.google.com\/share?url=https%3A%2F%2Fwww.corfutouristservices.gr%2Fhu%2Ftours%2Fparga-sivota-blue-lagoon-cruise-from-corfu-tourist-services%2F\" class=\"link-social\" onclick=\"window.open(this.href, 'Share Window','left=50,top=50,width=600,height=350,toolbar=0'); return false;\">\r\n\t\t\t\t\t\t\t\t\t\t\t<i class=\"icons fa fa-google-plus\"><\/i><\/a><\/li><li><a href=\"whatsapp:\/\/send?text=https%3A%2F%2Fwww.corfutouristservices.gr%2Fhu%2Ftours%2Fparga-sivota-blue-lagoon-cruise-from-corfu-tourist-services%2F&title=Parga &#8211; Sivota &#8211; Blue Lagoon\" class=\"link-social\" onclick=\"window.open(this.href, 'Share Window','left=50,top=50,width=600,height=350,toolbar=0'); return false;\">\r\n\t\t\t\t\t\t\t\t\t\t\t<i class=\"icons fa fa-digg\"><\/i><\/a><\/li><\/ul><\/li><\/ul>\r\n\t\t\t\t\t\t\t<div class=\"content\">\r\n\t\t\t\t\t\t\t\t\r\n\t\t\t\t\t\t\t\t<div class=\"text\">Ez a k\u00f6rutaz\u00e1s ide\u00e1lis azok sz\u00e1m\u00e1ra, akik bepillant\u00e1st szeretn\u00e9nek nyerni a g\u00f6r\u00f6g sz\u00e1razf\u00f6ld \u00e9szaknyugati partj\u00e1nak rejtelmeibe. D\u00e9l fel\u00e9, a sz\u00e1razf\u00f6lddel p\u00e1rhuzamosan haladva elhaladunk Thesprotia r\u00e9gi\u00f3 f\u0151v\u00e1rosa, Igoumenitsa, Plataria kis hal\u00e1szfaluja ment\u00e9n, majd meg\u00e9rkez\u00fcnk a Sivota-szigetekhez, ahol a haj\u00f3 bel\u00e9p Sivota l\u00e9legzetel\u00e1ll\u00edt\u00f3 barlangj\u00e1ba.<\/div>\r\n\t\t\t\t\t\t\t\t<div class=\"group-btn-tours\"><a href=\"https:\/\/www.corfutouristservices.gr\/hu\/tours\/parga-sivota-blue-lagoon-cruise-from-corfu-tourist-services\/\" class=\"left-btn\">Foglal\u00e1si Adatlap<\/a><\/div>\r\n\t\t\t\t\t\t\t<\/div>\r\n\t\t\t\t\t\t<\/div>\r\n\t\t\t\t\t<\/div>\r\n\t\t\t\t<\/div><\/div><div class=\"row\"><div class=\"col-md-4 col-sm-4 post-24894 slzexploore_tour\">\r\n\t\t\t\t\t<div class=\"tours-layout\">\r\n\t\t\t\t\t\t<div class=\"image-wrapper\">\r\n\t\t\t\t\t\t\t<a class=\"link\" href=\"https:\/\/www.corfutouristservices.gr\/hu\/tours\/paxos-antipaxos-blue-caves-cruise-from-corfu-tourist-services\/\"><img width=\"400\" height=\"270\" src=\"https:\/\/www.corfutouristservices.gr\/wp-content\/uploads\/2017\/03\/Daily-Cruises-to-Antipaxos-400x270.jpg\" class=\"img-responsive\" alt=\"paxos-antipaxos-excursion\" loading=\"lazy\" srcset=\"https:\/\/www.corfutouristservices.gr\/wp-content\/uploads\/2017\/03\/Daily-Cruises-to-Antipaxos-400x270.jpg 400w, https:\/\/www.corfutouristservices.gr\/wp-content\/uploads\/2017\/03\/Daily-Cruises-to-Antipaxos-800x540.jpg 800w\" sizes=\"(max-width: 400px) 100vw, 400px\" \/><\/a>\r\n\t\t\t\t\t\t\t<div class=\"title-wrapper\"><a href=\"https:\/\/www.corfutouristservices.gr\/hu\/tours\/paxos-antipaxos-blue-caves-cruise-from-corfu-tourist-services\/\" class=\"title\">PAXOS \u2013 ANTIPAXOS \u2013 BLUE CAVES CRUISE<\/a><i class=\"icons flaticon-circle\"><\/i><\/div>\r\n\t\t\t\t\t\t\t\r\n\t\t\t\t\t\t<\/div>\r\n\t\t\t\t\t\t<div class=\"content-wrapper\">\r\n\t\t\t\t\t\t\t<ul class=\"list-info list-inline list-unstyle\"><li class=\"view\"><a href=\"https:\/\/www.corfutouristservices.gr\/hu\/tours\/paxos-antipaxos-blue-caves-cruise-from-corfu-tourist-services\/\" class=\"link\"><i class=\"icons fa fa-eye\"><\/i><span class=\"text number\">15616<\/span><\/a><\/li><li class=\"share\"><a href=\"javascript:void(0);\" class=\"link\"><i class=\"icons fa fa-share-alt\"><\/i><\/a><ul class=\"share-social-list\"><li><a href=\"http:\/\/www.facebook.com\/sharer.php?u=https%3A%2F%2Fwww.corfutouristservices.gr%2Fhu%2Ftours%2Fpaxos-antipaxos-blue-caves-cruise-from-corfu-tourist-services%2F\" class=\"link-social\" onclick=\"window.open(this.href, 'Share Window','left=50,top=50,width=600,height=350,toolbar=0'); return false;\">\r\n\t\t\t\t\t\t\t\t\t\t\t<i class=\"icons fa fa-facebook\"><\/i><\/a><\/li><li><a href=\"https:\/\/twitter.com\/intent\/tweet?text=Paxos+%E2%80%93+Antipaxos+%E2%80%93+Blue+Caves&url=https%3A%2F%2Fwww.corfutouristservices.gr%2Fhu%2Ftours%2Fpaxos-antipaxos-blue-caves-cruise-from-corfu-tourist-services%2F&via=Corfu+Tourist+Services+%7C+Corfu+Travel+Agency\" class=\"link-social\" onclick=\"window.open(this.href, 'Share Window','left=50,top=50,width=600,height=350,toolbar=0'); return false;\">\r\n\t\t\t\t\t\t\t\t\t\t\t<i class=\"icons fa fa-twitter\"><\/i><\/a><\/li><li><a href=\"http:\/\/plus.google.com\/share?url=https%3A%2F%2Fwww.corfutouristservices.gr%2Fhu%2Ftours%2Fpaxos-antipaxos-blue-caves-cruise-from-corfu-tourist-services%2F\" class=\"link-social\" onclick=\"window.open(this.href, 'Share Window','left=50,top=50,width=600,height=350,toolbar=0'); return false;\">\r\n\t\t\t\t\t\t\t\t\t\t\t<i class=\"icons fa fa-google-plus\"><\/i><\/a><\/li><li><a href=\"whatsapp:\/\/send?text=https%3A%2F%2Fwww.corfutouristservices.gr%2Fhu%2Ftours%2Fpaxos-antipaxos-blue-caves-cruise-from-corfu-tourist-services%2F&title=Paxos &#8211; Antipaxos &#8211; Blue Caves\" class=\"link-social\" onclick=\"window.open(this.href, 'Share Window','left=50,top=50,width=600,height=350,toolbar=0'); return false;\">\r\n\t\t\t\t\t\t\t\t\t\t\t<i class=\"icons fa fa-digg\"><\/i><\/a><\/li><\/ul><\/li><\/ul>\r\n\t\t\t\t\t\t\t<div class=\"content\">\r\n\t\t\t\t\t\t\t\t\r\n\t\t\t\t\t\t\t\t<div class=\"text\">Korfu kik\u00f6t\u0151j\u00e9t elhagyva p\u00e1ratlan r\u00e1l\u00e1t\u00e1sunk van az \u00f3v\u00e1rosra, \u00e9s annak k\u00e9t velencei er\u0151dj\u00e9re. D\u00e9l fel\u00e9 haladva megpillantjuk a Kanoni-f\u00e9lsziget \u00e9s a Mon Repos-palot\u00e1t, Phillip herceg sz\u00fcl\u0151hely\u00e9t. A Korfu \u00e9s Paxos k\u00f6z\u00f6tti csatorn\u00e1hoz k\u00f6zeledve csod\u00e1latos olaj- \u00e9s ciprusf\u00e1kat l\u00e1thatunk, melyek buja z\u00f6ldje eg\u00e9sz Paxos sziget\u00e9t bor\u00edtja.<\/div>\r\n\t\t\t\t\t\t\t\t<div class=\"group-btn-tours\"><a href=\"https:\/\/www.corfutouristservices.gr\/hu\/tours\/paxos-antipaxos-blue-caves-cruise-from-corfu-tourist-services\/\" class=\"left-btn\">Foglal\u00e1si Adatlap<\/a><\/div>\r\n\t\t\t\t\t\t\t<\/div>\r\n\t\t\t\t\t\t<\/div>\r\n\t\t\t\t\t<\/div>\r\n\t\t\t\t<\/div>\t\t\t<\/div>\r\n\t\t<\/div>\r\n\t\t<div class=\"hide pagination-json\" data-json=\"{&quot;layout&quot;:&quot;tour&quot;,&quot;limit_post&quot;:&quot;9&quot;,&quot;author&quot;:[],&quot;offset_post&quot;:0,&quot;sort_by&quot;:&quot;&quot;,&quot;pagination&quot;:&quot;yes&quot;,&quot;tag_slug&quot;:[],&quot;location_slug&quot;:[],&quot;category_slug&quot;:[&quot;group-excursions-hu&quot;],&quot;columns&quot;:3,&quot;paged&quot;:&quot;&quot;,&quot;cur_limit&quot;:&quot;&quot;,&quot;content_display&quot;:&quot;&quot;,&quot;bg_image&quot;:&quot;&quot;,&quot;post_in&quot;:&quot;&quot;,&quot;show_views&quot;:&quot;1&quot;,&quot;show_reviews&quot;:0,&quot;show_wishlist&quot;:0,&quot;show_share_post&quot;:&quot;1&quot;,&quot;btn_wlist_action&quot;:&quot;&quot;,&quot;extra_class&quot;:&quot;&quot;,&quot;featured_filter&quot;:&quot;&quot;,&quot;location_list&quot;:&quot;%5B%7B%7D%5D&quot;,&quot;author_list&quot;:&quot;%5B%7B%7D%5D&quot;,&quot;category_list&quot;:&quot;%5B%7B%22category_slug%22%3A%22group-excursions-hu%22%7D%5D&quot;,&quot;tag_list&quot;:&quot;%5B%7B%7D%5D&quot;,&quot;btn_book&quot;:&quot;Foglal\\u00e1si Adatlap&quot;,&quot;btn_wlist&quot;:&quot;&quot;,&quot;btn_link&quot;:&quot;&quot;,&quot;btn_book_color&quot;:&quot;&quot;,&quot;btn_book_bg_color&quot;:&quot;#1c2f56&quot;,&quot;btn_book_hover_bg_color&quot;:&quot;&quot;,&quot;content&quot;:&quot;&quot;,&quot;location_list_parse&quot;:[[]],&quot;author_list_parse&quot;:[[]],&quot;category_list_parse&quot;:[{&quot;category_slug&quot;:&quot;group-excursions-hu&quot;}],&quot;tag_list_parse&quot;:[[]],&quot;add_custom_css&quot;:&quot;&quot;,&quot;taxonomy_slug&quot;:[],&quot;uniq_id&quot;:&quot;block-192882711069d79129abaa9&quot;,&quot;thumb-size&quot;:{&quot;large&quot;:&quot;slzexploore-thumb-400x270&quot;,&quot;no-image&quot;:&quot;thumb-400x270.gif&quot;,&quot;small&quot;:&quot;slzexploore-thumb-400x270&quot;},&quot;responsive-class&quot;:&quot;col-md-4 col-sm-4&quot;}\"><\/div><div class=\"hide slz-pagination-base\" data-base=\"wp-json\/wp\/v2\/pages\/25305\"><\/div>\t<\/div>\r\n<\/div>\r\n[\/vc_column][\/vc_row]<\/p>\n","protected":false},"excerpt":{"rendered":"<p>[vc_row][vc_column][\/vc_column][\/vc_row][vc_row][vc_column el_class=&#8221;slz_col-search-form&#8221;][\/vc_column][\/vc_row]<\/p>\n","protected":false},"author":1,"featured_media":0,"parent":0,"menu_order":0,"comment_status":"closed","ping_status":"closed","template":"","meta":[],"_links":{"self":[{"href":"https:\/\/www.corfutouristservices.gr\/hu\/wp-json\/wp\/v2\/pages\/25305\/"}],"collection":[{"href":"https:\/\/www.corfutouristservices.gr\/hu\/wp-json\/wp\/v2\/pages\/"}],"about":[{"href":"https:\/\/www.corfutouristservices.gr\/hu\/wp-json\/wp\/v2\/types\/page\/"}],"author":[{"embeddable":true,"href":"https:\/\/www.corfutouristservices.gr\/hu\/wp-json\/wp\/v2\/users\/1\/"}],"replies":[{"embeddable":true,"href":"https:\/\/www.corfutouristservices.gr\/hu\/wp-json\/wp\/v2\/comments\/?post=25305"}],"version-history":[{"count":5,"href":"https:\/\/www.corfutouristservices.gr\/hu\/wp-json\/wp\/v2\/pages\/25305\/revisions\/"}],"predecessor-version":[{"id":25751,"href":"https:\/\/www.corfutouristservices.gr\/hu\/wp-json\/wp\/v2\/pages\/25305\/revisions\/25751\/"}],"wp:attachment":[{"href":"https:\/\/www.corfutouristservices.gr\/hu\/wp-json\/wp\/v2\/media\/?parent=25305"}],"curies":[{"name":"wp","href":"https:\/\/api.w.org\/{rel}","templated":true}]}}