{"id":25307,"date":"2021-04-07T12:09:04","date_gmt":"2021-04-07T09:09:04","guid":{"rendered":"https:\/\/www.corfutouristservices.gr\/private-excursions-in-corfu-copy\/"},"modified":"2021-04-13T15:02:28","modified_gmt":"2021-04-13T12:02:28","slug":"private-excursions-in-corfu","status":"publish","type":"page","link":"https:\/\/www.corfutouristservices.gr\/hu\/private-excursions-in-corfu\/","title":{"rendered":"PRIV\u00c1T KIR\u00c1NDUL\u00c1SOK"},"content":{"rendered":"<p>[vc_row][vc_column][\/vc_column][\/vc_row][vc_row][vc_column el_class=&#8221;slz_col-search-form&#8221;]<div class=\"tour-result-main result-body slz-shortcode \">\r\n\t<div class=\"loading\">\r\n\t\t<div class='spinner sk-spinner-wave'>\r\n\t\t\t<div class='rect1'><\/div><div class='rect2'><\/div><div class='rect3'><\/div>\r\n\t\t\t<div class='rect4'><\/div><div class='rect5'><\/div>\r\n\t\t<\/div>\r\n\t<\/div>\r\n\t<div class=\"main-right f-none tours-result-content block-89317274469e5e3ecae1b0\">\r\n\t\t<div class=\"tours-list\">\r\n\t\t\t<div class=\"row\">\r\n\t\t\t\t<div class=\"col-md-4 col-sm-4 post-24974 slzexploore_tour\">\r\n\t\t\t\t\t<div class=\"tours-layout\">\r\n\t\t\t\t\t\t<div class=\"image-wrapper\">\r\n\t\t\t\t\t\t\t<a class=\"link\" href=\"https:\/\/www.corfutouristservices.gr\/hu\/tours\/bari-cruise-from-corfu\/\"><img width=\"400\" height=\"270\" src=\"https:\/\/www.corfutouristservices.gr\/wp-content\/uploads\/2017\/03\/trip-to-bari-corfu-tourist-services-featured-400x270.jpg\" class=\"img-responsive\" alt=\"trip-to-bari-corfu-tourist-services\" loading=\"lazy\" srcset=\"https:\/\/www.corfutouristservices.gr\/wp-content\/uploads\/2017\/03\/trip-to-bari-corfu-tourist-services-featured-400x270.jpg 400w, https:\/\/www.corfutouristservices.gr\/wp-content\/uploads\/2017\/03\/trip-to-bari-corfu-tourist-services-featured-800x540.jpg 800w\" sizes=\"(max-width: 400px) 100vw, 400px\" \/><\/a>\r\n\t\t\t\t\t\t\t<div class=\"title-wrapper\"><a href=\"https:\/\/www.corfutouristservices.gr\/hu\/tours\/bari-cruise-from-corfu\/\" class=\"title\">KIR\u00c1NDUL\u00c1S D\u00c9L-OLASZORSZ\u00c1GBA - BARI &amp; ALBEROBELLO FROM CORFU<\/a><i class=\"icons flaticon-circle\"><\/i><\/div>\r\n\t\t\t\t\t\t\t\r\n\t\t\t\t\t\t<\/div>\r\n\t\t\t\t\t\t<div class=\"content-wrapper\">\r\n\t\t\t\t\t\t\t<ul class=\"list-info list-inline list-unstyle\"><li class=\"view\"><a href=\"https:\/\/www.corfutouristservices.gr\/hu\/tours\/bari-cruise-from-corfu\/\" class=\"link\"><i class=\"icons fa fa-eye\"><\/i><span class=\"text number\">5592<\/span><\/a><\/li><li class=\"share\"><a href=\"javascript:void(0);\" class=\"link\"><i class=\"icons fa fa-share-alt\"><\/i><\/a><ul class=\"share-social-list\"><li><a href=\"http:\/\/www.facebook.com\/sharer.php?u=https%3A%2F%2Fwww.corfutouristservices.gr%2Fhu%2Ftours%2Fbari-cruise-from-corfu%2F\" class=\"link-social\" onclick=\"window.open(this.href, 'Share Window','left=50,top=50,width=600,height=350,toolbar=0'); return false;\">\r\n\t\t\t\t\t\t\t\t\t\t\t<i class=\"icons fa fa-facebook\"><\/i><\/a><\/li><li><a href=\"https:\/\/twitter.com\/intent\/tweet?text=Bari+Cruise+from+Corfu&url=https%3A%2F%2Fwww.corfutouristservices.gr%2Fhu%2Ftours%2Fbari-cruise-from-corfu%2F&via=Corfu+Tourist+Services+%7C+Corfu+Travel+Agency\" class=\"link-social\" onclick=\"window.open(this.href, 'Share Window','left=50,top=50,width=600,height=350,toolbar=0'); return false;\">\r\n\t\t\t\t\t\t\t\t\t\t\t<i class=\"icons fa fa-twitter\"><\/i><\/a><\/li><li><a href=\"http:\/\/plus.google.com\/share?url=https%3A%2F%2Fwww.corfutouristservices.gr%2Fhu%2Ftours%2Fbari-cruise-from-corfu%2F\" class=\"link-social\" onclick=\"window.open(this.href, 'Share Window','left=50,top=50,width=600,height=350,toolbar=0'); return false;\">\r\n\t\t\t\t\t\t\t\t\t\t\t<i class=\"icons fa fa-google-plus\"><\/i><\/a><\/li><li><a href=\"whatsapp:\/\/send?text=https%3A%2F%2Fwww.corfutouristservices.gr%2Fhu%2Ftours%2Fbari-cruise-from-corfu%2F&title=Bari Cruise from Corfu\" class=\"link-social\" onclick=\"window.open(this.href, 'Share Window','left=50,top=50,width=600,height=350,toolbar=0'); return false;\">\r\n\t\t\t\t\t\t\t\t\t\t\t<i class=\"icons fa fa-digg\"><\/i><\/a><\/li><\/ul><\/li><\/ul>\r\n\t\t\t\t\t\t\t<div class=\"content\">\r\n\t\t\t\t\t\t\t\t\r\n\t\t\t\t\t\t\t\t<div class=\"text\">Kihagyhatatlan lehet\u0151s\u00e9g Olaszorsz\u00e1g megl\u00e1togat\u00e1sa korfui nyaral\u00e1sod alatt. Bari az Adriai-tengeren tal\u00e1lhat\u00f3, \u00e9s D\u00e9l-Olaszorsz\u00e1g egyik legnagyobb v\u00e1ros\u00e1nak sz\u00e1m\u00edt.<\/div>\r\n\t\t\t\t\t\t\t\t<div class=\"group-btn-tours\"><a href=\"https:\/\/www.corfutouristservices.gr\/hu\/tours\/bari-cruise-from-corfu\/\" class=\"left-btn\">Foglal\u00e1si Adatlap<\/a><\/div>\r\n\t\t\t\t\t\t\t<\/div>\r\n\t\t\t\t\t\t<\/div>\r\n\t\t\t\t\t<\/div>\r\n\t\t\t\t<\/div><div class=\"col-md-4 col-sm-4 post-24967 slzexploore_tour\">\r\n\t\t\t\t\t<div class=\"tours-layout\">\r\n\t\t\t\t\t\t<div class=\"image-wrapper\">\r\n\t\t\t\t\t\t\t<a class=\"link\" href=\"https:\/\/www.corfutouristservices.gr\/hu\/tours\/the-durrells-pathway-private-tour-in-corfu\/\"><img width=\"400\" height=\"270\" src=\"https:\/\/www.corfutouristservices.gr\/wp-content\/uploads\/2016\/05\/cts-durrels-1-400x270.jpg\" class=\"img-responsive\" alt=\"\" loading=\"lazy\" \/><\/a>\r\n\t\t\t\t\t\t\t<div class=\"title-wrapper\"><a href=\"https:\/\/www.corfutouristservices.gr\/hu\/tours\/the-durrells-pathway-private-tour-in-corfu\/\" class=\"title\">DURRELL\u00c9K \u00daTJA \u2013 PRIV\u00c1T T\u00daRA<\/a><i class=\"icons flaticon-circle\"><\/i><\/div>\r\n\t\t\t\t\t\t\t\r\n\t\t\t\t\t\t<\/div>\r\n\t\t\t\t\t\t<div class=\"content-wrapper\">\r\n\t\t\t\t\t\t\t<ul class=\"list-info list-inline list-unstyle\"><li class=\"view\"><a href=\"https:\/\/www.corfutouristservices.gr\/hu\/tours\/the-durrells-pathway-private-tour-in-corfu\/\" class=\"link\"><i class=\"icons fa fa-eye\"><\/i><span class=\"text number\">10616<\/span><\/a><\/li><li class=\"share\"><a href=\"javascript:void(0);\" class=\"link\"><i class=\"icons fa fa-share-alt\"><\/i><\/a><ul class=\"share-social-list\"><li><a href=\"http:\/\/www.facebook.com\/sharer.php?u=https%3A%2F%2Fwww.corfutouristservices.gr%2Fhu%2Ftours%2Fthe-durrells-pathway-private-tour-in-corfu%2F\" class=\"link-social\" onclick=\"window.open(this.href, 'Share Window','left=50,top=50,width=600,height=350,toolbar=0'); return false;\">\r\n\t\t\t\t\t\t\t\t\t\t\t<i class=\"icons fa fa-facebook\"><\/i><\/a><\/li><li><a href=\"https:\/\/twitter.com\/intent\/tweet?text=The+Durrells%E2%80%99+Pathway+%E2%80%93+Private+Tour+in+Corfu&url=https%3A%2F%2Fwww.corfutouristservices.gr%2Fhu%2Ftours%2Fthe-durrells-pathway-private-tour-in-corfu%2F&via=Corfu+Tourist+Services+%7C+Corfu+Travel+Agency\" class=\"link-social\" onclick=\"window.open(this.href, 'Share Window','left=50,top=50,width=600,height=350,toolbar=0'); return false;\">\r\n\t\t\t\t\t\t\t\t\t\t\t<i class=\"icons fa fa-twitter\"><\/i><\/a><\/li><li><a href=\"http:\/\/plus.google.com\/share?url=https%3A%2F%2Fwww.corfutouristservices.gr%2Fhu%2Ftours%2Fthe-durrells-pathway-private-tour-in-corfu%2F\" class=\"link-social\" onclick=\"window.open(this.href, 'Share Window','left=50,top=50,width=600,height=350,toolbar=0'); return false;\">\r\n\t\t\t\t\t\t\t\t\t\t\t<i class=\"icons fa fa-google-plus\"><\/i><\/a><\/li><li><a href=\"whatsapp:\/\/send?text=https%3A%2F%2Fwww.corfutouristservices.gr%2Fhu%2Ftours%2Fthe-durrells-pathway-private-tour-in-corfu%2F&title=The Durrells&#8217; Pathway &#8211; Private Tour in Corfu\" class=\"link-social\" onclick=\"window.open(this.href, 'Share Window','left=50,top=50,width=600,height=350,toolbar=0'); return false;\">\r\n\t\t\t\t\t\t\t\t\t\t\t<i class=\"icons fa fa-digg\"><\/i><\/a><\/li><\/ul><\/li><\/ul>\r\n\t\t\t\t\t\t\t<div class=\"content\">\r\n\t\t\t\t\t\t\t\t\r\n\t\t\t\t\t\t\t\t<div class=\"text\">Ha rajongsz Gerald Durrell \u201eA csal\u00e1dom \u00e9s egy\u00e9b \u00e1llatfajt\u00e1k\u201d c\u00edm\u0171 k\u00f6nyv\u00e9\u00e9rt, gyere \u00e9s \u00e9ld \u00e1t a \u201eDurrell\u00e9k \u00fatja\u201d priv\u00e1t t\u00far\u00e1nkat Michael (Spiros Amerikanos) unok\u00e1j\u00e1nak k\u00eds\u00e9ret\u00e9ben.<\/div>\r\n\t\t\t\t\t\t\t\t<div class=\"group-btn-tours\"><a href=\"https:\/\/www.corfutouristservices.gr\/hu\/tours\/the-durrells-pathway-private-tour-in-corfu\/\" class=\"left-btn\">Foglal\u00e1si Adatlap<\/a><\/div>\r\n\t\t\t\t\t\t\t<\/div>\r\n\t\t\t\t\t\t<\/div>\r\n\t\t\t\t\t<\/div>\r\n\t\t\t\t<\/div><div class=\"col-md-4 col-sm-4 post-24945 slzexploore_tour\">\r\n\t\t\t\t\t<div class=\"tours-layout\">\r\n\t\t\t\t\t\t<div class=\"image-wrapper\">\r\n\t\t\t\t\t\t\t<a class=\"link\" href=\"https:\/\/www.corfutouristservices.gr\/hu\/tours\/three-days-tour-in-the-northern-ionian-sea\/\"><img width=\"400\" height=\"270\" src=\"https:\/\/www.corfutouristservices.gr\/wp-content\/uploads\/2020\/06\/Antipaxos-island-three-days-tour-400x270.jpg\" class=\"img-responsive\" alt=\"\" loading=\"lazy\" srcset=\"https:\/\/www.corfutouristservices.gr\/wp-content\/uploads\/2020\/06\/Antipaxos-island-three-days-tour-400x270.jpg 400w, https:\/\/www.corfutouristservices.gr\/wp-content\/uploads\/2020\/06\/Antipaxos-island-three-days-tour-800x540.jpg 800w\" sizes=\"(max-width: 400px) 100vw, 400px\" \/><\/a>\r\n\t\t\t\t\t\t\t<div class=\"title-wrapper\"><a href=\"https:\/\/www.corfutouristservices.gr\/hu\/tours\/three-days-tour-in-the-northern-ionian-sea\/\" class=\"title\">H\u00c1ROMNAPOS T\u00daRA A J\u00d3N-TENGER \u00c9SZAKI R\u00c9SZ\u00c9N<\/a><i class=\"icons flaticon-circle\"><\/i><\/div>\r\n\t\t\t\t\t\t\t\r\n\t\t\t\t\t\t<\/div>\r\n\t\t\t\t\t\t<div class=\"content-wrapper\">\r\n\t\t\t\t\t\t\t<ul class=\"list-info list-inline list-unstyle\"><li class=\"view\"><a href=\"https:\/\/www.corfutouristservices.gr\/hu\/tours\/three-days-tour-in-the-northern-ionian-sea\/\" class=\"link\"><i class=\"icons fa fa-eye\"><\/i><span class=\"text number\">5003<\/span><\/a><\/li><li class=\"share\"><a href=\"javascript:void(0);\" class=\"link\"><i class=\"icons fa fa-share-alt\"><\/i><\/a><ul class=\"share-social-list\"><li><a href=\"http:\/\/www.facebook.com\/sharer.php?u=https%3A%2F%2Fwww.corfutouristservices.gr%2Fhu%2Ftours%2Fthree-days-tour-in-the-northern-ionian-sea%2F\" class=\"link-social\" onclick=\"window.open(this.href, 'Share Window','left=50,top=50,width=600,height=350,toolbar=0'); return false;\">\r\n\t\t\t\t\t\t\t\t\t\t\t<i class=\"icons fa fa-facebook\"><\/i><\/a><\/li><li><a href=\"https:\/\/twitter.com\/intent\/tweet?text=Three+days+tour+in+the+northen+Ionian+sea&url=https%3A%2F%2Fwww.corfutouristservices.gr%2Fhu%2Ftours%2Fthree-days-tour-in-the-northern-ionian-sea%2F&via=Corfu+Tourist+Services+%7C+Corfu+Travel+Agency\" class=\"link-social\" onclick=\"window.open(this.href, 'Share Window','left=50,top=50,width=600,height=350,toolbar=0'); return false;\">\r\n\t\t\t\t\t\t\t\t\t\t\t<i class=\"icons fa fa-twitter\"><\/i><\/a><\/li><li><a href=\"http:\/\/plus.google.com\/share?url=https%3A%2F%2Fwww.corfutouristservices.gr%2Fhu%2Ftours%2Fthree-days-tour-in-the-northern-ionian-sea%2F\" class=\"link-social\" onclick=\"window.open(this.href, 'Share Window','left=50,top=50,width=600,height=350,toolbar=0'); return false;\">\r\n\t\t\t\t\t\t\t\t\t\t\t<i class=\"icons fa fa-google-plus\"><\/i><\/a><\/li><li><a href=\"whatsapp:\/\/send?text=https%3A%2F%2Fwww.corfutouristservices.gr%2Fhu%2Ftours%2Fthree-days-tour-in-the-northern-ionian-sea%2F&title=Three days tour in the northen Ionian sea\" class=\"link-social\" onclick=\"window.open(this.href, 'Share Window','left=50,top=50,width=600,height=350,toolbar=0'); return false;\">\r\n\t\t\t\t\t\t\t\t\t\t\t<i class=\"icons fa fa-digg\"><\/i><\/a><\/li><\/ul><\/li><\/ul>\r\n\t\t\t\t\t\t\t<div class=\"content\">\r\n\t\t\t\t\t\t\t\t<div class=\"title\"><div class=\"price\"><span class=\"number\">750<\/span><sup>\u20ac<\/sup> <span style=\"margin-right: 5px; color: #666982;\">\/person<\/span><\/div><p class=\"for-price\">3 days<\/p><\/div>\r\n\t\t\t\t\t\t\t\t<div class=\"text\">A vadonat\u00faj t\u00far\u00e1nk lehet\u0151v\u00e9 teszi, hogy megcsod\u00e1lhassuk az \u00e9szaki J\u00f3n-tenger, k\u00fcl\u00f6n\u00f6sen a Paxos \u00e9s Antipaxos szigeteit, valamint a g\u00f6r\u00f6g sz\u00e1razf\u00f6ld felfedez\u00e9s\u00e9re is van lehet\u0151s\u00e9g.<\/div>\r\n\t\t\t\t\t\t\t\t<div class=\"group-btn-tours\"><a href=\"https:\/\/www.corfutouristservices.gr\/hu\/tours\/three-days-tour-in-the-northern-ionian-sea\/\" class=\"left-btn\">Foglal\u00e1si Adatlap<\/a><\/div>\r\n\t\t\t\t\t\t\t<\/div>\r\n\t\t\t\t\t\t<\/div>\r\n\t\t\t\t\t<\/div>\r\n\t\t\t\t<\/div>\t\t\t<\/div>\r\n\t\t<\/div>\r\n\t\t<div class=\"hide pagination-json\" data-json=\"{&quot;layout&quot;:&quot;tour&quot;,&quot;limit_post&quot;:&quot;9&quot;,&quot;author&quot;:[],&quot;offset_post&quot;:0,&quot;sort_by&quot;:&quot;&quot;,&quot;pagination&quot;:&quot;yes&quot;,&quot;tag_slug&quot;:[],&quot;location_slug&quot;:[],&quot;category_slug&quot;:[&quot;private-excursions-hu&quot;],&quot;columns&quot;:3,&quot;paged&quot;:&quot;&quot;,&quot;cur_limit&quot;:&quot;&quot;,&quot;content_display&quot;:&quot;&quot;,&quot;bg_image&quot;:&quot;&quot;,&quot;post_in&quot;:&quot;&quot;,&quot;show_views&quot;:&quot;1&quot;,&quot;show_reviews&quot;:0,&quot;show_wishlist&quot;:0,&quot;show_share_post&quot;:&quot;1&quot;,&quot;btn_wlist_action&quot;:&quot;&quot;,&quot;extra_class&quot;:&quot;&quot;,&quot;featured_filter&quot;:&quot;&quot;,&quot;location_list&quot;:&quot;%5B%7B%7D%5D&quot;,&quot;author_list&quot;:&quot;%5B%7B%7D%5D&quot;,&quot;category_list&quot;:&quot;%5B%7B%22category_slug%22%3A%22private-excursions-hu%22%7D%5D&quot;,&quot;tag_list&quot;:&quot;%5B%7B%7D%5D&quot;,&quot;btn_book&quot;:&quot;Foglal\\u00e1si Adatlap&quot;,&quot;btn_wlist&quot;:&quot;&quot;,&quot;btn_link&quot;:&quot;&quot;,&quot;btn_book_color&quot;:&quot;&quot;,&quot;btn_book_bg_color&quot;:&quot;#1c2f56&quot;,&quot;btn_book_hover_bg_color&quot;:&quot;&quot;,&quot;content&quot;:&quot;&quot;,&quot;location_list_parse&quot;:[[]],&quot;author_list_parse&quot;:[[]],&quot;category_list_parse&quot;:[{&quot;category_slug&quot;:&quot;private-excursions-hu&quot;}],&quot;tag_list_parse&quot;:[[]],&quot;add_custom_css&quot;:&quot;&quot;,&quot;taxonomy_slug&quot;:[],&quot;uniq_id&quot;:&quot;block-189693152769e5e3ecae1bb&quot;,&quot;thumb-size&quot;:{&quot;large&quot;:&quot;slzexploore-thumb-400x270&quot;,&quot;no-image&quot;:&quot;thumb-400x270.gif&quot;,&quot;small&quot;:&quot;slzexploore-thumb-400x270&quot;},&quot;responsive-class&quot;:&quot;col-md-4 col-sm-4&quot;}\"><\/div><div class=\"hide slz-pagination-base\" data-base=\"wp-json\/wp\/v2\/pages\/25307\"><\/div>\t<\/div>\r\n<\/div>\r\n[\/vc_column][\/vc_row]<\/p>\n","protected":false},"excerpt":{"rendered":"<p>[vc_row][vc_column][\/vc_column][\/vc_row][vc_row][vc_column el_class=&#8221;slz_col-search-form&#8221;][\/vc_column][\/vc_row]<\/p>\n","protected":false},"author":1,"featured_media":0,"parent":0,"menu_order":0,"comment_status":"closed","ping_status":"closed","template":"","meta":[],"_links":{"self":[{"href":"https:\/\/www.corfutouristservices.gr\/hu\/wp-json\/wp\/v2\/pages\/25307\/"}],"collection":[{"href":"https:\/\/www.corfutouristservices.gr\/hu\/wp-json\/wp\/v2\/pages\/"}],"about":[{"href":"https:\/\/www.corfutouristservices.gr\/hu\/wp-json\/wp\/v2\/types\/page\/"}],"author":[{"embeddable":true,"href":"https:\/\/www.corfutouristservices.gr\/hu\/wp-json\/wp\/v2\/users\/1\/"}],"replies":[{"embeddable":true,"href":"https:\/\/www.corfutouristservices.gr\/hu\/wp-json\/wp\/v2\/comments\/?post=25307"}],"version-history":[{"count":4,"href":"https:\/\/www.corfutouristservices.gr\/hu\/wp-json\/wp\/v2\/pages\/25307\/revisions\/"}],"predecessor-version":[{"id":25758,"href":"https:\/\/www.corfutouristservices.gr\/hu\/wp-json\/wp\/v2\/pages\/25307\/revisions\/25758\/"}],"wp:attachment":[{"href":"https:\/\/www.corfutouristservices.gr\/hu\/wp-json\/wp\/v2\/media\/?parent=25307"}],"curies":[{"name":"wp","href":"https:\/\/api.w.org\/{rel}","templated":true}]}}