{"id":25335,"date":"2021-04-08T10:09:32","date_gmt":"2021-04-08T07:09:32","guid":{"rendered":"https:\/\/www.corfutouristservices.gr\/services-copy\/"},"modified":"2021-04-13T12:59:34","modified_gmt":"2021-04-13T09:59:34","slug":"services","status":"publish","type":"page","link":"https:\/\/www.corfutouristservices.gr\/hu\/services\/","title":{"rendered":"CTS Services"},"content":{"rendered":"<p>[vc_row css=&#8221;.vc_custom_1477849013302{padding-top: 60px !important;padding-bottom: 80px !important;}&#8221;][vc_column width=&#8221;1\/2&#8243; css=&#8221;.vc_custom_1490631883908{padding-top: 20px !important;}&#8221;][vc_single_image image=&#8221;2988&#8243; img_size=&#8221;large&#8221; alignment=&#8221;center&#8221; css_animation=&#8221;right-to-left&#8221; css=&#8221;.vc_custom_1490631400813{margin-bottom: 0px !important;}&#8221;][\/vc_column][vc_column width=&#8221;1\/2&#8243; css=&#8221;.vc_custom_1490631870388{margin-top: 55px !important;padding-top: 40px !important;}&#8221;]<div class=\"slz-shortcode block-title-174003073369de8df703d42 \">\r\n<h3 class=\"title-style-2\">AKTIV TURIZMUS<\/h3><\/div>\r\n[vc_column_text css=&#8221;.vc_custom_1490625193617{margin-bottom: 15px !important;}&#8221;]Corfu Island has a variety of activities to offer, tailored to different ages and tastes. The youth tourism category is dedicated to young people who want to make their vacations in Corfu an unforgettable experience.<\/p>\n<p>From paragliding to surfing and mountain bike, this category aims to provide information on different kinds of adventures for extreme sports lovers, from amateurs to professionals.[\/vc_column_text]<a href=\"https:\/\/www.corfutouristservices.gr\/hu\/services\/youth-tourism-in-corfu\/\"   class=\"slz-shortcode btn btn-maincolor btn-maincolor-4286644569de8df7046c9 \">Tudj meg t\u00f6bbet<\/a>[\/vc_column][\/vc_row][vc_row full_width=&#8221;stretch_row&#8221; css=&#8221;.vc_custom_1490631922190{padding-top: 60px !important;padding-bottom: 80px !important;background-color: #f3f3f3 !important;}&#8221;][vc_column width=&#8221;1\/2&#8243; css=&#8221;.vc_custom_1490632524298{margin-top: 30px !important;padding-top: 40px !important;padding-bottom: px !important;}&#8221;]<div class=\"slz-shortcode block-title-90136685369de8df704a90 \">\r\n<h3 class=\"title-style-2\">SPA, WELLNESS &amp; SZ\u00c9PS\u00c9G <\/h3><\/div>\r\n[vc_column_text css=&#8221;.vc_custom_1617866868796{margin-bottom: 15px !important;}&#8221;]Semmi sem z\u00e1rhatja st\u00edlusosabban a ny\u00e1ri vak\u00e1ci\u00f3t, mint egy teljes testmassz\u00e1zs a saj\u00e1t sz\u00e1ll\u00e1sod k\u00e9nyelm\u00e9ben. Vedd fel vel\u00fcnk a kapcsolatot, \u00e9s hagyd, hogy szakembereink gondoskodjanak tested \u00e9s elm\u00e9d eg\u00e9szs\u00e9g\u00e9r\u0151l. V\u00e1lassz a k\u00f6vetkez\u0151 t\u00edpus\u00fa massz\u00e1zsok k\u00f6z\u00fcl:[\/vc_column_text][vc_row_inner css=&#8221;.vc_custom_1490632512361{padding-bottom: 5px !important;}&#8221;][vc_column_inner width=&#8221;1\/2&#8243;]<div class=\"slz-shortcode group-list \"><ul class=\"list-unstyled about-us-list\"><li><p class=\"text\">Sv\u00e9d massz\u00e1zs<\/p><\/li><li><p class=\"text\">Gy\u00f3gymassz\u00e1zs<\/p><\/li><li><p class=\"text\">Antistressz massz\u00e1zs<\/p><\/li><\/ul><\/div>[\/vc_column_inner][vc_column_inner width=&#8221;1\/2&#8243;]<div class=\"slz-shortcode group-list \"><ul class=\"list-unstyled about-us-list\"><li><p class=\"text\">M\u00e9lysz\u00f6vetes massz\u00e1zs<\/p><\/li><li><p class=\"text\">P\u00e1ros massz\u00e1zs<\/p><\/li><li><p class=\"text\">N\u00e9gykezes massz\u00e1zs<\/p><\/li><\/ul><\/div>[\/vc_column_inner][\/vc_row_inner]<a href=\"https:\/\/www.corfutouristservices.gr\/hu\/services\/spa-wellness-and-beauty-in-corfu\/\"   class=\"slz-shortcode btn btn-maincolor btn-maincolor-27225351369de8df705438 \">Tudj meg t\u00f6bbet<\/a>[\/vc_column][vc_column width=&#8221;1\/2&#8243; css=&#8221;.vc_custom_1463045476538{padding-top: 20px !important;}&#8221;][vc_single_image image=&#8221;2998&#8243; img_size=&#8221;large&#8221; alignment=&#8221;center&#8221; css_animation=&#8221;right-to-left&#8221; css=&#8221;.vc_custom_1490632659121{margin-bottom: 0px !important;}&#8221;][\/vc_column][\/vc_row][vc_row full_width=&#8221;stretch_row_content_no_spaces&#8221; el_class=&#8221;slz-bg_parallax&#8221;][vc_column css=&#8221;.vc_custom_1463036613861{padding-top: 0px !important;}&#8221;]<div class=\"slz-shortcode banner-sale-2 title-1-smaller\">\r\n\t\t\t\t<div class=\"banner-left\">\r\n\t\t\t\t\t<div class=\"title-box text-parallax\">\r\n\t\t\t\t\t\t<h2 class=\"title-overlay title-1\">\r\n\t\t\t\t\t\t\t<span class=\"text\">VALL\u00c1STURIZMUS<\/span>\r\n\t\t\t\t\t\t<\/h2>\r\n\t\t\t\t\t<\/div>\r\n\t\t\t\t<\/div>\r\n\t\t\r\n\t\t\t\t<div class=\"banner-right\">\r\n\t\t\t\t\t<div class=\"text-salebox\">\r\n\t\t\t\t\t\t<div class=\"text-left\">\r\n\t\t\t\t\t\t\t<div class=\"sale-box\">\r\n\t\t\t\t\t\t\t\t<div class=\"sale-box-top\">\r\n\t\t\t\t\t\t\t\t\t<h2 class=\"number\"><\/h2><span class=\"sup-1\"><\/span>\r\n\t\t\t\t\t\t\t\t\t<span class=\"sup-2\"><\/span>\r\n\t\t\t\t\t\t\t\t<\/div>\r\n\t\t\t\t\t\t\t\t<h2 class=\"text-sale\"><\/h2>\r\n\t\t\t\t\t\t\t<\/div>\r\n\t\t\t\t\t\t<\/div>\r\n\t\t\t\t\t\t<div class=\"text-right\"><p>Az eg\u00e9sz vil\u00e1got leny\u0171g\u00f6zte az \u00f3kori g\u00f6r\u00f6g\u00f6k m\u00e1ig is er\u0151s hite a tizenk\u00e9t ol\u00fcmposzi istenben, m\u00e1s n\u00e9ven a Dodekatheon-ban. R\u00e1ad\u00e1sul a g\u00f6r\u00f6g\u00f6k a modern t\u00e1rsadalomban is arr\u00f3l h\u00edresek, hogy m\u00e9lyen h\u00edv\u0151 emberek \u00e9s h\u0171ek az ortodox vall\u00e1shoz.<\/p>\n<p>A vall\u00e1s t\u00f6rt\u00e9nete szerint Szent P\u00e1l apostol Kr. u. 49-ben \u00e9rkezett G\u00f6r\u00f6gorsz\u00e1gba, \u00e9s els\u0151k\u00e9nt t\u00e9r\u00edtette \u00e1t az embereket a kereszt\u00e9nys\u00e9gre. \u00c1m a kereszt\u00e9nys\u00e9g nem v\u00e1lt elterjedtt\u00e9 addig, am\u00edg Nagy Konstantin a Biz\u00e1nci Birodalom hivatalos vall\u00e1s\u00e1v\u00e1 nem tette a kereszt\u00e9nys\u00e9get. Ez a d\u00f6nt\u00e9s kritikus pont volt az \u00f3kereszt\u00e9nys\u00e9g t\u00f6rt\u00e9net\u00e9ben.<\/p>\n<div class=\"group-button\"><a href=\"https:\/\/www.corfutouristservices.gr\/hu\/services\/rerigious-tourism-corfu-travel-agency\/\" class=\"btn btn-maincolor btn-maincolor1-81231542169de8df70575f\">Tudj meg t\u00f6bbet<\/a><\/div><\/div>\r\n\t\t\t\t\t<\/div>\r\n\t\t\t\t<\/div><\/div>[\/vc_column][\/vc_row][vc_row full_width=&#8221;stretch_row&#8221; css=&#8221;.vc_custom_1477848857943{padding-top: 60px !important;padding-bottom: 60px !important;}&#8221;][vc_column width=&#8221;1\/2&#8243; css=&#8221;.vc_custom_1463045486032{padding-top: 40px !important;padding-bottom: px !important;}&#8221;][vc_single_image image=&#8221;1903&#8243; img_size=&#8221;large&#8221; alignment=&#8221;center&#8221; css_animation=&#8221;left-to-right&#8221; css=&#8221;.vc_custom_1477848400668{margin-bottom: 0px !important;}&#8221;][\/vc_column][vc_column width=&#8221;1\/2&#8243; css=&#8221;.vc_custom_1490628909234{margin-top: 55px !important;padding-top: 20px !important;}&#8221;]<div class=\"slz-shortcode block-title-53617411869de8df705f67 titleSmaller\">\r\n<h3 class=\"title-style-2\">K\u00dcL\u00d6NLEGES ESEM\u00c9NYEK KORFUN<\/h3><\/div>\r\n[vc_column_text css=&#8221;.vc_custom_1617868612118{margin-bottom: 15px !important;}&#8221;]Korfu az ide\u00e1lis helysz\u00edn k\u00fcl\u00f6nleges esem\u00e9nyek lebonyolit\u00e1s\u00e1hoz. A sziget arisztokratikus szellemis\u00e9g\u00e9nek, gazdag kult\u00far\u00e1j\u00e1nak, mesesz\u00e9p t\u00e1jainak \u00e9s gy\u00f6ny\u00f6r\u0171 helysz\u00edneinek k\u00f6sz\u00f6nhet\u0151en \u00e9vente t\u00f6bb ezer embert var\u00e1zsol el, \u00e9s t\u00f6bb sz\u00e1z embert buzd\u00edt arra, hogy a szigeten tett l\u00e1togat\u00e1s\u00e1t m\u00e9g eml\u00e9kezetesebb\u00e9 tegye valamilyen k\u00fcl\u00f6nleges esem\u00e9nnyel kieg\u00e9sz\u00edtve.<\/p>\n<p>PR csapatunk rendelkez\u00e9sedre \u00e1ll, hogy seg\u00edtsen b\u00e1rmilyen sz\u00e1modra fontos esem\u00e9ny hat\u00e9kony \u00e9s eredm\u00e9nyes megtervez\u00e9s\u00e9ben \u00e9s lebonyol\u00edt\u00e1s\u00e1ban. \u00d6r\u00f6mmel seg\u00edt\u00fcnk megszervezni az esk\u00fcv\u0151d, h\u00e1zass\u00e1gi vagy egy\u00e9b \u00e9vfordul\u00f3d, keresztel\u0151d, n\u00e9vnapi vagy sz\u00fclet\u00e9snapi partid, vagy egyszer\u0171en csak egy k\u00fcl\u00f6nleges \u00e9jszak\u00e1dat egy k\u00e9nyelmes sz\u00e1ll\u00e1son.[\/vc_column_text]<a href=\"https:\/\/www.corfutouristservices.gr\/hu\/special-events-corfu-tourist-services\/\"   class=\"slz-shortcode btn btn-maincolor btn-maincolor-156111500869de8df706290 \">Tudj meg t\u00f6bbet<\/a>[\/vc_column][\/vc_row][vc_row full_width=&#8221;stretch_row&#8221; css=&#8221;.vc_custom_1490625799095{padding-top: 60px !important;padding-bottom: 60px !important;background-color: #f3f3f3 !important;}&#8221;][vc_column width=&#8221;1\/2&#8243; css=&#8221;.vc_custom_1477849107762{margin-top: 40px !important;padding-top: 40px !important;padding-bottom: px !important;}&#8221;][vc_empty_space height=&#8221;20px&#8221;]<div class=\"slz-shortcode block-title-3472829169de8df7065c4 \">\r\n<h3 class=\"title-style-2\">VIP SZOLG\u00c1LTAT\u00c1SOK <\/h3><\/div>\r\n[vc_column_text css=&#8221;.vc_custom_1617868763933{margin-bottom: 15px !important;}&#8221;]VIP \u00fcgyfeleink sz\u00e1m\u00e1ra nem k\u00edn\u00e1lunk m\u00e1st, csakis a legjobb VIP szolg\u00e1ltat\u00e1sokat. Mindig az egyedi \u00edzl\u00e9snek \u00e9s ig\u00e9nyeknek megfelel\u0151en \u00e1llunk rendelkez\u00e9sre, hogy seg\u00edts\u00fcnk v\u00e1logatni a sz\u00e1ll\u00e1slehet\u0151s\u00e9gek k\u00f6z\u00f6tt \u00fagy, hogy G\u00f6r\u00f6gorsz\u00e1g legszebb mag\u00e1nvill\u00e1it k\u00edn\u00e1ljuk fel.<\/p>\n<p>A sz\u00e1ll\u00e1ssal kapcsolatos rengeteg lehet\u0151s\u00e9g mellett luxusaut\u00f3k sz\u00e9les v\u00e1laszt\u00e9k\u00e1t k\u00edn\u00e1ljuk sof\u0151rrel egy\u00fctt annak \u00e9rdek\u00e9ben, hogy a szigeten t\u00f6rt\u00e9n\u0151 k\u00f6zleked\u00e9s a legk\u00e9nyelmesebb \u00e9s legkellemesebb \u00e9lm\u00e9ny legyen.<br \/>\n[\/vc_column_text]<a href=\"https:\/\/www.corfutouristservices.gr\/hu\/services\/vip-services-corfu-tourist-services\/\"   class=\"slz-shortcode btn btn-maincolor btn-maincolor-13218412269de8df7068be \">Tudj meg t\u00f6bbet<\/a>[\/vc_column][vc_column width=&#8221;1\/2&#8243; css=&#8221;.vc_custom_1463045476538{padding-top: 20px !important;}&#8221;][vc_single_image image=&#8221;3015&#8243; img_size=&#8221;large&#8221; alignment=&#8221;center&#8221; css_animation=&#8221;right-to-left&#8221; css=&#8221;.vc_custom_1490635039889{margin-bottom: 0px !important;}&#8221;][\/vc_column][\/vc_row][vc_row full_width=&#8221;stretch_row_content_no_spaces&#8221;][vc_column]\r\n\t\t<div class=\"slz-shortcode banner-sale-3 new-style \">\r\n\t\t\t<div class=\"container\">\r\n\t\t\t\t<div class=\"text-salebox\">\r\n\t\t\t\t\t<div class=\"text-left\">\r\n\t\t\t\t\t\t<div class=\"sale-box\">\r\n\t\t\t\t\t\t\t<div class=\"sale-box-top\">\r\n\t\t\t\t\t\t\t\t<h2 class=\"number\"><\/h2><span class=\"sup-1\"><\/span>\r\n\t\t\t\t\t\t\t\t<span class=\"sup-2\"><\/span>\r\n\t\t\t\t\t\t\t<\/div>\r\n\t\t\t\t\t\t\t<h2 class=\"text-sale\">KORFUI INGATLANOK<\/h2>\r\n\t\t\t\t\t\t<\/div>\r\n\t\t\t\t\t<\/div>\r\n\t\t\t\t\t<div class=\"text-right\"><p>Korfu vitathatatlan sz\u00e9ps\u00e9ge \u00e9s kultur\u00e1lis \u00f6r\u00f6ks\u00e9ge az \u00e9vek sor\u00e1n nagyon sok l\u00e1togat\u00f3t vonzott. Sokukat leny\u0171g\u00f6zte a sziget csod\u00e1s egyedis\u00e9ge, \u00e9s Korfu ir\u00e1nt kialakult vonzalmukt\u00f3l vez\u00e9relve sokan d\u00f6nt\u00f6ttek \u00fagy, hogy ingatlanokat v\u00e1s\u00e1rolnak, \u00e9s a szigetet tekintik m\u00e1sodik otthonuknak.<\/p>\n<p>Ak\u00e1r \u00fczleti befektet\u00e9sre, ak\u00e1r egy saj\u00e1t f\u00f6lddarab megszerz\u00e9s\u00e9re, ak\u00e1r \u00e1lmaid h\u00e1z\u00e1nak megv\u00e1s\u00e1rl\u00e1s\u00e1ra v\u00e1gysz, ingatlanszak\u00e9rt\u0151i csoportunk a rendelkez\u00e9sedre \u00e1ll.<\/p>\n<div class=\"group-button\"><a href=\"https:\/\/www.corfutouristservices.gr\/hu\/services\/real-estate-in-corfu\/\" class=\"btn btn-maincolor btn-maincolor1-2929982769de8df706c03\">Tudj meg t\u00f6bbet<\/a><\/div><\/div>\r\n\t\t\t\t<\/div>\r\n\t\t\t<\/div>\r\n\t\t<\/div>\r\n\t[\/vc_column][\/vc_row][vc_row full_width=&#8221;stretch_row&#8221; css=&#8221;.vc_custom_1490960667664{padding-top: 35px !important;padding-bottom: 35px !important;background-color: #090c13 !important;}&#8221;][vc_column][vc_row_inner][vc_column_inner width=&#8221;2\/3&#8243;][vc_column_text]<\/p>\n<p style=\"text-align: center; color: #fff; font-size: 25px;\"><strong>We provide the best tourist services in Corfu<\/strong><\/p>\n<p>[\/vc_column_text][\/vc_column_inner][vc_column_inner width=&#8221;1\/3&#8243; css=&#8221;.vc_custom_1490960917528{margin-top: -5px !important;}&#8221;]<a href=\"http:\/\/www.corfutouristservices.gr\/contact-corfu-tourist-services\/\"   class=\"slz-shortcode btn btn-maincolor btn-maincolor-68210854169de8df707344 \">Contact Us<\/a>[\/vc_column_inner][\/vc_row_inner][\/vc_column][\/vc_row]<\/p>\n","protected":false},"excerpt":{"rendered":"<p>[vc_row css=&#8221;.vc_custom_1477849013302{padding-top: 60px !important;padding-bottom: 80px !important;}&#8221;][vc_column width=&#8221;1\/2&#8243; css=&#8221;.vc_custom_1490631883908{padding-top: 20px !important;}&#8221;][vc_single_image image=&#8221;2988&#8243; img_size=&#8221;large&#8221; alignment=&#8221;center&#8221; css_animation=&#8221;right-to-left&#8221; css=&#8221;.vc_custom_1490631400813{margin-bottom: 0px !important;}&#8221;][\/vc_column][vc_column width=&#8221;1\/2&#8243; css=&#8221;.vc_custom_1490631870388{margin-top: 55px !important;padding-top: 40px !important;}&#8221;][vc_column_text css=&#8221;.vc_custom_1490625193617{margin-bottom: 15px !important;}&#8221;]Corfu Island has a variety of activities to offer, tailored to different ages and tastes. The youth tourism category is dedicated to young people who want to make their vacations [&hellip;]<\/p>\n","protected":false},"author":1,"featured_media":0,"parent":0,"menu_order":0,"comment_status":"closed","ping_status":"closed","template":"","meta":[],"_links":{"self":[{"href":"https:\/\/www.corfutouristservices.gr\/hu\/wp-json\/wp\/v2\/pages\/25335\/"}],"collection":[{"href":"https:\/\/www.corfutouristservices.gr\/hu\/wp-json\/wp\/v2\/pages\/"}],"about":[{"href":"https:\/\/www.corfutouristservices.gr\/hu\/wp-json\/wp\/v2\/types\/page\/"}],"author":[{"embeddable":true,"href":"https:\/\/www.corfutouristservices.gr\/hu\/wp-json\/wp\/v2\/users\/1\/"}],"replies":[{"embeddable":true,"href":"https:\/\/www.corfutouristservices.gr\/hu\/wp-json\/wp\/v2\/comments\/?post=25335"}],"version-history":[{"count":12,"href":"https:\/\/www.corfutouristservices.gr\/hu\/wp-json\/wp\/v2\/pages\/25335\/revisions\/"}],"predecessor-version":[{"id":25732,"href":"https:\/\/www.corfutouristservices.gr\/hu\/wp-json\/wp\/v2\/pages\/25335\/revisions\/25732\/"}],"wp:attachment":[{"href":"https:\/\/www.corfutouristservices.gr\/hu\/wp-json\/wp\/v2\/media\/?parent=25335"}],"curies":[{"name":"wp","href":"https:\/\/api.w.org\/{rel}","templated":true}]}}